{"id":166,"date":"2023-12-07T20:46:44","date_gmt":"2023-12-07T20:46:44","guid":{"rendered":"http:\/\/192.168.15.239\/?page_id=166"},"modified":"2023-12-07T20:47:11","modified_gmt":"2023-12-07T20:47:11","slug":"area-de-ordenamiento-ordenamiento","status":"publish","type":"page","link":"https:\/\/ordenamientoecologico.oaxaca.gob.mx\/?page_id=166","title":{"rendered":"\u00c1rea de ordenamiento"},"content":{"rendered":"\n<p>El \u00e1rea en que se centra el Programa de Ordenamiento Ecol\u00f3gico Regional del Territorio del Estado de Oaxaca (POERTEO) es en el territorio del estado de Oaxaca, el cual tiene una extensi\u00f3n de 93,757 Km<sup>2<\/sup>&nbsp;y est\u00e1 distribuida administrativamente en ocho regiones: Costa, Ca\u00f1ada, Sierra Sur, Sierra Norte,&nbsp;Papaloapan, Istmo, Mixteca y Valles Centrales. Las regiones son la muestra de la gran diversidad cultural e idiosincr\u00e1sica que prevalece en el estado.<\/p>\n\n\n\n<p>Las regiones se definen como un conjunto de municipios, que comparten caracter\u00edsticas en com\u00fan, siendo la agrupaci\u00f3n administrativa m\u00e1s frecuentemente empleada para el estado de Oaxaca. La descripci\u00f3n de las regiones es por consecuencia la descripci\u00f3n de los municipios que las componen y finalmente, la descripci\u00f3n de nuestro territorio objetivo se genera a partir de las ocho regiones que lo forman.<\/p>\n\n\n<div class=\"wp-block-image\">\n<figure class=\"aligncenter size-full\"><img loading=\"lazy\" decoding=\"async\" width=\"589\" height=\"471\" src=\"https:\/\/ordenamientoecologico.oaxaca.gob.mx\/wp-content\/uploads\/2023\/12\/area_ordenamiento.jpg\" alt=\"\" class=\"wp-image-167\" srcset=\"https:\/\/ordenamientoecologico.oaxaca.gob.mx\/wp-content\/uploads\/2023\/12\/area_ordenamiento.jpg 589w, https:\/\/ordenamientoecologico.oaxaca.gob.mx\/wp-content\/uploads\/2023\/12\/area_ordenamiento-300x240.jpg 300w, https:\/\/ordenamientoecologico.oaxaca.gob.mx\/wp-content\/uploads\/2023\/12\/area_ordenamiento-338x270.jpg 338w\" sizes=\"auto, (max-width: 589px) 100vw, 589px\" \/><\/figure><\/div>","protected":false},"excerpt":{"rendered":"<p>El \u00e1rea en que se centra el Programa de Ordenamiento Ecol\u00f3gico Regional del Territorio del Estado de Oaxaca (POERTEO) es [&hellip;]<\/p>\n","protected":false},"author":1,"featured_media":0,"parent":0,"menu_order":0,"comment_status":"closed","ping_status":"closed","template":"","meta":{"footnotes":""},"class_list":["post-166","page","type-page","status-publish","hentry"],"_links":{"self":[{"href":"https:\/\/ordenamientoecologico.oaxaca.gob.mx\/index.php?rest_route=\/wp\/v2\/pages\/166","targetHints":{"allow":["GET"]}}],"collection":[{"href":"https:\/\/ordenamientoecologico.oaxaca.gob.mx\/index.php?rest_route=\/wp\/v2\/pages"}],"about":[{"href":"https:\/\/ordenamientoecologico.oaxaca.gob.mx\/index.php?rest_route=\/wp\/v2\/types\/page"}],"author":[{"embeddable":true,"href":"https:\/\/ordenamientoecologico.oaxaca.gob.mx\/index.php?rest_route=\/wp\/v2\/users\/1"}],"replies":[{"embeddable":true,"href":"https:\/\/ordenamientoecologico.oaxaca.gob.mx\/index.php?rest_route=%2Fwp%2Fv2%2Fcomments&post=166"}],"version-history":[{"count":1,"href":"https:\/\/ordenamientoecologico.oaxaca.gob.mx\/index.php?rest_route=\/wp\/v2\/pages\/166\/revisions"}],"predecessor-version":[{"id":168,"href":"https:\/\/ordenamientoecologico.oaxaca.gob.mx\/index.php?rest_route=\/wp\/v2\/pages\/166\/revisions\/168"}],"wp:attachment":[{"href":"https:\/\/ordenamientoecologico.oaxaca.gob.mx\/index.php?rest_route=%2Fwp%2Fv2%2Fmedia&parent=166"}],"curies":[{"name":"wp","href":"https:\/\/api.w.org\/{rel}","templated":true}]}}