{"id":169,"date":"2023-12-07T20:47:49","date_gmt":"2023-12-07T20:47:49","guid":{"rendered":"http:\/\/192.168.15.239\/?page_id=169"},"modified":"2023-12-07T20:48:03","modified_gmt":"2023-12-07T20:48:03","slug":"importancia-del-ordenamiento-ordenamiento","status":"publish","type":"page","link":"https:\/\/ordenamientoecologico.oaxaca.gob.mx\/?page_id=169","title":{"rendered":"Importancia del Ordenamiento"},"content":{"rendered":"\n<p>El ordenamiento ecol\u00f3gico territorial permite orientar la ubicaci\u00f3n geogr\u00e1fica de las actividades productivas y antropog\u00e9nicas, as\u00ed como las modalidades de uso de los recursos y servicios ambientales, constituyendo el cimiento de la pol\u00edtica ecol\u00f3gica,&nbsp; la densidad e intensidad de actividades y formas de uso del suelo, as\u00ed como las \u00e1reas a conservar y restaurar.<\/p>\n\n\n\n<p>El ordenamiento ecol\u00f3gico del territorio puede constituirse en un instrumento privilegiado para que la propiedad asuma una funci\u00f3n social clara y un sentido estrat\u00e9gico para el desarrollo sustentable. Para ello, es necesario conjuntar capacidades institucionales pensando en interacciones regionales, ecol\u00f3gicas e intertemporales amplias, teniendo en mente efectos acumulativos amplificados y consecuencias multiplicadoras. El Ordenamiento Ecol\u00f3gico del Territorio puede generar certidumbre y reglas claras en el desarrollo regional, as\u00ed como constituirse en un mecanismo de prevenci\u00f3n y soluci\u00f3n de controversias.<\/p>\n\n\n\n<p>Es un instrumento de pol\u00edtica p\u00fablica para maximizar el consenso y minimizar el conflicto de tipo ambiental en la sociedad y buscar el equilibrio entre preservaci\u00f3n del ambiente y desarrollo econ\u00f3mico y social; que tiene como objetivo promover el consenso social en la definici\u00f3n de los usos del territorio que permita dar certidumbre a la inversi\u00f3n, as\u00ed como a la preservaci\u00f3n del medio ambiente y a la conservaci\u00f3n de los recursos naturales.<\/p>\n","protected":false},"excerpt":{"rendered":"<p>El ordenamiento ecol\u00f3gico territorial permite orientar la ubicaci\u00f3n geogr\u00e1fica de las actividades productivas y antropog\u00e9nicas, as\u00ed como las modalidades de [&hellip;]<\/p>\n","protected":false},"author":1,"featured_media":0,"parent":0,"menu_order":0,"comment_status":"closed","ping_status":"closed","template":"","meta":{"footnotes":""},"class_list":["post-169","page","type-page","status-publish","hentry"],"_links":{"self":[{"href":"https:\/\/ordenamientoecologico.oaxaca.gob.mx\/index.php?rest_route=\/wp\/v2\/pages\/169","targetHints":{"allow":["GET"]}}],"collection":[{"href":"https:\/\/ordenamientoecologico.oaxaca.gob.mx\/index.php?rest_route=\/wp\/v2\/pages"}],"about":[{"href":"https:\/\/ordenamientoecologico.oaxaca.gob.mx\/index.php?rest_route=\/wp\/v2\/types\/page"}],"author":[{"embeddable":true,"href":"https:\/\/ordenamientoecologico.oaxaca.gob.mx\/index.php?rest_route=\/wp\/v2\/users\/1"}],"replies":[{"embeddable":true,"href":"https:\/\/ordenamientoecologico.oaxaca.gob.mx\/index.php?rest_route=%2Fwp%2Fv2%2Fcomments&post=169"}],"version-history":[{"count":1,"href":"https:\/\/ordenamientoecologico.oaxaca.gob.mx\/index.php?rest_route=\/wp\/v2\/pages\/169\/revisions"}],"predecessor-version":[{"id":170,"href":"https:\/\/ordenamientoecologico.oaxaca.gob.mx\/index.php?rest_route=\/wp\/v2\/pages\/169\/revisions\/170"}],"wp:attachment":[{"href":"https:\/\/ordenamientoecologico.oaxaca.gob.mx\/index.php?rest_route=%2Fwp%2Fv2%2Fmedia&parent=169"}],"curies":[{"name":"wp","href":"https:\/\/api.w.org\/{rel}","templated":true}]}}