{"id":171,"date":"2023-12-07T20:48:28","date_gmt":"2023-12-07T20:48:28","guid":{"rendered":"http:\/\/192.168.15.239\/?page_id=171"},"modified":"2023-12-07T20:48:43","modified_gmt":"2023-12-07T20:48:43","slug":"justificacion-ordenamiento","status":"publish","type":"page","link":"https:\/\/ordenamientoecologico.oaxaca.gob.mx\/?page_id=171","title":{"rendered":"Justificaci\u00f3n"},"content":{"rendered":"\n<p>El problema del deterioro ambiental y de los procesos de contaminaci\u00f3n en el Estado&nbsp; con mayor diversidad biol\u00f3gica y cultural -Oaxaca- ha adquirido a \u00faltimas fechas gran importancia, no s\u00f3lo por la conciencia que se ha creado en torno a esta problem\u00e1tica, sino por la imperiosa necesidad de resguardar la riqueza natural y entorno humano. La destrucci\u00f3n de la capa de ozono, los cambios clim\u00e1ticos, la p\u00e9rdida de biodiversidad, el calentamiento global y el destino de los residuos, tiene efectos que no se limitan \u00fanicamente a las fronteras pol\u00edticas-administrativas regionales o municipales, sino&nbsp; que tiene afectaciones globales. Ante esta&nbsp; problem\u00e1tica&nbsp; ambiental&nbsp; se&nbsp; han&nbsp; ido&nbsp; implementando&nbsp; una&nbsp; serie&nbsp; de acciones,&nbsp; regulaciones e instrumentos ambientales dirigidos a prevenir, controlar y\/o mitigar el deterioro ambiental.<\/p>\n\n\n\n<p>Entre estos instrumentos aplicables podemos mencionar los Programas de Ordenamientos Ecol\u00f3gicos, los cuales son concebidos de manera estricta con un proceso de planeaci\u00f3n dirigido a evaluar y programar el uso del suelo y el manejo de los recursos naturales en el Estado y las zonas sobre las que la Naci\u00f3n ejerce su soberan\u00eda y jurisdicci\u00f3n, con el objeto de preservar y restaurar el equilibrio ecol\u00f3gico y proteger al ambiente.<\/p>\n\n\n\n<p>Por ello en Oaxaca, conforme se ha generado consenso, experiencia y capacidad institucional en la gesti\u00f3n ambiental, se han incorporado y desarrollado instrumentos que son aplicables a un amplio universo de&nbsp; actores y de actividades, que pueden generar resultados ambientales mucho m\u00e1s eficaces en el desarrollo cotidiano de la sociedad.<\/p>\n","protected":false},"excerpt":{"rendered":"<p>El problema del deterioro ambiental y de los procesos de contaminaci\u00f3n en el Estado&nbsp; con mayor diversidad biol\u00f3gica y cultural [&hellip;]<\/p>\n","protected":false},"author":1,"featured_media":0,"parent":0,"menu_order":0,"comment_status":"closed","ping_status":"closed","template":"","meta":{"footnotes":""},"class_list":["post-171","page","type-page","status-publish","hentry"],"_links":{"self":[{"href":"https:\/\/ordenamientoecologico.oaxaca.gob.mx\/index.php?rest_route=\/wp\/v2\/pages\/171","targetHints":{"allow":["GET"]}}],"collection":[{"href":"https:\/\/ordenamientoecologico.oaxaca.gob.mx\/index.php?rest_route=\/wp\/v2\/pages"}],"about":[{"href":"https:\/\/ordenamientoecologico.oaxaca.gob.mx\/index.php?rest_route=\/wp\/v2\/types\/page"}],"author":[{"embeddable":true,"href":"https:\/\/ordenamientoecologico.oaxaca.gob.mx\/index.php?rest_route=\/wp\/v2\/users\/1"}],"replies":[{"embeddable":true,"href":"https:\/\/ordenamientoecologico.oaxaca.gob.mx\/index.php?rest_route=%2Fwp%2Fv2%2Fcomments&post=171"}],"version-history":[{"count":1,"href":"https:\/\/ordenamientoecologico.oaxaca.gob.mx\/index.php?rest_route=\/wp\/v2\/pages\/171\/revisions"}],"predecessor-version":[{"id":172,"href":"https:\/\/ordenamientoecologico.oaxaca.gob.mx\/index.php?rest_route=\/wp\/v2\/pages\/171\/revisions\/172"}],"wp:attachment":[{"href":"https:\/\/ordenamientoecologico.oaxaca.gob.mx\/index.php?rest_route=%2Fwp%2Fv2%2Fmedia&parent=171"}],"curies":[{"name":"wp","href":"https:\/\/api.w.org\/{rel}","templated":true}]}}