{"id":181,"date":"2023-12-07T21:13:47","date_gmt":"2023-12-07T21:13:47","guid":{"rendered":"http:\/\/192.168.15.239\/?page_id=181"},"modified":"2025-03-12T17:42:45","modified_gmt":"2025-03-12T23:42:45","slug":"leyes-y-normas","status":"publish","type":"page","link":"https:\/\/ordenamientoecologico.oaxaca.gob.mx\/?page_id=181","title":{"rendered":"Leyes y Normas"},"content":{"rendered":"\r\n<p>La ley que tiene aplicaci\u00f3n de forma directa es la Ley de Equilibrio Ecol\u00f3gico del Estado de Oaxaca (LEEEO), la cual, en su cap\u00edtulo IV denominado \u201cInstrumentos de la Pol\u00edtica Ambiental\u201d, dedica la secci\u00f3n II, de t\u00edtulo \u201cOrdenamiento Ecol\u00f3gico\u201d (art\u00edculos 10, 11 y 12), a la regulaci\u00f3n de los objetivos de este instrumento, qui\u00e9nes pueden participar en su elaboraci\u00f3n y los criterios a considerar en su realizaci\u00f3n, as\u00ed como el procedimiento a seguir para su aprobaci\u00f3n y entrada en vigor. Es de resaltar que la propia ley en cita dispone en su art\u00edculo 1 p\u00e1rrafo segundo que \u201cEn todo lo no previsto en esta Ley se aplicar\u00e1 supletoriamente la Ley General del Equilibrio Ecol\u00f3gico y la Protecci\u00f3n al Ambiente y dem\u00e1s ordenamientos que regulen la materia ambiental\u201d. Y de esa manera ha sido, pues la elaboraci\u00f3n de la parte t\u00e9cnica y jur\u00eddica del POERTEO tambi\u00e9n se ha basado en la Ley General de Equilibrio Ecol\u00f3gico y Protecci\u00f3n al Ambiente (LGEEPA), y las leyes supra citadas.<\/p>\r\n\r\n\r\n\r\n<p>Los casos de supletoriedad de la LGEEPA en cuanto a la LEEEO, han sido como consecuencia de que algunas de las disposiciones que integran a esta \u00faltima, no est\u00e1n actualizadas, y la propia LEEEO no cuenta con su reglamento, por lo que nos hemos&nbsp; remitido a la normatividad federal para estar en condiciones de regular los casos no previstos, por ejemplo, en cuanto a la divisi\u00f3n y subdivisi\u00f3n de las \u00e1reas naturales protegidas en el art\u00edculo 47 BIS de la LGEEPA, lo que no se encuentra previsto en la LEEEO.<\/p>\r\n\r\n\r\n\r\n<p>En materia de aplicaci\u00f3n de las leyes, \u00e9sta depende en gran medida de prioridades institucionales y pol\u00edticas de acci\u00f3n de las autoridades administrativas del medio ambiente y ecolog\u00eda, si a\u00f1adimos a esto el n\u00famero de dependencias vinculadas al ordenamiento ecol\u00f3gico resultan comprensibles los distintos niveles de aplicaci\u00f3n de la normatividad en este rubro.<\/p>\r\n\r\n\r\n<!--\r\n<p>En relaci\u00f3n al Estado de Oaxaca, tanto en el \u00e1mbito federal y estatal, existen una serie de leyes relacionadas con el POERTEO con una problem\u00e1tica similar para su utilizaci\u00f3n. Entre las leyes aplicables a la gesti\u00f3n y fundamentaci\u00f3n jur\u00eddica del POERTEO, podemos mencionar las siguientes:<\/p>\r\n\r\n<h3 class=\"wp-block-heading\">Federales<\/h3>\r\n\r\n<p><strong>Constituci\u00f3n Pol\u00edtica de los Estados Unidos Mexicanos.<\/strong><br><a href=\"http:\/\/www.dof.gob.mx\/constitucion\/marzo_2014_constitucion.pdf\" target=\"_blank\" rel=\"noreferrer noopener\">http:\/\/www.dof.gob.mx\/constitucion\/marzo_2014_constitucion.pdf<\/a><\/p>\r\n\r\n<p><strong>Ley General de Equilibrio Ecol\u00f3gico y Protecci\u00f3n al Ambiente (LGEEPA).<\/strong><br><a href=\"http:\/\/www.diputados.gob.mx\/LeyesBiblio\/pdf\/148.pdf\" target=\"_blank\" rel=\"noreferrer noopener\">http:\/\/www.diputados.gob.mx\/LeyesBiblio\/pdf\/148.pdf<\/a><\/p>\r\n\r\n<p><strong>Reglamento de la Ley General de Equilibrio Ecol\u00f3gico y Protecci\u00f3n al Ambiente en materia de \u00c1reas Naturales Protegidas.<\/strong><br><a href=\"http:\/\/www.diputados.gob.mx\/LeyesBiblio\/regley\/Reg_LGEEPA_ANP.pdf\" target=\"_blank\" rel=\"noreferrer noopener\">http:\/\/www.diputados.gob.mx\/LeyesBiblio\/regley\/Reg_LGEEPA_ANP.pdf<\/a><\/p>\r\n\r\n<p><a href=\"http:\/\/www.diputados.gob.mx\/LeyesBiblio\/regley\/Reg_LGEEPA_MOE_311014.pdf\" target=\"_blank\" rel=\"noreferrer noopener\"><strong>Reglamento de la Ley General de Equilibrio Ecol\u00f3gico y Protecci\u00f3n al Ambiente en materia de&nbsp;Ordenamiento Ecol\u00f3gico<\/strong>.<\/a><\/p>\r\n\r\n<p><strong>Ley General de Vida Silvestre.<\/strong><br><a href=\"http:\/\/www.diputados.gob.mx\/LeyesBiblio\/pdf\/146.pdf\" target=\"_blank\" rel=\"noreferrer noopener\">http:\/\/www.diputados.gob.mx\/LeyesBiblio\/pdf\/146.pdf<\/a><\/p>\r\n\r\n<p><strong>Ley General de Desarrollo Forestal Sustentable.<\/strong><br><a href=\"http:\/\/www.diputados.gob.mx\/LeyesBiblio\/pdf\/259.pdf\" target=\"_blank\" rel=\"noreferrer noopener\">http:\/\/www.diputados.gob.mx\/LeyesBiblio\/pdf\/259.pdf<\/a><\/p>\r\n\r\n<p><strong>Reglamento de la Ley General de Desarrollo Forestal Sustentable.<\/strong><br><a href=\"http:\/\/www.normateca.gob.mx\/Archivos\/57_D_3693_24-02-2014.pdf\" target=\"_blank\" rel=\"noreferrer noopener\">http:\/\/www.normateca.gob.mx\/Archivos\/57_D_3693_24-02-2014.pdf<\/a><\/p>\r\n\r\n<p><strong>Ley General de Pesca y Acuacultura Sustentable.<\/strong><br><a href=\"http:\/\/www.normateca.gob.mx\/Archivos\/66_D_3656_27-01-2014.pdf\" target=\"_blank\" rel=\"noreferrer noopener\">http:\/\/www.normateca.gob.mx\/Archivos\/66_D_3656_27-01-2014.pdf<\/a><\/p>\r\n\r\n<p><strong>Ley Minera.<\/strong><br><a href=\"http:\/\/www.diputados.gob.mx\/LeyesBiblio\/pdf\/151_110814.pdf\" target=\"_blank\" rel=\"noreferrer noopener\">http:\/\/www.diputados.gob.mx\/LeyesBiblio\/pdf\/151_110814.pdf<\/a><\/p>\r\n\r\n<p><strong>Reglamento de la Ley Minera.<\/strong><br><a href=\"http:\/\/www.diputados.gob.mx\/LeyesBiblio\/regley\/Reg_LMin.pdf\" target=\"_blank\" rel=\"noreferrer noopener\">http:\/\/www.diputados.gob.mx\/LeyesBiblio\/regley\/Reg_LMin.pdf<\/a><\/p>\r\n\r\n<p><strong>Ley de Aguas Nacionales.<\/strong><br><a href=\"http:\/\/www.diputados.gob.mx\/LeyesBiblio\/pdf\/16_110814.pdf\" target=\"_blank\" rel=\"noreferrer noopener\">http:\/\/www.diputados.gob.mx\/LeyesBiblio\/pdf\/16_110814.pdf<\/a><\/p>\r\n\r\n<p><strong>Reglamento de Aguas Nacionales.<\/strong><br><a href=\"http:\/\/www.conanp.gob.mx\/contenido\/pdf\/Reglamento%20de%20la%20Ley%20de%20Aguas%20Nacionales.pdf\" target=\"_blank\" rel=\"noreferrer noopener\">http:\/\/www.conanp.gob.mx\/contenido\/pdf\/Reglamento%20de%20la%20Ley%20de%20Aguas%20Nacionales.pdf<\/a><\/p>\r\n\r\n<p><strong>Ley General de Asentamientos Humanos.<\/strong><br><a href=\"http:\/\/www.diputados.gob.mx\/LeyesBiblio\/pdf\/133.pdf\" target=\"_blank\" rel=\"noreferrer noopener\">http:\/\/www.diputados.gob.mx\/LeyesBiblio\/pdf\/133.pdf<\/a><\/p>\r\n\r\n<h3 class=\"wp-block-heading\">Estatales<\/h3>\r\n\r\n<p><strong>Constituci\u00f3n Pol\u00edtica del Estado Libre y Soberano de Oaxaca.<\/strong><br><a href=\"https:\/\/www.finanzasoaxaca.gob.mx\/pdf\/asistencia\/leyes_fiscales\/2011\/1_CONSTITUCION_POLITICA_DEL_ESTADO.pdf\" target=\"_blank\" rel=\"noreferrer noopener\">https:\/\/www.finanzasoaxaca.gob.mx\/pdf\/asistencia\/leyes_fiscales\/2011\/1_CONSTITUCION_POLITICA_DEL_ESTADO.pdf<\/a><\/p>\r\n\r\n<p><strong>Ley de Equilibrio Ecol\u00f3gico del Estado de Oaxaca (LEEEO).<\/strong><br><a href=\"http:\/\/www.oaxaca.gob.mx\/lxi\/info\/legislacion\/067.pdf\" target=\"_blank\" rel=\"noreferrer noopener\">http:\/\/www.oaxaca.gob.mx\/lxi\/info\/legislacion\/067.pdf<\/a><\/p>\r\n\r\n<p><strong>Ley de Pesca y Acuacultura Sustentables para el Estado de Oaxaca.<\/strong><br><a href=\"http:\/\/www.congresooaxaca.gob.mx\/61\/legislacion\/leyes\/126.pdf\" target=\"_blank\" rel=\"noreferrer noopener\">http:\/\/www.congresooaxaca.gob.mx\/61\/legislacion\/leyes\/126.pdf<\/a><\/p>\r\n\r\n<p><strong>Ley Pecuaria del Estado de Oaxaca.<\/strong><br><a href=\"http:\/\/www.congresooaxaca.gob.mx\/61\/legislacion\/leyes\/127.pdf\" target=\"_blank\" rel=\"noreferrer noopener\">http:\/\/www.congresooaxaca.gob.mx\/61\/legislacion\/leyes\/127.pdf<\/a><\/p>\r\n\r\n<p><strong>Ley Ap\u00edcola para el Estado de Oaxaca.<\/strong><br><a href=\"http:\/\/www.oaxaca.gob.mx\/lxi\/info\/legislacion\/010.pdf\" target=\"_blank\" rel=\"noreferrer noopener\">http:\/\/www.oaxaca.gob.mx\/lxi\/info\/legislacion\/010.pdf<\/a><\/p>\r\n\r\n<p><strong>Ley Org\u00e1nica Municipal para el Estado de Oaxaca.<\/strong><br><a href=\"http:\/\/www.oaxaca.gob.mx\/lxi\/info\/legislacion\/098.pdf\" target=\"_blank\" rel=\"noreferrer noopener\">http:\/\/www.oaxaca.gob.mx\/lxi\/info\/legislacion\/098.pdf<\/a><\/p>\r\n\r\n<p><strong>Ley de Desarrollo Urbano de Oaxaca.<\/strong><br><a href=\"http:\/\/www.oaxaca.gob.mx\/lxi\/info\/legislacion\/031.pdf\" target=\"_blank\" rel=\"noreferrer noopener\">http:\/\/www.oaxaca.gob.mx\/lxi\/info\/legislacion\/031.pdf<\/a><\/p>\r\n\r\n<p><strong>Ley para la Prevenci\u00f3n y Gesti\u00f3n Integral de los Residuos S\u00f3lidos.<\/strong><br><a href=\"http:\/\/www.congresooaxaca.gob.mx\/61\/legislacion\/leyes\/123.pdf\" target=\"_blank\" rel=\"noreferrer noopener\">http:\/\/www.congresooaxaca.gob.mx\/61\/legislacion\/leyes\/123.pdf<\/a><\/p>\r\n -->","protected":false},"excerpt":{"rendered":"<p>La ley que tiene aplicaci\u00f3n de forma directa es la Ley de Equilibrio Ecol\u00f3gico del Estado de Oaxaca (LEEEO), la [&hellip;]<\/p>\n","protected":false},"author":1,"featured_media":0,"parent":0,"menu_order":0,"comment_status":"closed","ping_status":"closed","template":"","meta":{"footnotes":""},"class_list":["post-181","page","type-page","status-publish","hentry"],"_links":{"self":[{"href":"https:\/\/ordenamientoecologico.oaxaca.gob.mx\/index.php?rest_route=\/wp\/v2\/pages\/181","targetHints":{"allow":["GET"]}}],"collection":[{"href":"https:\/\/ordenamientoecologico.oaxaca.gob.mx\/index.php?rest_route=\/wp\/v2\/pages"}],"about":[{"href":"https:\/\/ordenamientoecologico.oaxaca.gob.mx\/index.php?rest_route=\/wp\/v2\/types\/page"}],"author":[{"embeddable":true,"href":"https:\/\/ordenamientoecologico.oaxaca.gob.mx\/index.php?rest_route=\/wp\/v2\/users\/1"}],"replies":[{"embeddable":true,"href":"https:\/\/ordenamientoecologico.oaxaca.gob.mx\/index.php?rest_route=%2Fwp%2Fv2%2Fcomments&post=181"}],"version-history":[{"count":3,"href":"https:\/\/ordenamientoecologico.oaxaca.gob.mx\/index.php?rest_route=\/wp\/v2\/pages\/181\/revisions"}],"predecessor-version":[{"id":657,"href":"https:\/\/ordenamientoecologico.oaxaca.gob.mx\/index.php?rest_route=\/wp\/v2\/pages\/181\/revisions\/657"}],"wp:attachment":[{"href":"https:\/\/ordenamientoecologico.oaxaca.gob.mx\/index.php?rest_route=%2Fwp%2Fv2%2Fmedia&parent=181"}],"curies":[{"name":"wp","href":"https:\/\/api.w.org\/{rel}","templated":true}]}}