{"id":20,"date":"2023-12-05T01:29:14","date_gmt":"2023-12-05T01:29:14","guid":{"rendered":"http:\/\/192.168.15.239\/?page_id=20"},"modified":"2023-12-05T03:15:58","modified_gmt":"2023-12-05T03:15:58","slug":"ordenamiento-intro","status":"publish","type":"page","link":"https:\/\/ordenamientoecologico.oaxaca.gob.mx\/?page_id=20","title":{"rendered":"Introducci\u00f3n"},"content":{"rendered":"\n<p>El Programa de Ordenamiento Ecol\u00f3gico Regional del Territorio del Estado de Oaxaca POERTEO busca un equilibrio entre las actividades productivas (10 sectores productivos), antropog\u00e9nicas (sector asentamientos humanos) y la protecci\u00f3n de los recursos, es decir un desarrollo sustentable basado en 3 ejes:<\/p>\n\n\n\n<ul class=\"wp-block-list\">\n<li>Social<\/li>\n\n\n\n<li>Econ\u00f3mico<\/li>\n\n\n\n<li>Medio Ambiente<\/li>\n<\/ul>\n\n\n\n<p>Con base en la Ley General de Equilibrio Ecol\u00f3gico y Protecci\u00f3n al Ambiente (LGEEPA), el ordenamiento ecol\u00f3gico territorial es un instrumento de pol\u00edtica ambiental que busca maximizar el consenso y minimizar los conflictos ambientales en la sociedad, para lo cual es necesaria la integraci\u00f3n de \u00e9sta en el proceso de planeaci\u00f3n participativa a fin de verificar la informaci\u00f3n utilizada, y validar los an\u00e1lisis y resultados obtenidos. La participaci\u00f3n social se inicia con la construcci\u00f3n de la Agenda Ambiental, en la que se integran las principales problem\u00e1ticas ambientales que se perciben en el \u00e1rea a ordenar, adem\u00e1s de que se definen los principales sectores productivos y actores con presencia e importancia.<\/p>\n\n\n\n<p>El proceso de ordenamiento ecol\u00f3gico en su fase de Formulaci\u00f3n considera 4 etapas para la generaci\u00f3n del Programa de Ordenamiento Ecol\u00f3gico:<\/p>\n\n\n\n<ul class=\"wp-block-list\">\n<li><strong>Caracterizaci\u00f3n<\/strong>: se lleva a cabo una descripci\u00f3n del estado actual de los elementos naturales, sociales y econ\u00f3micos del territorio.<\/li>\n\n\n\n<li><strong>Diagn\u00f3stico<\/strong>: se identifica y analiza la aptitud del territorio y&nbsp; los conflictos ambientales entre los sectores con actividad en el \u00e1rea a ordenar.<\/li>\n\n\n\n<li><strong>Pron\u00f3stico<\/strong>: se examina la evoluci\u00f3n de los conflictos ambientales a partir de las predicciones del comportamiento de las variables naturales, sociales y econ\u00f3micas que puedan influenciar el patr\u00f3n de ocupaci\u00f3n territorial.<\/li>\n\n\n\n<li><strong>Propuesta<\/strong>: se obtiene el patr\u00f3n de ocupaci\u00f3n del territorio que maximiza el consenso entre los sectores y minimiza los conflictos ambientales, favoreciendo el desarrollo sustentable en el \u00e1rea a ordenar, adem\u00e1s de establecerse los lineamientos y las estrategias ecol\u00f3gicas para cada unidad de gesti\u00f3n ambiental (UGA) identificada en el modelo de ordenamiento.<\/li>\n<\/ul>\n\n\n\n<p>Una vez concluida la fase de formulaci\u00f3n se da paso a la fase de Expedici\u00f3n, la cual considera 2 procesos:<\/p>\n\n\n\n<ul class=\"wp-block-list\">\n<li><strong>Consulta P\u00fablica<\/strong>: los sectores que participaron en la formulaci\u00f3n deber\u00e1n conocer y validar o manifestar lo que a su derecho convenga, respecto de la propuesta final del programa que habr\u00e1 de decretarse para su posterior ejecuci\u00f3n.<\/li>\n\n\n\n<li><strong>Decreto<\/strong>: decretar y publicar en los \u00f3rganos de difusi\u00f3n oficiales (Peri\u00f3dico Oficiales del Estado de Oaxaca), es a partir de este momento que el Programa de Ordenamiento empieza a tener vigencia legal.<\/li>\n<\/ul>\n\n\n\n<p>Mientras que la consulta p\u00fablica implica justamente poner a disposici\u00f3n del p\u00fablico en general el documento de Propuesta, donde se somete a consideraci\u00f3n tanto el modelo de Ordenamiento como las estrategias y criterios ecol\u00f3gicos, la integraci\u00f3n de una Bit\u00e1cora Ambiental resulta fundamental para el proceso de transparencia que contemplan los Ordenamientos Ecol\u00f3gicos de cualquier tipo.<\/p>\n","protected":false},"excerpt":{"rendered":"<p>El Programa de Ordenamiento Ecol\u00f3gico Regional del Territorio del Estado de Oaxaca POERTEO busca un equilibrio entre las actividades productivas [&hellip;]<\/p>\n","protected":false},"author":1,"featured_media":0,"parent":0,"menu_order":0,"comment_status":"closed","ping_status":"closed","template":"","meta":{"footnotes":""},"class_list":["post-20","page","type-page","status-publish","hentry"],"_links":{"self":[{"href":"https:\/\/ordenamientoecologico.oaxaca.gob.mx\/index.php?rest_route=\/wp\/v2\/pages\/20","targetHints":{"allow":["GET"]}}],"collection":[{"href":"https:\/\/ordenamientoecologico.oaxaca.gob.mx\/index.php?rest_route=\/wp\/v2\/pages"}],"about":[{"href":"https:\/\/ordenamientoecologico.oaxaca.gob.mx\/index.php?rest_route=\/wp\/v2\/types\/page"}],"author":[{"embeddable":true,"href":"https:\/\/ordenamientoecologico.oaxaca.gob.mx\/index.php?rest_route=\/wp\/v2\/users\/1"}],"replies":[{"embeddable":true,"href":"https:\/\/ordenamientoecologico.oaxaca.gob.mx\/index.php?rest_route=%2Fwp%2Fv2%2Fcomments&post=20"}],"version-history":[{"count":3,"href":"https:\/\/ordenamientoecologico.oaxaca.gob.mx\/index.php?rest_route=\/wp\/v2\/pages\/20\/revisions"}],"predecessor-version":[{"id":51,"href":"https:\/\/ordenamientoecologico.oaxaca.gob.mx\/index.php?rest_route=\/wp\/v2\/pages\/20\/revisions\/51"}],"wp:attachment":[{"href":"https:\/\/ordenamientoecologico.oaxaca.gob.mx\/index.php?rest_route=%2Fwp%2Fv2%2Fmedia&parent=20"}],"curies":[{"name":"wp","href":"https:\/\/api.w.org\/{rel}","templated":true}]}}