{"id":201,"date":"2023-12-07T21:43:42","date_gmt":"2023-12-07T21:43:42","guid":{"rendered":"http:\/\/192.168.15.239\/?page_id=201"},"modified":"2025-03-12T17:53:33","modified_gmt":"2025-03-12T23:53:33","slug":"directorio-del-poerteo","status":"publish","type":"page","link":"https:\/\/ordenamientoecologico.oaxaca.gob.mx\/?page_id=201","title":{"rendered":"Directorio del POERTEO"},"content":{"rendered":"\r\n<!--<p><strong>\u00d3rgano Ejecutivo<\/strong><\/p>-->\r\n\r\n\r\n\r\n<!--\r\n<figure class=\"wp-block-table aligncenter is-style-regular\"><table><tbody><tr><td><strong>SECTOR<\/strong><\/td><td><strong>NOMBRE<\/strong><strong>TITULAR<\/strong><\/td><td><strong>SUPLENTE<\/strong><\/td><td><strong>CORREO ELECTR\u00d3NICO<\/strong><\/td><\/tr><tr><td><strong>GOBIERNO FEDERAL<\/strong><\/td><td>Lic. Tom\u00e1s Gonz\u00e1lez&nbsp; Ilescas<\/td><td>Ing. Noel Enrique Jarqu\u00edn Mendoza<\/td><td><a href=\"mailto:planeacion@oaxaca.semarnat.gob.mx\">planeacion@oaxaca.semarnat.gob.mx<\/a><\/td><\/tr><tr><td><strong>GOBIERNO FEDERAL<\/strong><\/td><td>Antrop\u00f3logo. Jos\u00e9 Antonio Aguilar<\/td><td>Arq. Jos\u00e9 Manuel Tello Garc\u00eda<\/td><td><a href=\"mailto:jantonio.aguilar@sedesol.gob.mx\">jantonio.aguilar@sedesol.gob.mx<\/a><br><a href=\"mailto:anabel.sanjuan@sedesol.gob.mx\">anabel.sanjuan@sedesol.gob.mx<\/a><\/td><\/tr><tr><td><strong>GOBIERNO ESTATAL<\/strong><\/td><td>Ing. Helena Iturribarr\u00eda Rojas<\/td><td>MVZ Manelik Olivera Mart\u00ednez<\/td><td><a href=\"mailto:maneliko@yahoo.com.mx\">maneliko@yahoo.com.mx<\/a><\/td><\/tr><tr><td rowspan=\"2\"><strong>GOBIERNO ESTATAL<\/strong><\/td><td>Arq. Sergio Ubaldo Pimentel Coello<\/td><td>Arq. Baldemar Santiago Contreras<\/td><td><a href=\"mailto:baldemar.santiago@oaxaca.gob.mx\">baldemar.santiago@oaxaca.gob.mx<\/a><\/td><\/tr><tr><td>&nbsp;<\/td><td>Arq. Jaime Bohorquez Montejo<\/td><td><a href=\"mailto:jaimebohorquez@oaxaca.gob.mx\">jaimebohorquez@oaxaca.gob.mx<\/a><\/td><\/tr><tr><td><strong>GOBIERNO ESTATAL<\/strong><\/td><td>M.C. Roci\u00f3 Sol\u00eds Fajardo<\/td><td>M. en C. Jos\u00e9 Antonio D\u00edaz Bautista<\/td><td><a href=\"mailto:josediaz_bta@hotmail.com\">josediaz_bta@hotmail.com<\/a><\/td><\/tr><\/tbody><\/table><\/figure>-->\r\n\r\n\r\n\r\n<!--<p><strong>\u00d3rgano T\u00e9cnico<\/strong><\/p>-->\r\n\r\n\r\n\r\n<!--\r\n<figure class=\"wp-block-table aligncenter is-style-regular\"><table><tbody><tr><td><strong>SECTOR<\/strong><\/td><td><strong>NOMBRE TITULAR<\/strong><\/td><td><strong>SUPLENTE<\/strong><\/td><td><strong>CORREO ELECTR\u00d3NICO<\/strong><\/td><\/tr><tr><td><strong>GOBIERNO FEDERAL<\/strong><\/td><td>Lic. Tom\u00e1s Gonz\u00e1lez Iilescas<\/td><td>Ing. Noel Enrique Jarqu\u00edn Mendoza<\/td><td rowspan=\"2\"><a href=\"mailto:planeacion@oaxaca.semarnat.gob.mx\">planeacion@oaxaca.semarnat.gob.mx<\/a><\/td><\/tr><tr><td rowspan=\"2\"><strong>GOBIERNO FEDERAL<\/strong><\/td><td rowspan=\"2\">Antrop\u00f3logo Jos\u00e9 Antonio Aguilar San Sebasti\u00e1n<\/td><td>Arq. Jos\u00e9 Manuel Tello Garc\u00eda<\/td><\/tr><tr><td>C. Jes\u00fas Alberto Arag\u00f3n V\u00e1squez<\/td><\/tr><tr><td rowspan=\"2\"><strong>GOBIERNO ESTATAL<\/strong><\/td><td rowspan=\"2\">Ing. Helena Iturribarr\u00eda Rojas<\/td><td rowspan=\"2\">MVZ Manelik Olivera Mart\u00ednez<\/td><td><a href=\"mailto:ecologiaoax.dg@gmail.com\">ecologiaoax.dg@gmail.com<\/a><\/td><\/tr><tr><td><a href=\"mailto:maneliko@yahoo.com.mx\">maneliko@yahoo.com.mx<\/a><\/td><\/tr><tr><td rowspan=\"2\"><strong>GOBIERNO ESTATAL<\/strong><\/td><td rowspan=\"2\">Arq. Sergio Ubaldo Pimentel Coello<\/td><td>Arq. Baldemar Santiago Contreras<\/td><td rowspan=\"2\"><a href=\"mailto:baldemar.santiago@oaxaca.gob.mx\">baldemar.santiago@oaxaca.gob.mx<\/a>&nbsp;<br><a href=\"mailto:jaimebohorquez@oaxaca.gob.mx\">jaimebohorquez@oaxaca.gob.mx<\/a><\/td><\/tr><tr><td>&nbsp;Arq. Jaime Bohorquez Montejo<\/td><\/tr><tr><td rowspan=\"2\"><strong>GOBIERNO ESTATAL<\/strong><\/td><td rowspan=\"2\">Ing. Edgar Guzm\u00e1n Corral<\/td><td rowspan=\"2\">&nbsp;<\/td><td><a href=\"mailto:irene.sedafpa@gmail.com\">irene.sedafpa@gmail.com<\/a><\/td><\/tr><tr><td><a href=\"mailto:ejecutivo_alex@hotmail.com\">ejecutivo_alex@hotmail.com<\/a><\/td><\/tr><tr><td rowspan=\"5\"><strong>GOBIERNO ESTATAL<\/strong><\/td><td>Ing. Gerardo Niv\u00f3n Cruz<\/td><td>&nbsp;<\/td><td><a href=\"mailto:gerardonivon@live.com\">gerardonivon@live.com<\/a><\/td><\/tr><tr><td>Lic. Benjam\u00edn Hern\u00e1ndez Silva<\/td><td>&nbsp;<\/td><td><a href=\"mailto:dppa51@yahoo.com.mx\">dppa51@yahoo.com.mx<\/a><br><a href=\"mailto:benjapesca@hotmail.com\">benjapesca@hotmail.com<\/a><\/td><\/tr><tr><td>Lic. Fernando Enrique Bustamante P\u00e9rez<\/td><td>&nbsp;<\/td><td><a href=\"mailto:programasedafp@gmail.com\">programasedafp@gmail.com<\/a><\/td><\/tr><tr><td>M.V.Z. Jorge Teodoro Guzm\u00e1n Corral<\/td><td>&nbsp;<\/td><td><a href=\"mailto:guzcorr2011@hotmail.com\">guzcorr2011@hotmail.com<\/a><\/td><\/tr><tr><td>Ing. Felix Pi\u00f1eiro M\u00e1rquez<\/td><td>&nbsp;<\/td><td>&nbsp;<\/td><\/tr><tr><td><strong>SECTOR ECOTURISMO<\/strong><\/td><td>Lic. Angelina Mart\u00ednez P\u00e9rez<\/td><td>&nbsp;<\/td><td><a href=\"mailto:expedicionesn@gmail.com\">expedicionesn@gmail.com<\/a><br><a href=\"mailto:sierranorte@oaxaca.com\">sierranorte@oaxaca.com<\/a><br><a href=\"mailto:sierra_norte@infosel.net.mx\">sierra_norte@infosel.net.mx<\/a><\/td><\/tr><tr><td><strong>SECTOR FORESTAL<\/strong><\/td><td>C. Mario Barrios Aguilar<\/td><td>Ing. Jorge Luis Flores L\u00f3pez<\/td><td><a href=\"mailto:uescoac@hotmail.com\">uescoac@hotmail.com<\/a><br><a href=\"mailto:bienes_comunales@hotmail.com\">bienes_comunales@hotmail.com<\/a><\/td><\/tr><tr><td rowspan=\"2\"><strong>SECTOR AGR\u00cdCOLA<\/strong><\/td><td>C. Luis Enrique Ortega<\/td><td rowspan=\"2\">&nbsp;<\/td><td><a href=\"mailto:ceob01@gmail.com\">ceob01@gmail.com<\/a><\/td><\/tr><tr><td>Lic. Ulises Soto Mart\u00ednez<\/td><td><a href=\"mailto:cesprooax@gmail.com\">cesprooax@gmail.com<\/a><\/td><\/tr><tr><td rowspan=\"3\"><strong>SECTOR GANADERO<\/strong><\/td><td>Profe. M\u00e1ximo Galeana Alberto<\/td><td>Ing. Fernando Berm\u00fadez Cos\u00edo<\/td><td><a href=\"mailto:ugrco06@hotmail.com\">ugrco06@hotmail.com<\/a><\/td><\/tr><tr><td>Lic. Jorge L\u00f3pez Guerra<\/td><td>Ing. Jorge Luis Fuentes L\u00f3pez<\/td><td><a href=\"mailto:jorge_logue@hotmail.com\">jorge_logue@hotmail.com<\/a><br><a href=\"mailto:jfuentes14@hotmail.com\">jfuentes14@hotmail.com<\/a><\/td><\/tr><tr><td>C. Gabriel Cu\u00e9 Sacre<\/td><td>&nbsp;<\/td><td><a href=\"mailto:ugrno@hotmail.com\">ugrno@hotmail.com<\/a><\/td><\/tr><tr><td><strong>SECTOR TURISMO<\/strong><\/td><td>Lic. Alma L\u00f3pez L\u00f3pez<\/td><td>Mariana Jim\u00e9nez Alvarado<\/td><td><a href=\"mailto:almalopez64@hotmail.com\">almalopez64@hotmail.com<\/a><br><a href=\"mailto:almalopezl64@gmail.com\">almalopezl64@gmail.com<\/a><\/td><\/tr><tr><td rowspan=\"5\"><strong>SECTOR MINERO<\/strong><\/td><td rowspan=\"2\">Ing. Juli\u00e1n Eduardo L\u00f3pez Reyes<\/td><td>Ing. Francisco Armando Arceo y Cabrilla<\/td><td><a href=\"mailto:jlopez@sgm.gob.mx\">jlopez@sgm.gob.mx<\/a><\/td><\/tr><tr><td>Ing. Yaneri L\u00f3pez Acosta<\/td><td><a href=\"mailto:yaneri@sgm.gob.mx\">yaneri@sgm.gob.mx<\/a><\/td><\/tr><tr><td>Q.A. Sa\u00fal Lorenzo Ram\u00edrez Bautista<\/td><td>&nbsp;<\/td><td><a href=\"mailto:ncolmenares@gestionambientalomega.com\">ncolmenares@gestionambientalomega.com<\/a><\/td><\/tr><tr><td>Ing. Vicente Aranda V\u00e1squez<\/td><td>Ing. Arnoldo Acosta Villegas<\/td><td><a href=\"mailto:vj_aranda@hotmail.com\">vj_aranda@hotmail.com<\/a><\/td><\/tr><tr><td>&nbsp;<\/td><td>&nbsp;<\/td><td><a href=\"mailto:arnoldoacostavillegas@hotmail.com\">arnoldoacostavillegas@hotmail.com<\/a><\/td><\/tr><tr><td><strong>SECTOR ACUACULTURA<\/strong><\/td><td>C. Jos\u00e9 Aar\u00f3n Ram\u00edrez Lara<\/td><td>&nbsp;<\/td><td><a href=\"mailto:caplac2000@hotmail.com\">caplac2000@hotmail.com<\/a><\/td><\/tr><tr><td rowspan=\"2\"><strong>INSTITUCIONES ACAD\u00c9MICAS Y DE INVESTIGACI\u00d3N<\/strong><\/td><td rowspan=\"2\">Dr. Jos\u00e9 Rodolfo Mart\u00ednez y C\u00e1rdenas<\/td><td rowspan=\"2\">Biol. Ignacio Pi\u00f1a Espallargas<\/td><td><a href=\"mailto:ciidirox@ipn.mx\">ciidirox@ipn.mx<\/a><\/td><\/tr><tr><td><a href=\"mailto:ipinae@hotmail.com\">ipinae@hotmail.com<\/a><br><a href=\"mailto:ipina@ipn.mx\">ipina@ipn.mx<\/a><\/td><\/tr><tr><td rowspan=\"4\"><strong>SOCIEDAD CIVIL ORGANIZADA<\/strong><\/td><td rowspan=\"2\">M.C. Juan Jos\u00e9 Consejo Due\u00f1as<\/td><td rowspan=\"2\">C. Carlos G. Plascencia<\/td><td><a href=\"mailto:inso@prodigy.net.mx\">inso@prodigy.net.mx<\/a><br><a href=\"mailto:sanpabloetla@yahoo.com.mx\">sanpabloetla@yahoo.com.mx<\/a><\/td><\/tr><tr><td><a href=\"mailto:forooaxaquenodelagua@gmail.com\">forooaxaquenodelagua@gmail.com<\/a><br><a href=\"mailto:carlos.g.plascencia@gmail.com\">carlos.g.plascencia@gmail.com<\/a><\/td><\/tr><tr><td rowspan=\"2\">Bi\u00f3l. Pilar Enriqueta P\u00e9rez Delgado<\/td><td rowspan=\"2\">&nbsp;<\/td><td><a href=\"mailto:ambientare@prodigy.net.mx\">ambientare@prodigy.net.mx<\/a><br><a href=\"mailto:tono_oax@yahoo.com\">tono_oax@yahoo.com<\/a><\/td><\/tr><tr><td><a href=\"mailto:philarpez@gmail.com\">philarpez@gmail.com<\/a><\/td><\/tr><\/tbody><\/table><\/figure> -->\r\n\r\n\r\n\r\n<!--<p>Invitados Permanentes<\/p>-->\r\n\r\n\r\n\r\n<!--\r\n<figure class=\"wp-block-table aligncenter\"><table><tbody><tr><td><strong>NOMBRE TITULAR<\/strong><\/td><td><strong>SUPLENTE<\/strong><\/td><td><strong>CORREO ELECTR\u00d3NICO<\/strong><\/td><\/tr><tr><td>M.C. Pedro \u00c1lvarez Icaza<\/td><td>Lic. Susana Alejandre Ortiz<\/td><td><a href=\"mailto:pedroalvarez@cbmm.gob.mx\">pedroalvarez@cbmm.gob.mx<\/a>,<\/td><\/tr><tr><td>&nbsp;<\/td><td>&nbsp;<\/td><td><a href=\"mailto:pedro.alvarez@conabio.gob.mx\">pedro.alvarez@conabio.gob.mx<\/a><br><a href=\"mailto:susana.alejandre@conabio.gob.mx\">susana.alejandre@conabio.gob.mx<\/a><\/td><\/tr><tr><td>Ing. David Mayren Carrasco<\/td><td>Ing. Antonio Guanerges Ruiz Villatoro<\/td><td><a href=\"mailto:david.mayren@sct.gob.mx\">david.mayren@sct.gob.mx<\/a><br><a href=\"mailto:aruizvil@sct.gob.mx\">aruizvil@sct.gob.mx<\/a><\/td><\/tr><tr><td rowspan=\"2\">Ing. Manuel Garc\u00eda Corpus<\/td><td>Dr. Jos\u00e9 Luis Santiago Jim\u00e9nez<\/td><td><a href=\"mailto:oax_delg@sagarpa.gob.mx\">oax_delg@sagarpa.gob.mx<\/a><\/td><\/tr><tr><td>Q.A. Alberto de los Santos P\u00e9rez<\/td><td><a href=\"mailto:oax_suba@sagarpa.gob.mx\">oax_suba@sagarpa.gob.mx<\/a><br><a href=\"mailto:cee_alianza@oax.sagarpa.gob.mx\">cee_alianza@oax.sagarpa.gob.mx<\/a><\/td><\/tr><tr><td>Ing. Miguel Angel Soto<\/td><td>Ing. Jes\u00fas Victoriano Hern\u00e1ndez P\u00e9rez<\/td><td>&nbsp;<\/td><\/tr><tr><td rowspan=\"2\">Lic. Pavel Palacios Ch\u00e1vez<\/td><td rowspan=\"2\">Bi\u00f3l. Froil\u00e1n Mart\u00ednez Rojas<\/td><td><a href=\"mailto:ppalacios@conanp.gob.mx\">ppalacios@conanp.gob.mx<\/a><\/td><\/tr><tr><td><a href=\"mailto:pacificosur@conanp.gob.mx\">pacificosur@conanp.gob.mx<\/a><br><a href=\"mailto:alligator_froy@hotmail.com\">alligator_froy@hotmail.com<\/a><br><a href=\"mailto:fsmartinez@conanp.gob.mx\">fsmartinez@conanp.gob.mx<\/a><\/td><\/tr><tr><td>Ing. Jorge Montoya Su\u00e1rez<\/td><td>Ing. Juan Ignacio Mu\u00f1oz<\/td><td>&nbsp;<\/td><\/tr><tr><td>Lic. Nereo Garc\u00eda Garc\u00eda<\/td><td>Ing. Enrique Morales<\/td><td>&nbsp;<\/td><\/tr><tr><td rowspan=\"2\">Ing. Jorge Toledo Luis<\/td><td rowspan=\"2\">Ing. Zohar Beltr\u00e1n<\/td><td><a href=\"mailto:oaxaca@cdi.gob.mx\">oaxaca@cdi.gob.mx<\/a><br><a href=\"mailto:cesar.garcia@cdi.gob.mx\">cesar.garcia@cdi.gob.mx<\/a>,<\/td><\/tr><tr><td><a href=\"mailto:jlmastachi@cdi.gob.mx\">jlmastachi@cdi.gob.mx<\/a><\/td><\/tr><tr><td rowspan=\"2\">Ing. Armando Reynoso S\u00e1nchez<\/td><td rowspan=\"2\">Claudia Camiro Vargas<\/td><td><a href=\"mailto:armando.reynoso@cfe.gob.mx\">armando.reynoso@cfe.gob.mx<\/a><\/td><\/tr><tr><td><a href=\"mailto:claudia.camiro@cfe.gob.mx\">claudia.camiro@cfe.gob.mx<\/a><\/td><\/tr><tr><td rowspan=\"2\">Lic. Jos\u00e9 Zorrilla&nbsp; de San Mart\u00edn Diego<\/td><td rowspan=\"2\">&nbsp;<\/td><td><a href=\"mailto:sria.part.styde@gmail.com\">sria.part.styde@gmail.com<\/a><\/td><\/tr><tr><td><a href=\"mailto:sria.particular.styde@oaxaca.gob.mx\">sria.particular.styde@oaxaca.gob.mx<\/a><\/td><\/tr><tr><td rowspan=\"2\">Ing. Juli\u00e1n Rub\u00e9n R\u00edos \u00c1ngeles<\/td><td rowspan=\"2\">Ing. Manuel Leonardo Bustamante del Valle<\/td><td><a href=\"mailto:ceadirgral@gmail.com\">ceadirgral@gmail.com<\/a><\/td><\/tr><tr><td><a href=\"mailto:mlbustamante1@yahoo.com.mx\">mlbustamante1@yahoo.com.mx<\/a><\/td><\/tr><tr><td>Ing. Felipe Reyna Romero<\/td><td>&nbsp;<\/td><td><a href=\"mailto:manuelmaza@oaxaca.gob.mx\">manuelmaza@oaxaca.gob.mx<\/a><\/td><\/tr><tr><td>&nbsp;<\/td><td>&nbsp;<\/td><td><a href=\"mailto:uepcoax@proteccionciviloaxaca.net.mx\">uepcoax@proteccionciviloaxaca.net.mx<\/a><\/td><\/tr><tr><td>Dr.&nbsp; Modesto Seara V\u00e1squez<\/td><td>M. en C. Ciro Aquino V\u00e1squez<\/td><td><a href=\"mailto:avciro@juppa.unsij.edu.mx\">avciro@juppa.unsij.edu.mx<\/a><br><a href=\"mailto:suneo.oaxaca@gmail.com\">suneo.oaxaca@gmail.com<\/a>,<\/td><\/tr><tr><td>Ing. Eric Anacleto Carmona<\/td><td>&nbsp;<\/td><td><a href=\"mailto:Ing.carmona.eric.2015@gmail.com\">Ing.carmona.eric.2015@gmail.com<\/a><br><a href=\"mailto:ingcarmona_2010@hotmail.com\">ingcarmona_2010@hotmail.com<\/a><br><a href=\"mailto:carmonaeric@juppa.unsij.edu.mx\">carmonaeric@juppa.unsij.edu.mx<\/a>,<\/td><\/tr><tr><td rowspan=\"2\">Ing. Jorge L\u00f3pez Guzm\u00e1n<\/td><td rowspan=\"2\">Ing. Jos\u00e9 Gaspar Mart\u00ednez Santiago<\/td><td><a href=\"mailto:jorge.lopezguzman@inegi.org.mx\">jorge.lopezguzman@inegi.org.mx<\/a><\/td><\/tr><tr><td><a href=\"mailto:josegaspar.martinez@inegi.org.mx\">josegaspar.martinez@inegi.org.mx<\/a><\/td><\/tr><tr><td>Dra. Margarita Dalton Palomo<\/td><td>Mtro. Rub\u00e9n Langle Campos<\/td><td><a href=\"mailto:oaxaca@ciesas.edu.mx\">oaxaca@ciesas.edu.mx<\/a><\/td><\/tr><tr><td>&nbsp;<\/td><td>&nbsp;<\/td><td><a href=\"mailto:langler@prodigy.net.mx\">langler@prodigy.net.mx<\/a><\/td><\/tr><tr><td>Biol. David Ortega del Valle<\/td><td>&nbsp;<\/td><td><a href=\"mailto:dortega@wwfmex.org\">dortega@wwfmex.org<\/a><br><a href=\"mailto:rrivera@wwfmex.org\">rrivera@wwfmex.org<\/a><\/td><\/tr><tr><td>Antrop. Sergio Bautista Orzuna<\/td><td>Arqlgo. Agust\u00edn Enrique Andrade Cuatle<\/td><td><a href=\"mailto:inahoax@prodigy.net.mx\">inahoax@prodigy.net.mx<\/a><\/td><\/tr><tr><td>&nbsp;<\/td><td>&nbsp;<\/td><td><a href=\"mailto:agustin_andrade@inah.gob.mx\">agustin_andrade@inah.gob.mx<\/a><\/td><\/tr><tr><td>&nbsp;<\/td><td>Lic. Sara Claudia Olmos Cruz<\/td><td>&nbsp;<\/td><\/tr><tr><td>Dr. Ren\u00e9 Camacho Castro<\/td><td>Dr. Miguel \u00c1ngel Cano Garc\u00eda<\/td><td><a href=\"mailto:camacho.rene@inifap.gob.mx\">camacho.rene@inifap.gob.mx<\/a><\/td><\/tr><tr><td>&nbsp;<\/td><td>Dr. Juan Francisco Castellanos Bola\u00f1os<\/td><td><a href=\"mailto:cano.miguel@inifap.gob.mx\">cano.miguel@inifap.gob.mx<\/a><br><a href=\"mailto:castellanos.juan@inifap.gob.mx\">castellanos.juan@inifap.gob.mx<\/a><\/td><\/tr><tr><td>Lic. Adelfo Regino Montes<\/td><td>M. en C. Carolina Moreno Hern\u00e1ndez<\/td><td><a href=\"mailto:adelforegino@oaxaca.gob.mx\">adelforegino@oaxaca.gob.mx<\/a><\/td><\/tr><tr><td>&nbsp;<\/td><td>&nbsp;<\/td><td><a href=\"mailto:sai@oaxaca.gob.mx\">sai@oaxaca.gob.mx<\/a><\/td><\/tr><tr><td>M.C. Silvia H. Salas Morales<\/td><td>&nbsp;<\/td><td><a href=\"mailto:serbo@prodigy.net.mx\">serbo@prodigy.net.mx<\/a><\/td><\/tr><tr><td>Lic. Eduardo Mart\u00ednez Helmes<\/td><td>&nbsp;<\/td><td><a href=\"mailto:sriopar@uabjo.mx\">sriopar@uabjo.mx<\/a><\/td><\/tr><tr><td>Lic. Mar\u00eda Fernanda<\/td><td>&nbsp;<\/td><td><a href=\"mailto:msbailon@hotmail.com\">msbailon@hotmail.com<\/a><\/td><\/tr><tr><td>Biol. Arturo Nava Zafra<\/td><td>&nbsp;<\/td><td><a href=\"mailto:cecfor02@conafor.gob.mx\">cecfor02@conafor.gob.mx<\/a><\/td><\/tr><tr><td>C. Arturo Flores Rivera<\/td><td>&nbsp;<\/td><td><a href=\"mailto:aflores_rivera@hotmail.com\">aflores_rivera@hotmail.com<\/a><\/td><\/tr><tr><td>Ing. Manlio Fabio Ram\u00edrez Cort\u00e9s<\/td><td>&nbsp;<\/td><td><a href=\"mailto:manlio.fabio.ramirez@pemex.com\">manlio.fabio.ramirez@pemex.com<\/a><\/td><\/tr><tr><td>Dr. Emilio Mart\u00ednez Ram\u00edrez<\/td><td>&nbsp;<\/td><td><a href=\"mailto:emmartinez@ipn.mx\">emmartinez@ipn.mx<\/a><\/td><\/tr><tr><td>Dr. Rafael F. del Castillo S\u00e1nchez<\/td><td>&nbsp;<\/td><td><a href=\"mailto:fsanchez@ipn.mx\">fsanchez@ipn.mx<\/a><br><a href=\"mailto:rdelcast@yahoo.com\">rdelcast@yahoo.com<\/a><\/td><\/tr><tr><td>Dr. Jaime Ruiz Vega<\/td><td>&nbsp;<\/td><td><a href=\"mailto:jvega@ipn.mx\">jvega@ipn.mx<\/a><\/td><\/tr><tr><td>M.C. Noemi Isabelle Arnold<\/td><td>&nbsp;<\/td><td><a href=\"mailto:greenyjap@yahoo.de\">greenyjap@yahoo.de<\/a><\/td><\/tr><tr><td>M.C. Manuel Gerardo Alonso Guti\u00e9rrez<\/td><td>&nbsp;<\/td><td><a href=\"mailto:malo_mas@yahoo.com.mx\">malo_mas@yahoo.com.mx<\/a><\/td><\/tr><tr><td>Ing. Alfredo Contreras Orozco<\/td><td>&nbsp;<\/td><td><a href=\"mailto:abeja2002@hotmail.com\">abeja2002@hotmail.com<\/a><\/td><\/tr><\/tbody><\/table><\/figure> -->\r\n","protected":false},"excerpt":{"rendered":"","protected":false},"author":1,"featured_media":0,"parent":0,"menu_order":0,"comment_status":"closed","ping_status":"closed","template":"","meta":{"footnotes":""},"class_list":["post-201","page","type-page","status-publish","hentry"],"_links":{"self":[{"href":"https:\/\/ordenamientoecologico.oaxaca.gob.mx\/index.php?rest_route=\/wp\/v2\/pages\/201","targetHints":{"allow":["GET"]}}],"collection":[{"href":"https:\/\/ordenamientoecologico.oaxaca.gob.mx\/index.php?rest_route=\/wp\/v2\/pages"}],"about":[{"href":"https:\/\/ordenamientoecologico.oaxaca.gob.mx\/index.php?rest_route=\/wp\/v2\/types\/page"}],"author":[{"embeddable":true,"href":"https:\/\/ordenamientoecologico.oaxaca.gob.mx\/index.php?rest_route=\/wp\/v2\/users\/1"}],"replies":[{"embeddable":true,"href":"https:\/\/ordenamientoecologico.oaxaca.gob.mx\/index.php?rest_route=%2Fwp%2Fv2%2Fcomments&post=201"}],"version-history":[{"count":11,"href":"https:\/\/ordenamientoecologico.oaxaca.gob.mx\/index.php?rest_route=\/wp\/v2\/pages\/201\/revisions"}],"predecessor-version":[{"id":660,"href":"https:\/\/ordenamientoecologico.oaxaca.gob.mx\/index.php?rest_route=\/wp\/v2\/pages\/201\/revisions\/660"}],"wp:attachment":[{"href":"https:\/\/ordenamientoecologico.oaxaca.gob.mx\/index.php?rest_route=%2Fwp%2Fv2%2Fmedia&parent=201"}],"curies":[{"name":"wp","href":"https:\/\/api.w.org\/{rel}","templated":true}]}}