{"id":211,"date":"2023-12-07T22:34:14","date_gmt":"2023-12-07T22:34:14","guid":{"rendered":"http:\/\/192.168.15.239\/?page_id=211"},"modified":"2023-12-07T16:48:13","modified_gmt":"2023-12-07T22:48:13","slug":"introduccion-formulacion","status":"publish","type":"page","link":"https:\/\/ordenamientoecologico.oaxaca.gob.mx\/?page_id=211","title":{"rendered":"Introducci\u00f3n"},"content":{"rendered":"\n<p>Durante esta fase se establecen los mecanismos e instrumentos necesarios que dar\u00e1n inicio y seguimiento al Proceso de Ordenamiento Ecol\u00f3gico. Entre ellos destacan: la celebraci\u00f3n de un convenio de coordinaci\u00f3n; la instalaci\u00f3n de un \u00f3rgano responsable de la conducci\u00f3n del Proceso de Ordenamiento Ecol\u00f3gico, denominado Comit\u00e9; la formulaci\u00f3n de bases t\u00e9cnicas que sustentar\u00e1 la propuesta del Programa de Ordenamiento Ecol\u00f3gico, y el dise\u00f1o y construcci\u00f3n de la Bit\u00e1cora Ambiental.<\/p>\n\n\n<div class=\"wp-block-image\">\n<figure class=\"aligncenter size-full\"><img loading=\"lazy\" decoding=\"async\" width=\"550\" height=\"112\" src=\"https:\/\/ordenamientoecologico.oaxaca.gob.mx\/wp-content\/uploads\/2023\/12\/fases-formulacion.fw_.png\" alt=\"\" class=\"wp-image-212\" srcset=\"https:\/\/ordenamientoecologico.oaxaca.gob.mx\/wp-content\/uploads\/2023\/12\/fases-formulacion.fw_.png 550w, https:\/\/ordenamientoecologico.oaxaca.gob.mx\/wp-content\/uploads\/2023\/12\/fases-formulacion.fw_-300x61.png 300w\" sizes=\"auto, (max-width: 550px) 100vw, 550px\" \/><\/figure><\/div>","protected":false},"excerpt":{"rendered":"<p>Durante esta fase se establecen los mecanismos e instrumentos necesarios que dar\u00e1n inicio y seguimiento al Proceso de Ordenamiento Ecol\u00f3gico. [&hellip;]<\/p>\n","protected":false},"author":1,"featured_media":0,"parent":0,"menu_order":0,"comment_status":"closed","ping_status":"closed","template":"","meta":{"footnotes":""},"class_list":["post-211","page","type-page","status-publish","hentry"],"_links":{"self":[{"href":"https:\/\/ordenamientoecologico.oaxaca.gob.mx\/index.php?rest_route=\/wp\/v2\/pages\/211","targetHints":{"allow":["GET"]}}],"collection":[{"href":"https:\/\/ordenamientoecologico.oaxaca.gob.mx\/index.php?rest_route=\/wp\/v2\/pages"}],"about":[{"href":"https:\/\/ordenamientoecologico.oaxaca.gob.mx\/index.php?rest_route=\/wp\/v2\/types\/page"}],"author":[{"embeddable":true,"href":"https:\/\/ordenamientoecologico.oaxaca.gob.mx\/index.php?rest_route=\/wp\/v2\/users\/1"}],"replies":[{"embeddable":true,"href":"https:\/\/ordenamientoecologico.oaxaca.gob.mx\/index.php?rest_route=%2Fwp%2Fv2%2Fcomments&post=211"}],"version-history":[{"count":1,"href":"https:\/\/ordenamientoecologico.oaxaca.gob.mx\/index.php?rest_route=\/wp\/v2\/pages\/211\/revisions"}],"predecessor-version":[{"id":213,"href":"https:\/\/ordenamientoecologico.oaxaca.gob.mx\/index.php?rest_route=\/wp\/v2\/pages\/211\/revisions\/213"}],"wp:attachment":[{"href":"https:\/\/ordenamientoecologico.oaxaca.gob.mx\/index.php?rest_route=%2Fwp%2Fv2%2Fmedia&parent=211"}],"curies":[{"name":"wp","href":"https:\/\/api.w.org\/{rel}","templated":true}]}}