{"id":224,"date":"2023-12-07T17:00:57","date_gmt":"2023-12-07T23:00:57","guid":{"rendered":"http:\/\/192.168.15.239\/?page_id=224"},"modified":"2025-03-12T17:57:21","modified_gmt":"2025-03-12T23:57:21","slug":"introduccion-formulacion-aamb","status":"publish","type":"page","link":"https:\/\/ordenamientoecologico.oaxaca.gob.mx\/?page_id=224","title":{"rendered":"Introducci\u00f3n"},"content":{"rendered":"\r\n<p>La agenda ambiental o agenda de trabajo (AA) es el listado de problem\u00e1ticas de \u00edndole ambiental principalmente, categorizada por orden de importancia, que el Programa de Ordenamiento Ecol\u00f3gico buscar\u00e1 atender. Este listado ser\u00e1 obtenido con una compilaci\u00f3n t\u00e9cnica acerca de la regi\u00f3n, conjuntamente con la participaci\u00f3n de la sociedad a trav\u00e9s de un taller en el que se definan las principales problem\u00e1ticas del territorio a ordenar.<\/p>\r\n\r\n\r\n<div class=\"wp-block-image\">\r\n<figure class=\"aligncenter size-full\"><img loading=\"lazy\" decoding=\"async\" width=\"550\" height=\"413\" src=\"https:\/\/ordenamientoecologico.oaxaca.gob.mx\/wp-content\/uploads\/2023\/12\/agenda_ambiental_1.fw_.png\" alt=\"\" class=\"wp-image-225\" srcset=\"https:\/\/ordenamientoecologico.oaxaca.gob.mx\/wp-content\/uploads\/2023\/12\/agenda_ambiental_1.fw_.png 550w, https:\/\/ordenamientoecologico.oaxaca.gob.mx\/wp-content\/uploads\/2023\/12\/agenda_ambiental_1.fw_-300x225.png 300w, https:\/\/ordenamientoecologico.oaxaca.gob.mx\/wp-content\/uploads\/2023\/12\/agenda_ambiental_1.fw_-360x270.png 360w\" sizes=\"auto, (max-width: 550px) 100vw, 550px\" \/><\/figure><\/div>\r\n\r\n\r\n<p><strong>Objetivos de la Agenda Ambiental<\/strong><\/p>\r\n\r\n\r\n\r\n<ul class=\"wp-block-list\">\r\n<li>Servir como integradora de las demandas y percepciones de la sociedad y de los grupos activos de expertos en materia ambiental.<\/li>\r\n\r\n\r\n\r\n<li>Identificar y jerarquizar los problemas m\u00e1s sentidos por los actores productivos y dem\u00e1s sujetos de inter\u00e9s en los usos del territorio del estado.<\/li>\r\n\r\n\r\n\r\n<li>Integrar la primera percepci\u00f3n social y de grupos de expertos, de la&nbsp; problem\u00e1tica ambiental que indique el sentido y rumbo de los trabajos para desarrollar las subsiguientes fases del estudio del POERTEO.<\/li>\r\n<\/ul>\r\n\r\n\r\n\r\n<!--<figure class=\"wp-block-table is-style-stripes\"><table><tbody><tr><td class=\"has-text-align-center\" data-align=\"center\"><a href=\"https:\/\/ordenamientoecologico.oaxaca.gob.mx\/wp-content\/uploads\/2023\/12\/documento_agenda_ambiental_web.pdf\"><img decoding=\"async\" class=\"wp-image-189\" style=\"width: 150px;\" src=\"https:\/\/ordenamientoecologico.oaxaca.gob.mx\/wp-content\/uploads\/2023\/12\/R.png\" alt=\"\"><img loading=\"lazy\" decoding=\"async\" width=\"110\" height=\"137\" class=\"wp-image-295\" style=\"width: 110px;\" src=\"https:\/\/ordenamientoecologico.oaxaca.gob.mx\/wp-content\/uploads\/2023\/12\/pdf_logo__.png\" alt=\"\"><\/a><\/td><td>Agenda Ambiental<\/td><\/tr><\/tbody><\/table><\/figure>-->\r\n","protected":false},"excerpt":{"rendered":"<p>La agenda ambiental o agenda de trabajo (AA) es el listado de problem\u00e1ticas de \u00edndole ambiental principalmente, categorizada por orden [&hellip;]<\/p>\n","protected":false},"author":1,"featured_media":0,"parent":0,"menu_order":0,"comment_status":"closed","ping_status":"closed","template":"","meta":{"footnotes":""},"class_list":["post-224","page","type-page","status-publish","hentry"],"_links":{"self":[{"href":"https:\/\/ordenamientoecologico.oaxaca.gob.mx\/index.php?rest_route=\/wp\/v2\/pages\/224","targetHints":{"allow":["GET"]}}],"collection":[{"href":"https:\/\/ordenamientoecologico.oaxaca.gob.mx\/index.php?rest_route=\/wp\/v2\/pages"}],"about":[{"href":"https:\/\/ordenamientoecologico.oaxaca.gob.mx\/index.php?rest_route=\/wp\/v2\/types\/page"}],"author":[{"embeddable":true,"href":"https:\/\/ordenamientoecologico.oaxaca.gob.mx\/index.php?rest_route=\/wp\/v2\/users\/1"}],"replies":[{"embeddable":true,"href":"https:\/\/ordenamientoecologico.oaxaca.gob.mx\/index.php?rest_route=%2Fwp%2Fv2%2Fcomments&post=224"}],"version-history":[{"count":7,"href":"https:\/\/ordenamientoecologico.oaxaca.gob.mx\/index.php?rest_route=\/wp\/v2\/pages\/224\/revisions"}],"predecessor-version":[{"id":661,"href":"https:\/\/ordenamientoecologico.oaxaca.gob.mx\/index.php?rest_route=\/wp\/v2\/pages\/224\/revisions\/661"}],"wp:attachment":[{"href":"https:\/\/ordenamientoecologico.oaxaca.gob.mx\/index.php?rest_route=%2Fwp%2Fv2%2Fmedia&parent=224"}],"curies":[{"name":"wp","href":"https:\/\/api.w.org\/{rel}","templated":true}]}}