{"id":236,"date":"2023-12-07T17:19:01","date_gmt":"2023-12-07T23:19:01","guid":{"rendered":"http:\/\/192.168.15.239\/?page_id=236"},"modified":"2023-12-07T17:19:01","modified_gmt":"2023-12-07T23:19:01","slug":"introduccion","status":"publish","type":"page","link":"https:\/\/ordenamientoecologico.oaxaca.gob.mx\/?page_id=236","title":{"rendered":"Introducci\u00f3n"},"content":{"rendered":"\n<p>El objetivo de la etapa de caracterizaci\u00f3n es describir el estado de los componentes natural, social y econ\u00f3mico, organizado este \u00faltimo por cada uno de los sectores productivos identificados en el estado de Oaxaca.<\/p>\n\n\n\n<p>Los objetivos estrat\u00e9gicos que se plantean para la etapa de caracterizaci\u00f3n son: Describir los ecosistemas y recursos naturales (distribuci\u00f3n, cantidad y estado de conservaci\u00f3n), describir los componentes sociales del \u00e1rea de estudio, describir los componentes econ\u00f3micos del \u00e1rea de estudio, elaborar la clasificaci\u00f3n supervisada de la imagen satelital para generar el uso de suelo y la vegetaci\u00f3n, identificar y describir los atributos ambientales e interese sectoriales a trav\u00e9s de mecanismos de participaci\u00f3n social y jerarquizar los atributos ambientales. Los primeros cuatro objetivos se atendieron a trav\u00e9s de la recopilaci\u00f3n y el an\u00e1lisis de la informaci\u00f3n y los dos \u00faltimos se cumplieron mediante la participaci\u00f3n sectorial en los 5 talleres Regionales realizados.<\/p>\n\n\n\n<p>En el modelo general de ordenamiento la atapa de caracterizaci\u00f3n contempla los insumos de la agenda ambiental y los productos generados en el an\u00e1lisis de la informaci\u00f3n por los componentes del grupo t\u00e9cnico consultor.<\/p>\n\n\n\n<p>La integraci\u00f3n del documento de caracterizaci\u00f3n se define mediante la relaci\u00f3n reversible&nbsp; de recursos y factores de riesgo ambiental con los sectores que participan en el territorio, en esta relaci\u00f3n el desarrollo del sector puede tener efectos adversos o impactar en la disponibilidad del recurso, o bien, el recurso favorece o potencializa la realizaci\u00f3n de las actividades sectoriales de manera sustentable en el territorio. Este \u00faltimo se encuentra definido de acuerdo a la distribuci\u00f3n administrativa del Estado de Oaxaca.<\/p>\n\n\n\n<p>Los recursos estrat\u00e9gicos que se contemplan son: agua, biodiversidad y uso de suelo. Los factores de riesgo ambiental son: hidrometeorologicos, inundaci\u00f3n, sismos, erosi\u00f3n, deslizamiento e incendios. Los cuales se relacionaron con los sectores: urbano, agropecuario, turismo, industria, acuacultura-pesca, miner\u00eda, forestal, ecoturismo y conservaci\u00f3n.<\/p>\n","protected":false},"excerpt":{"rendered":"<p>El objetivo de la etapa de caracterizaci\u00f3n es describir el estado de los componentes natural, social y econ\u00f3mico, organizado este [&hellip;]<\/p>\n","protected":false},"author":1,"featured_media":0,"parent":0,"menu_order":0,"comment_status":"closed","ping_status":"closed","template":"","meta":{"footnotes":""},"class_list":["post-236","page","type-page","status-publish","hentry"],"_links":{"self":[{"href":"https:\/\/ordenamientoecologico.oaxaca.gob.mx\/index.php?rest_route=\/wp\/v2\/pages\/236","targetHints":{"allow":["GET"]}}],"collection":[{"href":"https:\/\/ordenamientoecologico.oaxaca.gob.mx\/index.php?rest_route=\/wp\/v2\/pages"}],"about":[{"href":"https:\/\/ordenamientoecologico.oaxaca.gob.mx\/index.php?rest_route=\/wp\/v2\/types\/page"}],"author":[{"embeddable":true,"href":"https:\/\/ordenamientoecologico.oaxaca.gob.mx\/index.php?rest_route=\/wp\/v2\/users\/1"}],"replies":[{"embeddable":true,"href":"https:\/\/ordenamientoecologico.oaxaca.gob.mx\/index.php?rest_route=%2Fwp%2Fv2%2Fcomments&post=236"}],"version-history":[{"count":1,"href":"https:\/\/ordenamientoecologico.oaxaca.gob.mx\/index.php?rest_route=\/wp\/v2\/pages\/236\/revisions"}],"predecessor-version":[{"id":237,"href":"https:\/\/ordenamientoecologico.oaxaca.gob.mx\/index.php?rest_route=\/wp\/v2\/pages\/236\/revisions\/237"}],"wp:attachment":[{"href":"https:\/\/ordenamientoecologico.oaxaca.gob.mx\/index.php?rest_route=%2Fwp%2Fv2%2Fmedia&parent=236"}],"curies":[{"name":"wp","href":"https:\/\/api.w.org\/{rel}","templated":true}]}}