{"id":238,"date":"2023-12-07T17:24:51","date_gmt":"2023-12-07T23:24:51","guid":{"rendered":"http:\/\/192.168.15.239\/?page_id=238"},"modified":"2025-03-12T17:59:48","modified_gmt":"2025-03-12T23:59:48","slug":"caracterizacion-ambiental","status":"publish","type":"page","link":"https:\/\/ordenamientoecologico.oaxaca.gob.mx\/?page_id=238","title":{"rendered":"Caracterizaci\u00f3n Ambiental"},"content":{"rendered":"\r\n<h3 class=\"wp-block-heading has-text-align-center\"><a href=\"#flora_lnk\">Flora<\/a> \u00b7 <a href=\"#fauna_lnk\">Fauna<\/a> \u00b7 <a href=\"#agua_lnk\">Agua<\/a> \u00b7 <a href=\"#vegeta_lnk\">Vegetaci\u00f3n y uso del suelo<\/a> \u00b7 <a href=\"#riesgos_lnk\">Riesgos ambientales<\/a><\/h3>\r\n\r\n\r\n\r\n<div style=\"height:100px\" aria-hidden=\"true\" id=\"flora_blk\" class=\"wp-block-spacer\"><\/div>\r\n\r\n\r\n\r\n<h3 class=\"wp-block-heading\">Flora.<\/h3>\r\n\r\n\r\n\r\n<p>La gran diversidad biol\u00f3gica que presenta el estado de Oaxaca es producto combinado de las variaciones en topograf\u00eda y clima encontrados en su superficie; estas se mezclan unas con otras, creando un mosaico de condiciones ambientales y microambientales. A esto se suma la compleja historia geol\u00f3gica del \u00e1rea del sureste mexicano donde se ubica el estado (Ortega et al., 2000); uno de los terrenos que ocupaba la parte de la costa sur de M\u00e9xico era el bloque de Chortis, con lo que Acapulco en Guerrero y Puerto \u00c1ngel en Oaxaca eran adyacentes a Guastatoya en Guatemala y San Pedro Sula en Honduras, respectivamente durante&nbsp; el&nbsp; Eoceno&nbsp; (Campbell,&nbsp; 1999);&nbsp; dicho&nbsp; bloque&nbsp; se&nbsp; desplaz\u00f3&nbsp; al&nbsp; sur&nbsp; y actualmente ocupa la parte norte de Am\u00e9rica Central (Ortega et al., 2000).<\/p>\r\n\r\n\r\n\r\n<p>Esta zona del sureste mexicano ya ha sido reconocida previamente como biol\u00f3gica y geol\u00f3gicamente compleja, ya que existe contacto entre tres placas tect\u00f3nicas y adem\u00e1s&nbsp; entre&nbsp;&nbsp; dos&nbsp; o&nbsp;&nbsp; m\u00e1s&nbsp; biotas&nbsp; ancestrales&nbsp;&nbsp; dando&nbsp; &nbsp;origen&nbsp;&nbsp; a&nbsp;&nbsp; una&nbsp;&nbsp; zona biogeogr\u00e1ficamente compuesta (Croizat, 1958; Luna y Contreras-Medina, 2010).<\/p>\r\n\r\n\r\n\r\n<p>Este \u00faltimo fen\u00f3meno ha dado como resultado una mezcla de fauna&nbsp; y flora con diferentes historias biogeogr\u00e1ficas, por lo tanto muy rica en especies. Aunado a lo anterior, el estado de Oaxaca se distingue por un alto n\u00famero y porcentaje de endemismo de vertebrados y plantas vasculares (Flores-Villela y Gerez, 1994). Las causas de este alto endemismo se encuentran en el aislamiento ecol\u00f3gico que presentan las diferentes regiones, as\u00ed como la diversidad fisiogr\u00e1fica, geol\u00f3gica y ed\u00e1fica del territorio oaxaque\u00f1o, lo que significa una multiplicidad de h\u00e1bitats tanto para la fauna, como para la flora.<\/p>\r\n\r\n\r\n\r\n<div style=\"height:100px\" aria-hidden=\"true\" id=\"fauna_lnk\" class=\"wp-block-spacer\"><\/div>\r\n\r\n\r\n\r\n<h3 class=\"wp-block-heading\"><a><\/a>Fauna.<\/h3>\r\n\r\n\r\n\r\n<p>El estado de Oaxaca es el m\u00e1s rico en especies de vertebrados mesoamericanos y en end\u00e9micos estatales (Flores-Villela y Gerez, 1994), pero lamentablemente la fauna de la entidad ha sido escasamente estudiada. Es el estado que alberga la mayor riqueza de especies de mam\u00edferos en el pa\u00eds (Illoldi-Rangel et al., 2008).<\/p>\r\n\r\n\r\n\r\n<p>Aunque el Estado de Oaxaca representa solamente del 5% del territorio nacional, la entidad contiene al 52% de las especies de peces, 35% de las especies de anfibios, 36% de los reptiles, 68% de las aves y 40% de los mam\u00edferos (Flores-Villela y Gerez, 1994; Illoldi-Rangel et al., 2008) (Tabla 22). Los bosques de encino y mes\u00f3filos de monta\u00f1a del estado sobresalen por su riqueza en n\u00famero de especies de vertebrados, sobre los otros tipos de vegetaci\u00f3n del estado (Flores-Villela y Gerez, 1994).<\/p>\r\n\r\n\r\n\r\n<div style=\"height:100px\" aria-hidden=\"true\" id=\"agua_lnk\" class=\"wp-block-spacer\"><\/div>\r\n\r\n\r\n\r\n<h3 class=\"wp-block-heading\"><a><\/a>Agua.<\/h3>\r\n\r\n\r\n\r\n<p>Nuestro estado de Oaxaca en la actualidad se orienta a una tendencia hacia el desarrollo sustentable, as\u00ed lo establece el Plan Estatal de Desarrollo Oaxaca 2011-2016, acorde con las pol\u00edticas p\u00fablicas nacionales; las cuales refieren a la administraci\u00f3n eficiente y racional de los recursos naturales, de manera tal, que sea posible mejorar el bienestar de la poblaci\u00f3n actual sin comprometer la calidad de vida de las generaciones futuras.<\/p>\r\n\r\n\r\n\r\n<p>Tradicionalmente en nuestro pa\u00eds y en el estado los esfuerzos de conservaci\u00f3n de los recursos naturales y ecosistemas suelen verse obstaculizados por c\u00edrculos viciosos que incluyen pobreza, agotamiento de los recursos naturales, deterioro ambiental, mala planeaci\u00f3n ambiental y una deficiente aplicaci\u00f3n de las pol\u00edticas p\u00fablicas estatales.<\/p>\r\n\r\n\r\n\r\n<p>Al nivel nacional el tema del agua se ha vuelto prioritario sobre todo en la atenci\u00f3n de los aspectos vinculados a su protecci\u00f3n, tanto de mantos superficiales y acu\u00edferos, esto debido a que su disponibilidad por habitante se est\u00e1 reduciendo debido a factores demogr\u00e1ficos y clim\u00e1ticos.<\/p>\r\n\r\n\r\n\r\n<p>Ser\u00e1 imprescindible que los municipios se sumen a esta tarea, desarrollando pol\u00edticas que fomenten el uso racional y la reutilizaci\u00f3n del agua para lograr un equilibrio entre la disponibilidad y la demanda, adem\u00e1s de reducir el deterioro de los cuerpos receptores.<\/p>\r\n\r\n\r\n\r\n<div style=\"height:100px\" aria-hidden=\"true\" id=\"vegeta_lnk\" class=\"wp-block-spacer\"><\/div>\r\n\r\n\r\n\r\n<h3 class=\"wp-block-heading\"><a><\/a>Vegetaci\u00f3n y uso del suelo.<\/h3>\r\n\r\n\r\n\r\n<p>M\u00e9xico es uno de los pa\u00edses con m\u00e1s recursos forestales a nivel mundial. Sus bosques, selvas y otras \u00e1reas con vegetaci\u00f3n natural ocupaban en el 2002 aproximadamente 76% del territorio nacional, de \u00e9stos, 34% corresponden a bosques y selvas, 26% a matorrales y 16% a otros tipos de vegetaci\u00f3n (INEGI, 2002), de estas vegetaciones los bosques de pino, encino y pino-encino son los ecosistemas m\u00e1s diversos en especies. Clasificaciones recientes reconocen para M\u00e9xico 50 tipos de vegetaci\u00f3n, y para Oaxaca 12 coberturas naturales con diferentes grados de sucesi\u00f3n y 3 antropicas (INEGI 2005), para este trabajo se agruparon en 9 grupos de vegetaci\u00f3n y 3 coberturas antropicas basadas en la carta de vegetaci\u00f3n y uso de suelo serie IV de INEGI con actualizaci\u00f3n de im\u00e1genes de sat\u00e9lite Landsat 7 clasificadas.<\/p>\r\n\r\n\r\n\r\n<p>Los tipos de vegetaci\u00f3n predominantes en el estado de Oaxaca para 2011 son principalmente el bosque de Con\u00edferas y Latifoliadas, la selva Caducifolia y subcaducifolia junto con la selva Perennifolia y subperennifolia, seguidos del pastizal, bosques de Con\u00edferas y Matorral Xer\u00f3filo. Es importante mencionar que la superficie dedicada a la agricultura, ocupa el segundo lugar en superficie del estado.<\/p>\r\n\r\n\r\n\r\n<div style=\"height:100px\" aria-hidden=\"true\" id=\"riesgos_lnk\" class=\"wp-block-spacer\"><\/div>\r\n\r\n\r\n\r\n<h3 class=\"wp-block-heading\"><a><\/a>Riesgos ambientales.<\/h3>\r\n\r\n\r\n\r\n<p>El concepto de riesgo est\u00e1 definido como &#8220;la probabilidad de que un evento adverso ocurra durante un periodo determinado de tiempo, o resulte de una situaci\u00f3n particular&#8221;. Una definici\u00f3n m\u00e1s completa de riesgo implica la exposici\u00f3n a un peligro (natural, social, qu\u00edmico, etc.), este riesgo se expresa a menudo en t\u00e9rminos de probabilidad (Berger y Luckman, 1997, Powell, 1996).<\/p>\r\n\r\n\r\n\r\n<p>El riesgo ambiental es la probabilidad de que un espacio geogr\u00e1fico sea afectado por las consecuencias de distinta vulnerabilidad de un proceso natural, que afectaran los sistemas ecol\u00f3gicos, asentamientos y actividades humanas (Juan, 2006).<\/p>\r\n\r\n\r\n\r\n<p>Es necesario entender el concepto de riesgo, considerando su valor cuantitativo y adem\u00e1s sus aspectos sociales y culturales, esto evitara interpretaciones err\u00f3neas en su an\u00e1lisis, y su implementaci\u00f3n en programas de protecci\u00f3n.<\/p>\r\n\r\n\r\n\r\n<p>Estos eventos suelen causar da\u00f1os a las actividades econ\u00f3micas (cultivos, ganado, transporte, etc.), siendo mayor generalmente en zonas rurales donde afecta a cultivos de temporal.<\/p>\r\n\r\n\r\n\r\n<div style=\"height:100px\" aria-hidden=\"true\" class=\"wp-block-spacer\"><\/div>\r\n\r\n\r\n\r\n<!--\r\n<figure class=\"wp-block-table is-style-stripes\"><table><tbody><tr><td class=\"has-text-align-center\" data-align=\"center\"><a href=\"https:\/\/ordenamientoecologico.oaxaca.gob.mx\/wp-content\/uploads\/2023\/12\/componente_ambiental_web.pdf\"><img decoding=\"async\" class=\"wp-image-189\" style=\"width: 150px;\" src=\"https:\/\/ordenamientoecologico.oaxaca.gob.mx\/wp-content\/uploads\/2023\/12\/R.png\" alt=\"\"><img loading=\"lazy\" decoding=\"async\" width=\"110\" height=\"137\" class=\"wp-image-295\" style=\"width: 110px;\" src=\"https:\/\/ordenamientoecologico.oaxaca.gob.mx\/wp-content\/uploads\/2023\/12\/pdf_logo__.png\" alt=\"\"><\/a><\/td><td>Componente Ambiental (Natural)<\/td><\/tr><tr><td class=\"has-text-align-center\" data-align=\"center\"><a href=\"https:\/\/ordenamientoecologico.oaxaca.gob.mx\/wp-content\/uploads\/2023\/12\/anexos_ambiental_web.pdf\"><img decoding=\"async\" class=\"wp-image-189\" style=\"width: 150px;\" src=\"https:\/\/ordenamientoecologico.oaxaca.gob.mx\/wp-content\/uploads\/2023\/12\/R.png\" alt=\"\"><img loading=\"lazy\" decoding=\"async\" width=\"110\" height=\"137\" class=\"wp-image-295\" style=\"width: 110px;\" src=\"https:\/\/ordenamientoecologico.oaxaca.gob.mx\/wp-content\/uploads\/2023\/12\/pdf_logo__.png\" alt=\"\"><\/a><\/td><td>Anexos Componente Ambiental (Natural)<\/td><\/tr><\/tbody><\/table><\/figure>-->\r\n","protected":false},"excerpt":{"rendered":"<p>Flora \u00b7 Fauna \u00b7 Agua \u00b7 Vegetaci\u00f3n y uso del suelo \u00b7 Riesgos ambientales Flora. La gran diversidad biol\u00f3gica que [&hellip;]<\/p>\n","protected":false},"author":1,"featured_media":0,"parent":0,"menu_order":0,"comment_status":"closed","ping_status":"closed","template":"","meta":{"footnotes":""},"class_list":["post-238","page","type-page","status-publish","hentry"],"_links":{"self":[{"href":"https:\/\/ordenamientoecologico.oaxaca.gob.mx\/index.php?rest_route=\/wp\/v2\/pages\/238","targetHints":{"allow":["GET"]}}],"collection":[{"href":"https:\/\/ordenamientoecologico.oaxaca.gob.mx\/index.php?rest_route=\/wp\/v2\/pages"}],"about":[{"href":"https:\/\/ordenamientoecologico.oaxaca.gob.mx\/index.php?rest_route=\/wp\/v2\/types\/page"}],"author":[{"embeddable":true,"href":"https:\/\/ordenamientoecologico.oaxaca.gob.mx\/index.php?rest_route=\/wp\/v2\/users\/1"}],"replies":[{"embeddable":true,"href":"https:\/\/ordenamientoecologico.oaxaca.gob.mx\/index.php?rest_route=%2Fwp%2Fv2%2Fcomments&post=238"}],"version-history":[{"count":17,"href":"https:\/\/ordenamientoecologico.oaxaca.gob.mx\/index.php?rest_route=\/wp\/v2\/pages\/238\/revisions"}],"predecessor-version":[{"id":663,"href":"https:\/\/ordenamientoecologico.oaxaca.gob.mx\/index.php?rest_route=\/wp\/v2\/pages\/238\/revisions\/663"}],"wp:attachment":[{"href":"https:\/\/ordenamientoecologico.oaxaca.gob.mx\/index.php?rest_route=%2Fwp%2Fv2%2Fmedia&parent=238"}],"curies":[{"name":"wp","href":"https:\/\/api.w.org\/{rel}","templated":true}]}}