{"id":329,"date":"2023-12-08T13:22:46","date_gmt":"2023-12-08T19:22:46","guid":{"rendered":"http:\/\/192.168.15.239\/?page_id=329"},"modified":"2025-03-12T18:04:06","modified_gmt":"2025-03-13T00:04:06","slug":"caracterizacion-social","status":"publish","type":"page","link":"https:\/\/ordenamientoecologico.oaxaca.gob.mx\/?page_id=329","title":{"rendered":"Caracterizaci\u00f3n Social"},"content":{"rendered":"\r\n<p>El medio ambiente suministra el entorno necesario para la vida humana. Los recursos naturales, constituyen los elementos materiales necesarios para Satisfacer nuestros requerimientos de alimentaci\u00f3n, vestido, vivienda, energ\u00eda adem\u00e1s de significar el potencial para el desarrollo econ\u00f3mico, pero tambi\u00e9n deben de garantizar el bienestar de las generaciones futuras, de ello el inter\u00e9s de proteger, administrar y utilizar de manera sostenible los recursos naturales para satisfacer los requerimientos actuales sin comprometer a las futuras generaciones.<\/p>\r\n\r\n\r\n\r\n<p>El an\u00e1lisis de los aspectos sociales es de fundamental importancia para entender las relaciones que este guarda con su medioambiente. De esta manera se hace relevante el estudio de cada uno de los sectores que lo componen, describir el contexto actual en el que se encuentran para posteriormente realizar cruces con los mayores impactos ambientales en el Estado y as\u00ed poder dibujar escenarios futuros acordes con las necesidades potenciales de la sociedad.<\/p>\r\n\r\n\r\n\r\n<p>El Estado de Oaxaca se caracteriza por su enorme complejidad geogr\u00e1fica, cultural, natural, econ\u00f3mica, social, y pol\u00edtica. Cada uno de estos aspectos tiene parte relevante en el uso y conservaci\u00f3n de los recursos naturales.<\/p>\r\n\r\n\r\n\r\n<p>Para la etapa de caracterizaci\u00f3n, el Componente Social, tiene como fin describir las principales problem\u00e1ticas sociales, sus atributos, ubicaci\u00f3n regional e identificar su relaci\u00f3n entre ellas, junto con los aspectos generados en la agenda ambiental del POERTEO.<\/p>\r\n\r\n\r\n\r\n<p>En la primera parte se presentan una serie de indicadores, mismos que ser\u00e1n descritos, en una segunda parte se desarrollan indicadores generados por el componente social a ra\u00edz de la Agenda Ambiental del POERTEO, y por \u00faltimo un apartado de anexos que incluye tablas y mapas.<\/p>\r\n\r\n\r\n\r\n<p>Entre los indicadores que se trabajaron para la caracterizaci\u00f3n del POERTEO, destacan principalmente los sugeridos por el manual de Indicadores para la Caracterizaci\u00f3n del Territorio. En Palacio Prieto, J.L, Salazar S\u00e1nchez, M.T. Indicadores para la Caracterizaci\u00f3n y ordenamiento del Territorio, SEMARNAT, 2004 pp. 160<\/p>\r\n\r\n\r\n\r\n<p>Respecto al apartado demogr\u00e1fico se caracteriz\u00f3 la tasa de crecimiento medio anual (TCMA), la estructura de la poblaci\u00f3n por edad y sexo a nivel estatal y regional, la tasa de masculinidad, la tasa de dependencia, \u00edndice de juventud, \u00edndice de envejecimiento, y las proyecciones de la poblaci\u00f3n hasta el a\u00f1o 2030.<\/p>\r\n\r\n\r\n\r\n<p>En cuanto al tema de infraestructura y equipamiento, se describi\u00f3 la infraestructura educativa, salud, vivienda (y calidad de la misma) y energ\u00e9tica. As\u00ed tambi\u00e9n se realizar\u00e1 un an\u00e1lisis del \u00edndice de suficiencia vial (\u00edndice de Engel) y v\u00edas de comunicaci\u00f3n.<\/p>\r\n\r\n\r\n\r\n<p>En el apartado de pobreza, se trabaj\u00f3 con los \u00cdndices de Marginaci\u00f3n y Desarrollo Humano.<\/p>\r\n\r\n\r\n\r\n<p>Respecto al tema de urbanizaci\u00f3n se utilizaron los \u00cdndices de nivel de urbanizaci\u00f3n, \u00edndice de urbanizaci\u00f3n y la distribuci\u00f3n de la poblaci\u00f3n por categor\u00eda urbana, mixta, rural.<\/p>\r\n\r\n\r\n\r\n<p>La migraci\u00f3n es un tema que por su importancia no puede quedar fuera del an\u00e1lisis, para ello, se describi\u00f3 la atracci\u00f3n migratoria reciente, atracci\u00f3n migratoria acumulada y el \u00cdndice de intensidad migratoria M\u00e9xico-Estados Unidos.<\/p>\r\n\r\n\r\n\r\n<p>Otro punto sustancial para el an\u00e1lisis es la poblaci\u00f3n ind\u00edgena, para ello se describir\u00f3 la poblaci\u00f3n hablante de lengua ind\u00edgena y grupos \u00e9tnicos.<\/p>\r\n\r\n\r\n\r\n<p>El tema cultural se integr\u00f3 por la ubicaci\u00f3n y descripci\u00f3n de sitios arqueol\u00f3gicos, monumentos hist\u00f3ricos, \u00e1reas de patrimonio cultural, parques ecol\u00f3gicos y zonas de reserva federal.<\/p>\r\n\r\n\r\n\r\n<p>Por \u00faltimo, en el apartado indicadores generados por el componente se describen los temas de salud, conflictos agrarios, infraestructura hidr\u00e1ulica, infraestructura el\u00e9ctrica, v\u00edas de comunicaci\u00f3n, educaci\u00f3n, comunidades ind\u00edgenas, patrimonio cultural y sitios arqueol\u00f3gicos y ecoturismo.<\/p>\r\n\r\n\r\n\r\n<p>Cada uno de los temas anteriores se desarrollaron con base en informaci\u00f3n de distintas fuentes, por medio de an\u00e1lisis regionales, con el fin de caracterizar y ubicar los aspectos sociales y entrelazarlos con los aspectos ambientales para la etapa de diagn\u00f3stico<\/p>\r\n\r\n\r\n\r\n<p>El mapa en esta ocasi\u00f3n se convierte en un valioso instrumento para llegar a conocer del estado que caracteriza a la poblaci\u00f3n en un momento dado en sus diferentes aspectos: distribuci\u00f3n territorial, caracter\u00edsticas demogr\u00e1ficas, sociales y econ\u00f3micas. Mediante la relaci\u00f3n e integraci\u00f3n de los mapas que expresan esas caracter\u00edsticas y sus tendencias y comportamientos espacio-temporales se podr\u00e1n tomar decisiones para el ordenamiento territorial y de planificaci\u00f3n socioecon\u00f3mica.<\/p>\r\n\r\n\r\n\r\n<!--\r\n<figure class=\"wp-block-table is-style-stripes\"><table><tbody><tr><td class=\"has-text-align-center\" data-align=\"center\"><a href=\"https:\/\/ordenamientoecologico.oaxaca.gob.mx\/wp-content\/uploads\/2023\/12\/componente_social_web.pdf\"><img loading=\"lazy\" decoding=\"async\" width=\"110\" height=\"137\" class=\"wp-image-295\" style=\"width: 110px;\" src=\"https:\/\/ordenamientoecologico.oaxaca.gob.mx\/wp-content\/uploads\/2023\/12\/pdf_logo__.png\" alt=\"\"><\/a><\/td><td>Componente Social<\/td><\/tr><tr><td class=\"has-text-align-center\" data-align=\"center\"><a href=\"https:\/\/ordenamientoecologico.oaxaca.gob.mx\/wp-content\/uploads\/2023\/12\/anexos_social_web.pdf\"><img loading=\"lazy\" decoding=\"async\" width=\"110\" height=\"137\" class=\"wp-image-295\" style=\"width: 110px;\" src=\"https:\/\/ordenamientoecologico.oaxaca.gob.mx\/wp-content\/uploads\/2023\/12\/pdf_logo__.png\" alt=\"\"><\/a><\/td><td>Anexos Componente Social<\/td><\/tr><\/tbody><\/table><\/figure>-->\r\n","protected":false},"excerpt":{"rendered":"<p>El medio ambiente suministra el entorno necesario para la vida humana. Los recursos naturales, constituyen los elementos materiales necesarios para [&hellip;]<\/p>\n","protected":false},"author":1,"featured_media":0,"parent":0,"menu_order":0,"comment_status":"closed","ping_status":"closed","template":"","meta":{"footnotes":""},"class_list":["post-329","page","type-page","status-publish","hentry"],"_links":{"self":[{"href":"https:\/\/ordenamientoecologico.oaxaca.gob.mx\/index.php?rest_route=\/wp\/v2\/pages\/329","targetHints":{"allow":["GET"]}}],"collection":[{"href":"https:\/\/ordenamientoecologico.oaxaca.gob.mx\/index.php?rest_route=\/wp\/v2\/pages"}],"about":[{"href":"https:\/\/ordenamientoecologico.oaxaca.gob.mx\/index.php?rest_route=\/wp\/v2\/types\/page"}],"author":[{"embeddable":true,"href":"https:\/\/ordenamientoecologico.oaxaca.gob.mx\/index.php?rest_route=\/wp\/v2\/users\/1"}],"replies":[{"embeddable":true,"href":"https:\/\/ordenamientoecologico.oaxaca.gob.mx\/index.php?rest_route=%2Fwp%2Fv2%2Fcomments&post=329"}],"version-history":[{"count":5,"href":"https:\/\/ordenamientoecologico.oaxaca.gob.mx\/index.php?rest_route=\/wp\/v2\/pages\/329\/revisions"}],"predecessor-version":[{"id":664,"href":"https:\/\/ordenamientoecologico.oaxaca.gob.mx\/index.php?rest_route=\/wp\/v2\/pages\/329\/revisions\/664"}],"wp:attachment":[{"href":"https:\/\/ordenamientoecologico.oaxaca.gob.mx\/index.php?rest_route=%2Fwp%2Fv2%2Fmedia&parent=329"}],"curies":[{"name":"wp","href":"https:\/\/api.w.org\/{rel}","templated":true}]}}