{"id":331,"date":"2023-12-08T13:23:38","date_gmt":"2023-12-08T19:23:38","guid":{"rendered":"http:\/\/192.168.15.239\/?page_id=331"},"modified":"2025-03-12T18:05:10","modified_gmt":"2025-03-13T00:05:10","slug":"caracterizacion-economica","status":"publish","type":"page","link":"https:\/\/ordenamientoecologico.oaxaca.gob.mx\/?page_id=331","title":{"rendered":"Caracterizaci\u00f3n Econ\u00f3mica"},"content":{"rendered":"\r\n<p>M\u00e9xico es un pa\u00eds con una gran biodiversidad, todo lo que est\u00e1 en la naturaleza y que puede ser utilizado por el hombre es considerado como un recurso natural: ejemplo de ellos son los lagos, r\u00edos, mares, minerales, bosques, petr\u00f3leo, aire, energ\u00eda solar, etc.<\/p>\r\n\r\n\r\n\r\n<p>El objetivo es caracterizar el comportamiento econ\u00f3mico de las regiones, a partir de la identificaci\u00f3n de las actividades de mayor influencia en los sectores productivos dominantes de la regi\u00f3n. Para ello, se establecieron tres variables importantes que capturan el desempe\u00f1o de todas las actividades que conforman al sector. Las variables de estudio son: Valor de Producci\u00f3n, Unidades Econ\u00f3micas y Poblaci\u00f3n Ocupada, todas ellas reflejan el crecimiento de las actividades, a nivel regional con respecto al total del Estado de Oaxaca. La metodolog\u00eda tambi\u00e9n refleja que actividades representan un cambio significativo en su crecimiento o decrecimiento, lo que implica un avance o retroceso en el aspecto competitivo de la actividad.<\/p>\r\n\r\n\r\n\r\n<p>Se agruparon a nivel municipal todas las actividades que conforman a los tres sectores econ\u00f3micos, determinando los datos que corresponden a las variables de estudio. Se seleccionaron las actividades que son frecuentes para los a\u00f1os 2004 y 2008, ya que no existe un marco de comparaci\u00f3n entre los datos, debido a que es un an\u00e1lisis comparativo basado en tasas de crecimiento. Se integr\u00f3 la informaci\u00f3n municipal sacando los totales de las variables por regi\u00f3n, posteriormente se compar\u00f3 con el dato total que aparece en INEGI. Lo anterior permite contrastar la din\u00e1mica de la actividad por regi\u00f3n con respecto al estado de Oaxaca comparando los a\u00f1os de estudio.<\/p>\r\n\r\n\r\n\r\n<p>El an\u00e1lisis cambio-participaci\u00f3n constituye un m\u00e9todo de estandarizaci\u00f3n de datos que considera la estructura econ\u00f3mica regional y las diferentes tasas de crecimiento de las distintas actividades de la econom\u00eda estatal. Este m\u00e9todo explica las causas de las variaciones en el valor de producci\u00f3n.<\/p>\r\n\r\n\r\n\r\n\r\n<!--\r\n<figure class=\"wp-block-table is-style-stripes\"><table><tbody><tr><td class=\"has-text-align-center\" data-align=\"center\"><a href=\"https:\/\/ordenamientoecologico.oaxaca.gob.mx\/wp-content\/uploads\/2023\/12\/componente_economico_web.pdf\"><img loading=\"lazy\" decoding=\"async\" width=\"110\" height=\"137\" class=\"wp-image-295\" style=\"width: 110px;\" src=\"https:\/\/ordenamientoecologico.oaxaca.gob.mx\/wp-content\/uploads\/2023\/12\/pdf_logo__.png\" alt=\"\"><\/a><\/td><td>Caracterizaci\u00f3n Econ\u00f3mica<\/td><\/tr><tr><td class=\"has-text-align-center\" data-align=\"center\"><a href=\"https:\/\/ordenamientoecologico.oaxaca.gob.mx\/wp-content\/uploads\/2023\/12\/anexos_economico_web.pdf\"><img loading=\"lazy\" decoding=\"async\" width=\"110\" height=\"137\" class=\"wp-image-295\" style=\"width: 110px;\" src=\"https:\/\/ordenamientoecologico.oaxaca.gob.mx\/wp-content\/uploads\/2023\/12\/pdf_logo__.png\" alt=\"\"><\/a><\/td><td>Anexos Caracterizaci\u00f3n Econ\u00f3mica<\/td><\/tr><\/tbody><\/table><\/figure>-->\r\n","protected":false},"excerpt":{"rendered":"<p>M\u00e9xico es un pa\u00eds con una gran biodiversidad, todo lo que est\u00e1 en la naturaleza y que puede ser utilizado [&hellip;]<\/p>\n","protected":false},"author":1,"featured_media":0,"parent":0,"menu_order":0,"comment_status":"closed","ping_status":"closed","template":"","meta":{"footnotes":""},"class_list":["post-331","page","type-page","status-publish","hentry"],"_links":{"self":[{"href":"https:\/\/ordenamientoecologico.oaxaca.gob.mx\/index.php?rest_route=\/wp\/v2\/pages\/331","targetHints":{"allow":["GET"]}}],"collection":[{"href":"https:\/\/ordenamientoecologico.oaxaca.gob.mx\/index.php?rest_route=\/wp\/v2\/pages"}],"about":[{"href":"https:\/\/ordenamientoecologico.oaxaca.gob.mx\/index.php?rest_route=\/wp\/v2\/types\/page"}],"author":[{"embeddable":true,"href":"https:\/\/ordenamientoecologico.oaxaca.gob.mx\/index.php?rest_route=\/wp\/v2\/users\/1"}],"replies":[{"embeddable":true,"href":"https:\/\/ordenamientoecologico.oaxaca.gob.mx\/index.php?rest_route=%2Fwp%2Fv2%2Fcomments&post=331"}],"version-history":[{"count":8,"href":"https:\/\/ordenamientoecologico.oaxaca.gob.mx\/index.php?rest_route=\/wp\/v2\/pages\/331\/revisions"}],"predecessor-version":[{"id":665,"href":"https:\/\/ordenamientoecologico.oaxaca.gob.mx\/index.php?rest_route=\/wp\/v2\/pages\/331\/revisions\/665"}],"wp:attachment":[{"href":"https:\/\/ordenamientoecologico.oaxaca.gob.mx\/index.php?rest_route=%2Fwp%2Fv2%2Fmedia&parent=331"}],"curies":[{"name":"wp","href":"https:\/\/api.w.org\/{rel}","templated":true}]}}