{"id":333,"date":"2023-12-08T13:24:14","date_gmt":"2023-12-08T19:24:14","guid":{"rendered":"http:\/\/192.168.15.239\/?page_id=333"},"modified":"2025-03-12T18:06:13","modified_gmt":"2025-03-13T00:06:13","slug":"participacion-publica-2","status":"publish","type":"page","link":"https:\/\/ordenamientoecologico.oaxaca.gob.mx\/?page_id=333","title":{"rendered":"Participaci\u00f3n P\u00fablica"},"content":{"rendered":"\r\n<p>La participaci\u00f3n p\u00fablica es un proceso voluntario donde el p\u00fablico puede intercambiar informaci\u00f3n, expresar opiniones, articular intereses y tener el potencial de influir en las decisiones o el resultado del tema en cuesti\u00f3n (Garc\u00eda de la Rosa, 2003).<\/p>\r\n\r\n\r\n\r\n<p>Como parte del estudio t\u00e9cnico de caracterizaci\u00f3n, la participaci\u00f3n p\u00fablica resulta fundamental en el Programa de Ordenamiento Ecol\u00f3gico ya que se deben involucrar a los sectores que intervienen en la ocupaci\u00f3n del territorio, puesto que ser\u00e1n estos los que se ver\u00e1n afectados con la normatividad generada del POERTEO.<\/p>\r\n\r\n\r\n\r\n<p>Por tanto, el grupo t\u00e9cnico consultor UABJO-CIIDIR IPN OAXACA se dio a la tarea de realizar los talleres participativos de esta etapa, donde una vez analizadas distintas alternativas, se acord\u00f3 efectuar cinco talleres regionales.<\/p>\r\n\r\n\r\n\r\n<p>El resultado de los talleres sectoriales realizados durante los meses de abril y mayo del 2012, fueron el insumo b\u00e1sico para la elaboraci\u00f3n de los mapas de aptitud territorial del Estado, lo cual marcar\u00e1 la pauta para la delimitaci\u00f3n de actividades dentro del territorio, con las implicaciones que esto tenga en el uso y aprovechamiento de los recursos naturales, y por tanto, en el desarrollo de los ecosistemas.<\/p>\r\n\r\n\r\n\r\n<p>Ante esta perspectiva, los talleres resultan ser de vital importancia para el proceso, ya que es a partir de ellos, con la visi\u00f3n particular de los distintos sectores que participaron en las mesas de trabajo, por medio de la expresi\u00f3n de sus intereses, se podr\u00e1 establecer los patrones de ocupaci\u00f3n del territorio a futuro, el cual tendr\u00e1 que ser a partir de una visi\u00f3n hol\u00edstica, esto es, considerando cada uno de los sectores involucrados, buscando maximizar el consenso y minimizar los conflictos que del uso del territorio se desprendan.<\/p>\r\n\r\n\r\n\r\n<!--\r\n<figure class=\"wp-block-table is-style-stripes\"><table><tbody><tr><td class=\"has-text-align-center\" data-align=\"center\"><img loading=\"lazy\" decoding=\"async\" width=\"110\" height=\"137\" class=\"wp-image-295\" style=\"width: 110px;\" src=\"https:\/\/ordenamientoecologico.oaxaca.gob.mx\/wp-content\/uploads\/2023\/12\/pdf_logo__.png\" alt=\"\"><\/td><td>Reporte de Talleres de Caracterizaci\u00f3n<\/td><\/tr><\/tbody><\/table><\/figure> -->\r\n","protected":false},"excerpt":{"rendered":"<p>La participaci\u00f3n p\u00fablica es un proceso voluntario donde el p\u00fablico puede intercambiar informaci\u00f3n, expresar opiniones, articular intereses y tener el [&hellip;]<\/p>\n","protected":false},"author":1,"featured_media":0,"parent":0,"menu_order":0,"comment_status":"closed","ping_status":"closed","template":"","meta":{"footnotes":""},"class_list":["post-333","page","type-page","status-publish","hentry"],"_links":{"self":[{"href":"https:\/\/ordenamientoecologico.oaxaca.gob.mx\/index.php?rest_route=\/wp\/v2\/pages\/333","targetHints":{"allow":["GET"]}}],"collection":[{"href":"https:\/\/ordenamientoecologico.oaxaca.gob.mx\/index.php?rest_route=\/wp\/v2\/pages"}],"about":[{"href":"https:\/\/ordenamientoecologico.oaxaca.gob.mx\/index.php?rest_route=\/wp\/v2\/types\/page"}],"author":[{"embeddable":true,"href":"https:\/\/ordenamientoecologico.oaxaca.gob.mx\/index.php?rest_route=\/wp\/v2\/users\/1"}],"replies":[{"embeddable":true,"href":"https:\/\/ordenamientoecologico.oaxaca.gob.mx\/index.php?rest_route=%2Fwp%2Fv2%2Fcomments&post=333"}],"version-history":[{"count":4,"href":"https:\/\/ordenamientoecologico.oaxaca.gob.mx\/index.php?rest_route=\/wp\/v2\/pages\/333\/revisions"}],"predecessor-version":[{"id":666,"href":"https:\/\/ordenamientoecologico.oaxaca.gob.mx\/index.php?rest_route=\/wp\/v2\/pages\/333\/revisions\/666"}],"wp:attachment":[{"href":"https:\/\/ordenamientoecologico.oaxaca.gob.mx\/index.php?rest_route=%2Fwp%2Fv2%2Fmedia&parent=333"}],"curies":[{"name":"wp","href":"https:\/\/api.w.org\/{rel}","templated":true}]}}