{"id":372,"date":"2023-12-08T17:02:27","date_gmt":"2023-12-08T23:02:27","guid":{"rendered":"http:\/\/192.168.15.239\/?page_id=372"},"modified":"2025-03-12T18:13:07","modified_gmt":"2025-03-13T00:13:07","slug":"resumen-ejecutivo","status":"publish","type":"page","link":"https:\/\/ordenamientoecologico.oaxaca.gob.mx\/?page_id=372","title":{"rendered":"Resumen Ejecutivo"},"content":{"rendered":"\r\n<p>El Ordenamiento Ecol\u00f3gico del Territorio es un instrumento de planeaci\u00f3n ambiental de los usos del territorio, que tiene como eje central un programa inductivo que&nbsp; debe&nbsp; transitar hacia la construcci\u00f3n de pol\u00edticas p\u00fablicas, que a su vez deber\u00e1n expresarse en programas, proyectos y acciones de gobierno, as\u00ed como en criterios de regulaci\u00f3n ecol\u00f3gica&nbsp; que se traduzcan en elementos normativos&nbsp; que permitan conducir las acciones de gobierno y sociedad, hacia el cumplimiento de los objetivos del Programa de Ordenamiento.<\/p>\r\n\r\n\r\n\r\n<p>El presente documento muestra una s\u00edntesis del trabajo realizado durante la Fase de Formulaci\u00f3n del POERTEO. La Agenda Ambiental, en la cual se realiz\u00f3 un taller participativo y se hizo trabajo de investigaci\u00f3n que se traducen en el listado jerarquizado de problem\u00e1ticas de \u00edndole econ\u00f3mica, social y ambiental que repercuten en los actuales grandes problemas ambientales que presenta el estado de Oaxaca.<\/p>\r\n\r\n\r\n\r\n<p>La caracterizaci\u00f3n muestra la informaci\u00f3n descriptiva de cada uno de los componentes econ\u00f3mico, social y natural, donde se dice qu\u00e9 atributos se identifican en el territorio oaxaque\u00f1o, as\u00ed como en qu\u00e9 cantidades se presentan o se tiene registro.<\/p>\r\n\r\n\r\n\r\n<p>El diagn\u00f3stico contempla la obtenci\u00f3n de la aptitud del territorio, as\u00ed como la identificaci\u00f3n de los principales conflictos de tipo ambiental; a su vez se identifican las \u00e1reas prioritarias a proteger, restaurar y conservar, adem\u00e1s de analizar las compatibilidades e incompatibilidades entre planes, programas y proyectos de gobierno.<\/p>\r\n\r\n\r\n\r\n<p>El pron\u00f3stico muestra la modelaci\u00f3n de tres escenarios: tendencial, contextual y estrat\u00e9gico, donde en cada uno de \u00e9stos se muestra la posible evoluci\u00f3n de los principales atributos socio-ambientales y variables demogr\u00e1ficas, que permiten proyectar el comportamiento tanto de la aptitud sectorial generada en el diagn\u00f3stico como la evoluci\u00f3n de los conflictos ambientales, todo esto al a\u00f1o 2025.<\/p>\r\n\r\n\r\n\r\n<p>Finalmente, se presenta la Propuesta del Modelo de Ordenamiento y sus respectivos lineamientos, estrategias y criterios de regulaci\u00f3n ecol\u00f3gicos.<\/p>\r\n\r\n\r\n <!--\r\n<figure class=\"wp-block-table is-style-stripes\"><table><tbody><tr><td><a href=\"https:\/\/ordenamientoecologico.oaxaca.gob.mx\/wp-content\/uploads\/2023\/12\/Resumen_ejecutivo_POERTEO_web.pdf\"><img loading=\"lazy\" decoding=\"async\" width=\"110\" height=\"137\" class=\"wp-image-295\" style=\"width: 110px;\" src=\"https:\/\/ordenamientoecologico.oaxaca.gob.mx\/wp-content\/uploads\/2023\/12\/pdf_logo__.png\" alt=\"\"><\/a><\/td><td>Resumen Ejecutivo del Programa de Ordenamiento Ecol\u00f3gico Regional del Territorio del Estado de Oaxaca<\/td><\/tr><\/tbody><\/table><\/figure>-->\r\n","protected":false},"excerpt":{"rendered":"<p>El Ordenamiento Ecol\u00f3gico del Territorio es un instrumento de planeaci\u00f3n ambiental de los usos del territorio, que tiene como eje [&hellip;]<\/p>\n","protected":false},"author":1,"featured_media":0,"parent":0,"menu_order":0,"comment_status":"closed","ping_status":"closed","template":"","meta":{"footnotes":""},"class_list":["post-372","page","type-page","status-publish","hentry"],"_links":{"self":[{"href":"https:\/\/ordenamientoecologico.oaxaca.gob.mx\/index.php?rest_route=\/wp\/v2\/pages\/372","targetHints":{"allow":["GET"]}}],"collection":[{"href":"https:\/\/ordenamientoecologico.oaxaca.gob.mx\/index.php?rest_route=\/wp\/v2\/pages"}],"about":[{"href":"https:\/\/ordenamientoecologico.oaxaca.gob.mx\/index.php?rest_route=\/wp\/v2\/types\/page"}],"author":[{"embeddable":true,"href":"https:\/\/ordenamientoecologico.oaxaca.gob.mx\/index.php?rest_route=\/wp\/v2\/users\/1"}],"replies":[{"embeddable":true,"href":"https:\/\/ordenamientoecologico.oaxaca.gob.mx\/index.php?rest_route=%2Fwp%2Fv2%2Fcomments&post=372"}],"version-history":[{"count":4,"href":"https:\/\/ordenamientoecologico.oaxaca.gob.mx\/index.php?rest_route=\/wp\/v2\/pages\/372\/revisions"}],"predecessor-version":[{"id":669,"href":"https:\/\/ordenamientoecologico.oaxaca.gob.mx\/index.php?rest_route=\/wp\/v2\/pages\/372\/revisions\/669"}],"wp:attachment":[{"href":"https:\/\/ordenamientoecologico.oaxaca.gob.mx\/index.php?rest_route=%2Fwp%2Fv2%2Fmedia&parent=372"}],"curies":[{"name":"wp","href":"https:\/\/api.w.org\/{rel}","templated":true}]}}