{"id":385,"date":"2023-12-08T17:18:53","date_gmt":"2023-12-08T23:18:53","guid":{"rendered":"http:\/\/192.168.15.239\/?page_id=385"},"modified":"2025-03-12T18:27:44","modified_gmt":"2025-03-13T00:27:44","slug":"humedales-costeros","status":"publish","type":"page","link":"https:\/\/ordenamientoecologico.oaxaca.gob.mx\/?page_id=385","title":{"rendered":"Humedales Costeros"},"content":{"rendered":"<div class=\"wp-block-image\">\r\n<figure class=\"aligncenter size-full\"><img loading=\"lazy\" decoding=\"async\" width=\"900\" height=\"462\" src=\"https:\/\/ordenamientoecologico.oaxaca.gob.mx\/wp-content\/uploads\/2023\/12\/Humedales.jpg\" alt=\"\" class=\"wp-image-551\" srcset=\"https:\/\/ordenamientoecologico.oaxaca.gob.mx\/wp-content\/uploads\/2023\/12\/Humedales.jpg 900w, https:\/\/ordenamientoecologico.oaxaca.gob.mx\/wp-content\/uploads\/2023\/12\/Humedales-300x154.jpg 300w, https:\/\/ordenamientoecologico.oaxaca.gob.mx\/wp-content\/uploads\/2023\/12\/Humedales-768x394.jpg 768w\" sizes=\"auto, (max-width: 900px) 100vw, 900px\" \/><\/figure><\/div>\r\n\r\n\r\n<p>Hist\u00f3ricamente, las zonas costeras han sido una frontera a trav\u00e9s de la cual muchas civilizaciones se han desarrollado a partir del comercio y el intercambio cultural con otros pueblos. Actualmente, la importancia de estas zonas radica en el aprovechamiento de los recursos naturales, tales como el suelo, el agua, el paisaje y la biodiversidad.<\/p>\r\n\r\n\r\n\r\n<p>En estas zonas costeras encontramos a los humedales ubicados en la transici\u00f3n entre los ecosistemas terrestres y acu\u00e1ticos, con una biodiversidad caracter\u00edstica y valiosa que debe conservarse; figuran entre los ambientes m\u00e1s productivos del planeta ya que son cunas de diversidad biol\u00f3gica al ser fuentes de agua y productividad primaria necesarias para el ser humano y de innumerables especies vegetales y animales.<\/p>\r\n\r\n\r\n\r\n<p>El desarrollo acelerado de ciertas actividades econ\u00f3micas como la industria petrolera, la generaci\u00f3n de energ\u00eda, el turismo, el desarrollo agropecuario y el transporte mar\u00edtimo, han inducido un crecimiento desordenado de las zonas urbanas en la franja costera, con los consecuentes conflictos ambientales derivados de la competencia por el espacio, el uso de los recursos y la generaci\u00f3n de residuos y contaminantes, son factores que ponen en riesgo a los humedales. Uno de los problemas m\u00e1s graves es la falta de conocimiento de nuestros humedales, a\u00fan no sabemos cuanta superficie tenemos, donde se ubican y su fragilidad, as\u00ed como la funcionalidad y especies que los habitan.<\/p>\r\n\r\n\r\n\r\n<p>Gracias al financiamiento Estatal, Federal y al valioso apoyo de las comunidades se tienen avances importantes en cuanto al diagn\u00f3stico de los Humedales de la Costa de Oaxaca y su correspondiente inventario, teniendo identificados 54 humedales en el Estado, de los cuales 10 est\u00e1n categorizados como los m\u00e1s importantes, principalmente por estar ubicados en ANP (\u00c1rea Natural Protegida), por sus criterios de riqueza en cuanto a biodiversidad u otras modalidades de conservaci\u00f3n establecidos por la CONABIO, etc., a pesar de que la mayor\u00eda no son de gran extensi\u00f3n cualitativamente si son trascendentales ecosist\u00e9micamente: Sistema lagunar Chacahua-Pastor\u00eda, Cacaluta, Laguna Zanate, Mascalco, Barra de la Cruz, Chachahual, San Agust\u00edn, Majahual-Arenal, Tonameca y Manialtepec-Portesuelo.<\/p>\r\n\r\n\r\n\r\n<p>La convenci\u00f3n sobre los Humedales o Convenci\u00f3n RAMSAR, design\u00f3 en el estado de Oaxaca cuatro sitios RAMSAR de gran importancia por su riqueza natural, diversidad biol\u00f3gica y din\u00e1mica ecol\u00f3gica: el primero de ellos es el sitio 1321 (Cuencas y Corales de la Zona Costera de Huatulco), ubicado en el Parque Nacional Huatulco, municipio de Santa Mar\u00eda Huatulco, con una superficie de 44,400 Ha, designada el 27 de noviembre del 2003; el segundo es el sitio 1819 (Lagunas de Chacahua), ubicado en la franja costera del municipio de Villa de Tututepec de Melchor Ocampo y decretada el 9 de julio de 1937 como \u00c1rea Natural Protegida por el Gobierno Federal en la categor\u00eda de Parque Nacional denominado \u201cLagunas de Chacahua\u201d; el tercer sitio es el 1821 (Playa Barra de la Cruz), ubicado en el Municipio Santiago Astata, este humedal es muy importante para la anidaci\u00f3n de tres especies de tortugas marinas, que desovan cada a\u00f1o: la tortuga La\u00fad (Dermochelys coriacea), la tortuga Golfina (Lepidochelys olivacea), y la tortuga Prieta (Chelonia mydas); el cuarto sitio es el 1347 (Playa Tortuguera Cahuit\u00e1n), se localiza en el Municipio de Santiago Tapextla, Distrito de Jamiltepec, en esta playa se desarrolla la reproducci\u00f3n, incubaci\u00f3n de huevos, eclosi\u00f3n y emergencia de las cr\u00edas de varias tortugas marinas, como la tortuga la\u00fad (Dermochelys coriacea).<\/p>\r\n\r\n\r\n\r\n<p>Derivado de lo anterior, en octubre del 2012 se realiz\u00f3 el taller de validaci\u00f3n del \u201cPrograma Estatal de Humedales Costeros de Oaxaca\u201d y se instal\u00f3 el \u201cConsejo Estatal de Humedales de Oaxaca\u201d el cual est\u00e1 integrado por ocho sectores: Sector Agrario, Autoridades Municipales, Grupos Organizados, Gobierno del Estado de Oaxaca, Gobierno Federal, Instituciones Acad\u00e9micas, organizaciones de la Sociedad Civil e Iniciativa privada; cuyo objetivo es gestionar el buen manejo, restauraci\u00f3n y conservaci\u00f3n de los humedales costeros como espacios vitales para la biodiversidad y la sustentabilidad de las comunidades costeras, fortaleciendo las actividades locales que en ellos se realizan.<\/p>\r\n\r\n\r\n\r\n<p>As\u00ed mismo, se desarroll\u00f3 un sistema de Informaci\u00f3n Geogr\u00e1fica (SIG) de los Humedales Costeros de Oaxaca que est\u00e1 disponible para su consulta.<\/p>\r\n\r\n\r\n\r\n<div style=\"height:100px\" aria-hidden=\"true\" class=\"wp-block-spacer\"><\/div>\r\n\r\n\r\n\r\n<!--<h3 class=\"wp-block-heading\">Informaci\u00f3n disponible<\/h3>-->\r\n\r\n\r\n\r\n<!--\r\n<figure class=\"wp-block-table is-style-stripes\"><table><tbody><tr><td><a href=\"https:\/\/ordenamientoecologico.oaxaca.gob.mx\/wp-content\/uploads\/2023\/12\/programa-estatal-humedales-costeros-oaxaca.pdf\"><img loading=\"lazy\" decoding=\"async\" width=\"110\" height=\"137\" class=\"wp-image-295\" style=\"width: 110px;\" src=\"https:\/\/ordenamientoecologico.oaxaca.gob.mx\/wp-content\/uploads\/2023\/12\/pdf_logo__.png\" alt=\"\"><\/a><\/td><td>Programa Estatal de Humedales Costeros de Oaxaca<\/td><\/tr><\/tbody><\/table><\/figure> -->\r\n\r\n\r\n\r\n<!--<div style=\"height:100px\" aria-hidden=\"true\" class=\"wp-block-spacer\"><\/div>-->\r\n\r\n\r\n\r\n<!-- <h3 class=\"wp-block-heading\">Materiales de difusi\u00f3n<\/h3>-->\r\n\r\n\r\n\r\n<!--\r\n<figure class=\"wp-block-table is-style-stripes\"><table><tbody><tr><td><a href=\"https:\/\/ordenamientoecologico.oaxaca.gob.mx\/wp-content\/uploads\/2023\/12\/ManualConozcamosNuestrosManglares.pdf\"><img loading=\"lazy\" decoding=\"async\" width=\"110\" height=\"137\" class=\"wp-image-295\" style=\"width: 110px;\" src=\"https:\/\/ordenamientoecologico.oaxaca.gob.mx\/wp-content\/uploads\/2023\/12\/pdf_logo__.png\" alt=\"\"><\/a><\/td><td>Conozcamos nuestros manglares<\/td><\/tr><tr><td><a href=\"https:\/\/ordenamientoecologico.oaxaca.gob.mx\/wp-content\/uploads\/2023\/12\/Triptico.pdf\"><img loading=\"lazy\" decoding=\"async\" width=\"110\" height=\"137\" class=\"wp-image-295\" style=\"width: 110px;\" src=\"https:\/\/ordenamientoecologico.oaxaca.gob.mx\/wp-content\/uploads\/2023\/12\/pdf_logo__.png\" alt=\"\"><\/a><\/td><td>Tr\u00edptico<\/td><\/tr><tr><td><a href=\"https:\/\/ordenamientoecologico.oaxaca.gob.mx\/wp-content\/uploads\/2023\/12\/cartel-final.jpg\"><img loading=\"lazy\" decoding=\"async\" width=\"110\" height=\"137\" class=\"wp-image-295\" style=\"width: 110px;\" src=\"https:\/\/ordenamientoecologico.oaxaca.gob.mx\/wp-content\/uploads\/2023\/12\/pdf_logo__.png\" alt=\"\"><\/a><\/td><td>Cartel<\/td><\/tr><\/tbody><\/table><\/figure>-->\r\n","protected":false},"excerpt":{"rendered":"<p>Hist\u00f3ricamente, las zonas costeras han sido una frontera a trav\u00e9s de la cual muchas civilizaciones se han desarrollado a partir [&hellip;]<\/p>\n","protected":false},"author":1,"featured_media":0,"parent":0,"menu_order":0,"comment_status":"closed","ping_status":"closed","template":"","meta":{"footnotes":""},"class_list":["post-385","page","type-page","status-publish","hentry"],"_links":{"self":[{"href":"https:\/\/ordenamientoecologico.oaxaca.gob.mx\/index.php?rest_route=\/wp\/v2\/pages\/385","targetHints":{"allow":["GET"]}}],"collection":[{"href":"https:\/\/ordenamientoecologico.oaxaca.gob.mx\/index.php?rest_route=\/wp\/v2\/pages"}],"about":[{"href":"https:\/\/ordenamientoecologico.oaxaca.gob.mx\/index.php?rest_route=\/wp\/v2\/types\/page"}],"author":[{"embeddable":true,"href":"https:\/\/ordenamientoecologico.oaxaca.gob.mx\/index.php?rest_route=\/wp\/v2\/users\/1"}],"replies":[{"embeddable":true,"href":"https:\/\/ordenamientoecologico.oaxaca.gob.mx\/index.php?rest_route=%2Fwp%2Fv2%2Fcomments&post=385"}],"version-history":[{"count":9,"href":"https:\/\/ordenamientoecologico.oaxaca.gob.mx\/index.php?rest_route=\/wp\/v2\/pages\/385\/revisions"}],"predecessor-version":[{"id":673,"href":"https:\/\/ordenamientoecologico.oaxaca.gob.mx\/index.php?rest_route=\/wp\/v2\/pages\/385\/revisions\/673"}],"wp:attachment":[{"href":"https:\/\/ordenamientoecologico.oaxaca.gob.mx\/index.php?rest_route=%2Fwp%2Fv2%2Fmedia&parent=385"}],"curies":[{"name":"wp","href":"https:\/\/api.w.org\/{rel}","templated":true}]}}