{"id":389,"date":"2023-12-10T23:12:17","date_gmt":"2023-12-11T05:12:17","guid":{"rendered":"http:\/\/192.168.15.239\/?page_id=389"},"modified":"2023-12-14T13:07:23","modified_gmt":"2023-12-14T19:07:23","slug":"introduccion-2","status":"publish","type":"page","link":"https:\/\/ordenamientoecologico.oaxaca.gob.mx\/?page_id=389","title":{"rendered":"Introducci\u00f3n"},"content":{"rendered":"\n<p>Santa Mar\u00eda Tonameca (Introducci\u00f3n)<\/p>\n\n\n\n<p>El ordenamiento tiene fundamento en la Constituci\u00f3n Pol\u00edtica de los Estados Unidos Mexicanos, La Ley de Planeaci\u00f3n, diversas leyes federales y locales, el Sistema Nacional de Planeaci\u00f3n Democr\u00e1tica y la Ley General del Equilibrio Ecol\u00f3gico y de Protecci\u00f3n al Ambiente. En general estas leyes exigen que el Ordenamiento Ecol\u00f3gico del territorio se incorpore al Plan Nacional de Desarrollo, a los programas sectoriales y a los planes de desarrollo estatal buscando la congruencia, la corresponsabilidad y la cohesi\u00f3n entre ellos.<\/p>\n\n\n\n<p>Particularmente la Ley General del Equilibrio Ecol\u00f3gico y de Protecci\u00f3n al Medio Ambiente define al Ordenamiento Ecol\u00f3gico como un instrumento de la pol\u00edtica ambiental, cuyo objeto es regular o inducir el uso del suelo y las actividades productivas, con el fin de lograr la protecci\u00f3n del medio ambiente, la preservaci\u00f3n y el aprovechamiento sustentable de los recursos naturales, a partir del an\u00e1lisis de la tendencia del deterioro y las potencialidades de aprovechamiento de los mismos.<\/p>\n\n\n\n<p>El Ordenamiento Ecol\u00f3gico es necesario debido a que la cultura productiva en nuestro medio, en la mayor\u00eda de las veces, ha incidido en el deterioro de los recursos naturales que integran nuestros ecosistemas. Ha ocasionado impactos ambientales significativos al medio ambiente, llegando a ser el origen de conflictos de tipo social o incidir en la disminuci\u00f3n de la cantidad y calidad productiva.<\/p>\n\n\n\n<p>El proceso de Ordenamiento Ecol\u00f3gico Local en la zona costera del Estado de Oaxaca se inserta en la Estrategia Nacional para el Ordenamiento Ecol\u00f3gico del Territorio en Mares y Costas, \u201cEstrategia por Zonas\u201d, se establece que la meta sexenal en esta l\u00ednea de acci\u00f3n ser\u00e1 impulsar decretos de los Programas de Ordenamiento del 100% de los Estados considerados como prioritarios y del 50% de los Municipios considerados como de alto potencial para el desarrollo tur\u00edstico, industrial, agr\u00edcola, acu\u00edcola y pesquero.<\/p>\n\n\n\n<p>Para la realizaci\u00f3n del Ordenamiento Ecol\u00f3gico Local municipal de Santa Mar\u00eda Tonameca, se siguieron los lineamientos emitidos por la Secretar\u00eda de Medio Ambiente y Recursos Naturales (SEMARNAT) en los \u201cT\u00e9rminos de Referencia\u201d, entregados a la Universidad de Guadalajara, como gu\u00eda de trabajo. Adem\u00e1s se tomaron en cuenta los insumos ya existentes, como ordenamientos ecol\u00f3gicos estatales, regionales o locales as\u00ed como informaci\u00f3n existente en el Instituto Nacional de Ecolog\u00eda otras \u00e1reas de la SEMARNAT y otras instituciones.<\/p>\n\n\n\n<figure class=\"wp-block-table is-style-stripes\"><table><tbody><tr><td class=\"has-text-align-center\" data-align=\"center\"><a href=\"https:\/\/ordenamientoecologico.oaxaca.gob.mx\/wp-content\/uploads\/2023\/12\/anexo_13.2.1_convenio_tonameca_web.pdf\"><img loading=\"lazy\" decoding=\"async\" width=\"110\" height=\"137\" class=\"wp-image-295\" style=\"width: 110px;\" src=\"https:\/\/ordenamientoecologico.oaxaca.gob.mx\/wp-content\/uploads\/2023\/12\/pdf_logo__.png\" alt=\"\"><\/a><\/td><td>Convenio para establecer las bases para la instrumentaci\u00f3n del proceso tendiente a la formulaci\u00f3n, aprobaci\u00f3n, expedici\u00f3n, ejecuci\u00f3n, evaluaci\u00f3n y modificaci\u00f3n del programa e ordenamiento ecol\u00f3gico municipal de Santa Mar\u00eda Tonameca.<\/td><\/tr><\/tbody><\/table><\/figure>\n","protected":false},"excerpt":{"rendered":"<p>Santa Mar\u00eda Tonameca (Introducci\u00f3n) El ordenamiento tiene fundamento en la Constituci\u00f3n Pol\u00edtica de los Estados Unidos Mexicanos, La Ley de [&hellip;]<\/p>\n","protected":false},"author":1,"featured_media":0,"parent":0,"menu_order":0,"comment_status":"closed","ping_status":"closed","template":"","meta":{"footnotes":""},"class_list":["post-389","page","type-page","status-publish","hentry"],"_links":{"self":[{"href":"https:\/\/ordenamientoecologico.oaxaca.gob.mx\/index.php?rest_route=\/wp\/v2\/pages\/389","targetHints":{"allow":["GET"]}}],"collection":[{"href":"https:\/\/ordenamientoecologico.oaxaca.gob.mx\/index.php?rest_route=\/wp\/v2\/pages"}],"about":[{"href":"https:\/\/ordenamientoecologico.oaxaca.gob.mx\/index.php?rest_route=\/wp\/v2\/types\/page"}],"author":[{"embeddable":true,"href":"https:\/\/ordenamientoecologico.oaxaca.gob.mx\/index.php?rest_route=\/wp\/v2\/users\/1"}],"replies":[{"embeddable":true,"href":"https:\/\/ordenamientoecologico.oaxaca.gob.mx\/index.php?rest_route=%2Fwp%2Fv2%2Fcomments&post=389"}],"version-history":[{"count":3,"href":"https:\/\/ordenamientoecologico.oaxaca.gob.mx\/index.php?rest_route=\/wp\/v2\/pages\/389\/revisions"}],"predecessor-version":[{"id":568,"href":"https:\/\/ordenamientoecologico.oaxaca.gob.mx\/index.php?rest_route=\/wp\/v2\/pages\/389\/revisions\/568"}],"wp:attachment":[{"href":"https:\/\/ordenamientoecologico.oaxaca.gob.mx\/index.php?rest_route=%2Fwp%2Fv2%2Fmedia&parent=389"}],"curies":[{"name":"wp","href":"https:\/\/api.w.org\/{rel}","templated":true}]}}