{"id":401,"date":"2023-12-10T23:22:45","date_gmt":"2023-12-11T05:22:45","guid":{"rendered":"http:\/\/192.168.15.239\/?page_id=401"},"modified":"2023-12-14T14:50:13","modified_gmt":"2023-12-14T20:50:13","slug":"introduccion-3","status":"publish","type":"page","link":"https:\/\/ordenamientoecologico.oaxaca.gob.mx\/?page_id=401","title":{"rendered":"Introducci\u00f3n"},"content":{"rendered":"\n<h2 class=\"wp-block-heading\">Introducci\u00f3n (Villa de Tututepec de Melchor Ocampo)<\/h2>\n\n\n\n<p>El municipio de Villa de Tututepec de Melchor Ocampo, Distrito de Juquila, se localiza en la regi\u00f3n de la costa del Estado de Oaxaca, en las coordenadas longitud oeste 97\u00b036\u00b408\u00b4\u00b4 de latitud norte, y a una altura de 280 metros sobre el nivel del mar.<\/p>\n\n\n\n<p>Limita al norte con el municipio de Tataltepec de Vald\u00e9s y con el municipio de San Miguel Panixtlahuaca; al sur con el Oc\u00e9ano Pac\u00edfico; al este con el municipio de San Pedro Mixtepec; al oeste con el municipio de Santiago Jamiltepec. Su distancia aproximada a la capital del estado es de 352 kil\u00f3metros. La superficie total del municipio es de 1,249 kil\u00f3metros y la superficie del municipio en relaci\u00f3n al estado es del 1.31 por ciento.<\/p>\n\n\n\n<p>Para la realizaci\u00f3n del Ordenamiento Ecol\u00f3gico Local municipal de Villa de Tututepec de Melchor Ocampo, se siguieron los lineamientos emitidos por la Secretar\u00eda de Medio Ambiente y Recursos Naturales (SEMARNAT) en los \u201cT\u00e9rminos de Referencia\u201d, entregados a la Universidad de Guadalajara, como gu\u00eda de trabajo. Adem\u00e1s se tomaron en cuenta los insumos ya existentes, como ordenamientos ecol\u00f3gicos estatales, regionales o locales as\u00ed como informaci\u00f3n existente en el Instituto Nacional de Ecolog\u00eda otras \u00e1reas de la SEMARNAT y otras instituciones.<\/p>\n\n\n\n<p>Los productos cartogr\u00e1ficos generados se procesaron a una escala 1:50,000 El Ordenamiento Ecol\u00f3gico Local del municipio de Villa de Tututepec de Melchor Ocampo, Oaxaca, fue realizado por investigadores del Centro Universitario de Ciencias Biol\u00f3gicas y Agropecuarias de la Universidad de Guadalajara, durante el per\u00edodo de octubre del 2009 a julio del 2011. En este resumen se presenta una s\u00edntesis de la Propuesta del Ordenamiento Ecol\u00f3gico Local.<\/p>\n","protected":false},"excerpt":{"rendered":"<p>Introducci\u00f3n (Villa de Tututepec de Melchor Ocampo) El municipio de Villa de Tututepec de Melchor Ocampo, Distrito de Juquila, se [&hellip;]<\/p>\n","protected":false},"author":1,"featured_media":0,"parent":0,"menu_order":0,"comment_status":"closed","ping_status":"closed","template":"","meta":{"footnotes":""},"class_list":["post-401","page","type-page","status-publish","hentry"],"_links":{"self":[{"href":"https:\/\/ordenamientoecologico.oaxaca.gob.mx\/index.php?rest_route=\/wp\/v2\/pages\/401","targetHints":{"allow":["GET"]}}],"collection":[{"href":"https:\/\/ordenamientoecologico.oaxaca.gob.mx\/index.php?rest_route=\/wp\/v2\/pages"}],"about":[{"href":"https:\/\/ordenamientoecologico.oaxaca.gob.mx\/index.php?rest_route=\/wp\/v2\/types\/page"}],"author":[{"embeddable":true,"href":"https:\/\/ordenamientoecologico.oaxaca.gob.mx\/index.php?rest_route=\/wp\/v2\/users\/1"}],"replies":[{"embeddable":true,"href":"https:\/\/ordenamientoecologico.oaxaca.gob.mx\/index.php?rest_route=%2Fwp%2Fv2%2Fcomments&post=401"}],"version-history":[{"count":2,"href":"https:\/\/ordenamientoecologico.oaxaca.gob.mx\/index.php?rest_route=\/wp\/v2\/pages\/401\/revisions"}],"predecessor-version":[{"id":590,"href":"https:\/\/ordenamientoecologico.oaxaca.gob.mx\/index.php?rest_route=\/wp\/v2\/pages\/401\/revisions\/590"}],"wp:attachment":[{"href":"https:\/\/ordenamientoecologico.oaxaca.gob.mx\/index.php?rest_route=%2Fwp%2Fv2%2Fmedia&parent=401"}],"curies":[{"name":"wp","href":"https:\/\/api.w.org\/{rel}","templated":true}]}}