{"id":404,"date":"2023-12-10T23:26:46","date_gmt":"2023-12-11T05:26:46","guid":{"rendered":"http:\/\/192.168.15.239\/?page_id=404"},"modified":"2023-12-14T14:51:03","modified_gmt":"2023-12-14T20:51:03","slug":"marco-juridico-2","status":"publish","type":"page","link":"https:\/\/ordenamientoecologico.oaxaca.gob.mx\/?page_id=404","title":{"rendered":"Marco Jur\u00eddico"},"content":{"rendered":"\n<h2 class=\"wp-block-heading\">Marco Jur\u00eddico (Villa de Tututepec de Melchor Ocampo)<\/h2>\n\n\n\n<p>El ordenamiento tiene fundamento en la Constituci\u00f3n Pol\u00edtica de los Estados Unidos Mexicanos, La Ley de Planeaci\u00f3n, diversas leyes federales y locales, el Sistema Nacional de Planeaci\u00f3n Democr\u00e1tica y la Ley General del Equilibrio Ecol\u00f3gico y de Protecci\u00f3n al Medio Ambiente. En general estas leyes exigen que el Ordenamiento Ecol\u00f3gico del territorio se incorpore al Plan Nacional de Desarrollo, a los programas sectoriales y a los planes de desarrollo estatal buscando la congruencia, la corresponsabilidad y la cohesi\u00f3n entre ellos.<\/p>\n\n\n\n<p>Particularmente la Ley General del Equilibrio Ecol\u00f3gico y de Protecci\u00f3n al Medio Ambiente define al Ordenamiento Ecol\u00f3gico como un instrumento de la pol\u00edtica ambiental, cuyo objeto es regular o inducir el uso del suelo y las actividades productivas, con el fin de lograr la protecci\u00f3n del medio ambiente, la preservaci\u00f3n y el aprovechamiento sustentable de los recursos naturales, a partir del an\u00e1lisis de la tendencia del deterioro y las potencialidades de aprovechamiento de los mismos.<\/p>\n\n\n\n<p>En la Ley del Equilibrio Ecol\u00f3gico del estado de Oaxaca, publicada en el peri\u00f3dico oficial el 10 de mayo de 2008, menciona en su cap\u00edtulo IV, referente a los Instrumentos de la Pol\u00edtica Ambiental, Secci\u00f3n I de la Planeaci\u00f3n Ambiental, en el Art\u00edculo 8. \u201cEn la planeaci\u00f3n estatal del desarrollo que se establezca de conformidad con esta Ley se deber\u00e1 incorporar la pol\u00edtica ambiental y el ordenamiento ecol\u00f3gico. De igual manera en la planeaci\u00f3n y realizaci\u00f3n de las acciones a cargo de las Dependencias del Gobierno del Estado y los Municipios se observar\u00e1n los lineamientos de la pol\u00edtica ambiental que establezca esta Ley, el Plan Estatal de Desarrollo y los programas correspondientes\u201d. La misma Ley en la Secci\u00f3n II, se refiere al Ordenamiento Ecol\u00f3gico, en sus Art\u00edculos del 10 al 12, particularmente el Art\u00edculo 10 apunta: \u201cEl ordenamiento ecol\u00f3gico, es de utilidad p\u00fablica y tiene por objeto:<\/p>\n\n\n\n<p>I. Asegurar que el aprovechamiento de los elementos naturales se realice de manera integral, sustentable y en beneficio del mayor n\u00famero de personas;<\/p>\n\n\n\n<p>II. Ordenar la ubicaci\u00f3n de las actividades productivas y de servicios de acuerdo con las caracter\u00edsticas de cada ecosistema o regi\u00f3n, la ubicaci\u00f3n y condici\u00f3n socioecon\u00f3mica de la poblaci\u00f3n;<\/p>\n\n\n\n<p>III. Establecer las pol\u00edticas de protecci\u00f3n, conservaci\u00f3n, restauraci\u00f3n y aprovechamiento sustentable de los recursos naturales, y,<\/p>\n\n\n\n<p>IV. Favorecer los usos del suelo con menor impacto adverso ambiental y el mayor beneficio a la poblaci\u00f3n, sobre cualquier otro uso que requiera la destrucci\u00f3n masiva de los elementos naturales del terreno\u201d.<\/p>\n","protected":false},"excerpt":{"rendered":"<p>Marco Jur\u00eddico (Villa de Tututepec de Melchor Ocampo) El ordenamiento tiene fundamento en la Constituci\u00f3n Pol\u00edtica de los Estados Unidos [&hellip;]<\/p>\n","protected":false},"author":1,"featured_media":0,"parent":0,"menu_order":0,"comment_status":"closed","ping_status":"closed","template":"","meta":{"footnotes":""},"class_list":["post-404","page","type-page","status-publish","hentry"],"_links":{"self":[{"href":"https:\/\/ordenamientoecologico.oaxaca.gob.mx\/index.php?rest_route=\/wp\/v2\/pages\/404","targetHints":{"allow":["GET"]}}],"collection":[{"href":"https:\/\/ordenamientoecologico.oaxaca.gob.mx\/index.php?rest_route=\/wp\/v2\/pages"}],"about":[{"href":"https:\/\/ordenamientoecologico.oaxaca.gob.mx\/index.php?rest_route=\/wp\/v2\/types\/page"}],"author":[{"embeddable":true,"href":"https:\/\/ordenamientoecologico.oaxaca.gob.mx\/index.php?rest_route=\/wp\/v2\/users\/1"}],"replies":[{"embeddable":true,"href":"https:\/\/ordenamientoecologico.oaxaca.gob.mx\/index.php?rest_route=%2Fwp%2Fv2%2Fcomments&post=404"}],"version-history":[{"count":2,"href":"https:\/\/ordenamientoecologico.oaxaca.gob.mx\/index.php?rest_route=\/wp\/v2\/pages\/404\/revisions"}],"predecessor-version":[{"id":591,"href":"https:\/\/ordenamientoecologico.oaxaca.gob.mx\/index.php?rest_route=\/wp\/v2\/pages\/404\/revisions\/591"}],"wp:attachment":[{"href":"https:\/\/ordenamientoecologico.oaxaca.gob.mx\/index.php?rest_route=%2Fwp%2Fv2%2Fmedia&parent=404"}],"curies":[{"name":"wp","href":"https:\/\/api.w.org\/{rel}","templated":true}]}}