{"id":410,"date":"2023-12-10T23:32:36","date_gmt":"2023-12-11T05:32:36","guid":{"rendered":"http:\/\/192.168.15.239\/?page_id=410"},"modified":"2023-12-14T14:58:32","modified_gmt":"2023-12-14T20:58:32","slug":"caracterizacion","status":"publish","type":"page","link":"https:\/\/ordenamientoecologico.oaxaca.gob.mx\/?page_id=410","title":{"rendered":"Caracterizaci\u00f3n"},"content":{"rendered":"\n<h2 class=\"wp-block-heading\">Caracterizaci\u00f3n (Villa de Tututepec de Melchor Ocampo)<\/h2>\n\n\n\n<p>En el presente documento se desarrollan tem\u00e1ticas contempladas en el marco del Proceso de Ordenamiento Ecol\u00f3gico de Territorios establecido por la Secretaria de Medio Ambiente y Recursos Naturales SEMARNAT, las cuales contienen informaci\u00f3n con la cual se realiza la etapa de caracterizaci\u00f3n de los medios f\u00edsico, bi\u00f3tico y social del territorio del municipio de Villa de Tututepec de Melchor Ocampo del Estado de Oaxaca.<\/p>\n\n\n\n<p>Para esta etapa de caracterizaci\u00f3n se plante\u00f3 como objeto acorde a los t\u00e9rminos de referencia elaborados por SEMARNAT, describir el estado del ecosistema &#8211; cuenca y el sistema socio &#8211; econ\u00f3mico en el \u00e1rea de estudio.<\/p>\n\n\n\n<p>Para cumplimiento de lo anterior se estructuraron cinco apartados o capitulados, tres para la caracterizaci\u00f3n de los medios f\u00edsico y bi\u00f3tico y dos para el medio social.<\/p>\n\n\n\n<p>Se describen en forma breve los antecedentes y se plantean los objetivos generales y espec\u00edficos para la etapa de caracterizaci\u00f3n, del Estudio T\u00e9cnico para el Programa de Ordenamiento Ecol\u00f3gico Municipal de Villa de Tututepec de Melchor Ocampo, Oaxaca, se puntualizan en base a los t\u00e9rminos de referencia los factores relevantes del proyecto.<\/p>\n\n\n\n<p>Se delimita el \u00e1rea de estudio y su ubicaci\u00f3n, se describe la cartograf\u00eda y escala de trabajo y se se\u00f1alan los insumos a utilizar como apoyo para esta etapa del proyecto. Posteriormente, se describela geomorfolog\u00eda, el recurso suelo, el recurso agua, en el cual se detallan los recursos h\u00eddricos municipales, subcuencas, uso y manejo del agua y el balance h\u00eddrico, as\u00ed como la evaluaci\u00f3n global de la degradaci\u00f3n del suelo causada por el hombre. Posteriormente se describe la calidad del agua, el an\u00e1lisis del clima, el recurso flora y vegetaci\u00f3n, el recurso fauna, el uso y ocupaci\u00f3n del suelo, se plantea el an\u00e1lisis de la fragmentaci\u00f3n con los respectivos \u00edndices de fragmentaci\u00f3n y conectividad del paisaje para el \u00e1rea de estudio y finalmente se desarrolla un an\u00e1lisis integrado de la caracterizaci\u00f3n del medio f\u00edsico y bi\u00f3tico que describe la situaci\u00f3n normativa y ambiental de la cuenca. As\u00ed como se describe un marco regional, el sistema social, en el cual se caracteriza a la poblaci\u00f3n, la tenencia de la tierra y aspectos culturales. Se describe el sistema econ\u00f3mico y productivo, en el cual se caracterizan aspectos sociales, forma de producci\u00f3n y aspectos econ\u00f3micos, geogr\u00e1ficos y ecol\u00f3gicos; y el An\u00e1lisis sectorial describe los sectores que inciden en el \u00e1rea de estudio, los atributos ambientales que influyen en el desarrollo de las actividades sectoriales y que reflejen los intereses sectoriales dentro del \u00e1rea de estudio, la compatibilidad entre sectores y los planes, programas, proyectos y acciones de la administraci\u00f3n p\u00fablica federal, estatal y municipal que tengan efecto significativo sobre las condiciones ambientales o sociales del municipio de Villa de Tututepec de Melchor Ocampo.<\/p>\n\n\n\n<figure class=\"wp-block-table is-style-stripes\"><table><tbody><tr><td class=\"has-text-align-center\" data-align=\"center\"><a href=\"https:\/\/ordenamientoecologico.oaxaca.gob.mx\/wp-content\/uploads\/2023\/12\/anexo_14.4.2_caracterizacion_Tututepec_web.pdf\"><img loading=\"lazy\" decoding=\"async\" width=\"110\" height=\"137\" class=\"wp-image-295\" style=\"width: 110px;\" src=\"https:\/\/ordenamientoecologico.oaxaca.gob.mx\/wp-content\/uploads\/2023\/12\/pdf_logo__.png\" alt=\"\"><\/a><\/td><td><span style=\"color: rgb(116, 116, 116); font-family: &quot;Droid Sans&quot;, &quot;Helvetica Neue&quot;, &quot;Nimbus Sans L&quot;, sans-serif; font-size: 13px; font-style: normal; font-variant-ligatures: normal; font-variant-caps: normal; font-weight: 400; letter-spacing: normal; orphans: 2; text-align: justify; text-indent: 0px; text-transform: none; widows: 2; word-spacing: 0px; -webkit-text-stroke-width: 0px; white-space: normal; background-color: rgb(235, 235, 235); text-decoration-thickness: initial; text-decoration-style: initial; text-decoration-color: initial; display: inline !important; float: none;\"><\/span>Etapa de Caracterizaci\u00f3n del Ordenamiento Ecol\u00f3gico Local de Villa de Tututepec de Melchor Ocampo, Oaxaca.<\/td><\/tr><tr><td class=\"has-text-align-center\" data-align=\"center\"><a href=\"https:\/\/ordenamientoecologico.oaxaca.gob.mx\/wp-content\/uploads\/2023\/12\/POERTEO_anexo_14.4.2a_caracterizacion.zip\"><img loading=\"lazy\" decoding=\"async\" width=\"45\" height=\"45\" class=\"wp-image-441\" style=\"width: 45px;\" src=\"https:\/\/ordenamientoecologico.oaxaca.gob.mx\/wp-content\/uploads\/2023\/12\/zipfile_icon.png\" alt=\"\"><\/a><\/td><td>Anexo de la Etapa de Caracterizaci\u00f3n del Ordenamiento Ecol\u00f3gico Local de Villa de Tututepec de Melchor Ocampo, Oaxaca.<span style=\"color: rgb(116, 116, 116); font-family: &quot;Droid Sans&quot;, &quot;Helvetica Neue&quot;, &quot;Nimbus Sans L&quot;, sans-serif; font-size: 13px; font-style: normal; font-variant-ligatures: normal; font-variant-caps: normal; font-weight: 400; letter-spacing: normal; orphans: 2; text-align: left; text-indent: 0px; text-transform: none; widows: 2; word-spacing: 0px; -webkit-text-stroke-width: 0px; white-space: normal; background-color: rgb(235, 235, 235); text-decoration-thickness: initial; text-decoration-style: initial; text-decoration-color: initial; display: inline !important; float: none;\"><\/span><span style=\"color: rgb(116, 116, 116); font-family: &quot;Droid Sans&quot;, &quot;Helvetica Neue&quot;, &quot;Nimbus Sans L&quot;, sans-serif; font-size: 13px; font-style: normal; font-variant-ligatures: normal; font-variant-caps: normal; font-weight: 400; letter-spacing: normal; orphans: 2; text-align: left; text-indent: 0px; text-transform: none; widows: 2; word-spacing: 0px; -webkit-text-stroke-width: 0px; white-space: normal; background-color: rgb(235, 235, 235); text-decoration-thickness: initial; text-decoration-style: initial; text-decoration-color: initial; display: inline !important; float: none;\"><\/span><\/td><\/tr><\/tbody><\/table><\/figure>\n","protected":false},"excerpt":{"rendered":"<p>Caracterizaci\u00f3n (Villa de Tututepec de Melchor Ocampo) En el presente documento se desarrollan tem\u00e1ticas contempladas en el marco del Proceso [&hellip;]<\/p>\n","protected":false},"author":1,"featured_media":0,"parent":0,"menu_order":0,"comment_status":"closed","ping_status":"closed","template":"","meta":{"footnotes":""},"class_list":["post-410","page","type-page","status-publish","hentry"],"_links":{"self":[{"href":"https:\/\/ordenamientoecologico.oaxaca.gob.mx\/index.php?rest_route=\/wp\/v2\/pages\/410","targetHints":{"allow":["GET"]}}],"collection":[{"href":"https:\/\/ordenamientoecologico.oaxaca.gob.mx\/index.php?rest_route=\/wp\/v2\/pages"}],"about":[{"href":"https:\/\/ordenamientoecologico.oaxaca.gob.mx\/index.php?rest_route=\/wp\/v2\/types\/page"}],"author":[{"embeddable":true,"href":"https:\/\/ordenamientoecologico.oaxaca.gob.mx\/index.php?rest_route=\/wp\/v2\/users\/1"}],"replies":[{"embeddable":true,"href":"https:\/\/ordenamientoecologico.oaxaca.gob.mx\/index.php?rest_route=%2Fwp%2Fv2%2Fcomments&post=410"}],"version-history":[{"count":5,"href":"https:\/\/ordenamientoecologico.oaxaca.gob.mx\/index.php?rest_route=\/wp\/v2\/pages\/410\/revisions"}],"predecessor-version":[{"id":598,"href":"https:\/\/ordenamientoecologico.oaxaca.gob.mx\/index.php?rest_route=\/wp\/v2\/pages\/410\/revisions\/598"}],"wp:attachment":[{"href":"https:\/\/ordenamientoecologico.oaxaca.gob.mx\/index.php?rest_route=%2Fwp%2Fv2%2Fmedia&parent=410"}],"curies":[{"name":"wp","href":"https:\/\/api.w.org\/{rel}","templated":true}]}}