{"id":413,"date":"2023-12-10T23:35:00","date_gmt":"2023-12-11T05:35:00","guid":{"rendered":"http:\/\/192.168.15.239\/?page_id=413"},"modified":"2023-12-14T15:03:29","modified_gmt":"2023-12-14T21:03:29","slug":"diagnostico-2","status":"publish","type":"page","link":"https:\/\/ordenamientoecologico.oaxaca.gob.mx\/?page_id=413","title":{"rendered":"Diagn\u00f3stico"},"content":{"rendered":"\n<h2 class=\"wp-block-heading\">Diagn\u00f3stico (Villa de Tututepec de Melchor Ocampo)<\/h2>\n\n\n\n<p>En el presente documento se desarrollan tem\u00e1ticas contempladas en el marco del Proceso de Ordenamiento Ecol\u00f3gico de Territorios establecido por la Secretaria de Medio Ambiente y Recursos Naturales SEMARNAT, las cuales contienen informaci\u00f3n con la cual se realiza la etapa de diagn\u00f3stico del territorio del municipio de Villa de Tututepec de Melchor Ocampo, del Estado de Oaxaca.<\/p>\n\n\n\n<p>Para la etapa de diagn\u00f3stico se plante\u00f3 como objeto acorde a los t\u00e9rminos de referencia elaborados por SEMARNAT, con base en el estado o condici\u00f3n de la estructura y funci\u00f3n del ecosistema y las fuentes de presi\u00f3n que act\u00faan sobre \u00e9l, identificar y analizar los conflictos ambientales (concurrencia de actividades incompatibles en un \u00e1rea determinada) en el \u00e1rea se estudi\u00f3.<\/p>\n\n\n\n<p>Primero se describen en forma breve los antecedentes y se plantean las acciones para la etapa de diagn\u00f3stico, del Estudio T\u00e9cnico para el Programa de Ordenamiento Ecol\u00f3gico Municipal de Villa de Tututepec de Melchor Ocampo y se puntualizan en base a los t\u00e9rminos de referencia los factores relevantes del proyecto. Las \u00c1reas cr\u00edticas o de importancia a partir del inventario de recursos descritos en la etapa de caracterizaci\u00f3n, se seleccionaron mediante un panel de expertos las \u00e1reas a conservar, restaurar y proteger estableciendo para cada una de ellas indicadores como \u201cFactores relevantes\u201d y \u201cFactores condicionantes\u201d para su conservaci\u00f3n, restauraci\u00f3n o protecci\u00f3n.<\/p>\n\n\n\n<p>Posteriormente se realiza una \u201cDelimitaci\u00f3n de las \u00e1reas que se deber\u00e1n preservar, conservar, proteger o restaurar\u201d se desprende una primer secci\u00f3n a donde se da el soporte para identificar las \u201c\u00c1reas con alta diversidad biol\u00f3gica, endemismos, fragilidad u otros factores relacionados con la integridad ecol\u00f3gica\u201d, mediante el comentario particular del estatus de \u201cConservaci\u00f3n de los ecosistemas y la biodiversidad y el mantenimiento de servicios ambientales\u201d, el se\u00f1alamiento de los \u201cRecursos naturales importantes para el desarrollo de actividades\u201d, y la definici\u00f3n de \u201c\u00c1reas de habitats cr\u00edticos para la conservaci\u00f3n de refugios para proteger especies marinas\u201d; se definen las \u201c\u00c1reas bajo fuerte presi\u00f3n por cambios de uso del suelo, incluyendo los vectores de presi\u00f3n\u201d describiendo para ello sus relaciones con procesos de \u201cDesertificaci\u00f3n\u201d, \u201cP\u00e9rdida y fragmentaci\u00f3n de la cobertura vegetal\u201d, \u201cContaminaci\u00f3n\u201d y condici\u00f3n de la \u201cCalidad de aguas\u201d<\/p>\n\n\n\n<p>En el \u201cAn\u00e1lisis de vulnerabilidad\u201d se discuten los efectos de las amenazas naturales en las cuales se incluyen; sismos, tsunamis, huracanes, movimientos de masa e incendios. A estas mismas se les relaciona con la percepci\u00f3n social y poblacional contemplando para ello, entre otros, indicadores demogr\u00e1ficos.<\/p>\n\n\n\n<p>&nbsp;Y por \u00faltimo en el \u201cAn\u00e1lisis de aptitud sectorial y conflictos\u201d se utiliz\u00f3 la identificaci\u00f3n y descripci\u00f3n de los distintos sectores que inciden en el municipio y la informaci\u00f3n (atributos ambientales requeridos por cada sector) generada en los talleres de an\u00e1lisis sectorial realizados. Esta informaci\u00f3n se sistematiz\u00f3 y se obtuvieron mapas de aptitud sectorial con objeto de posteriormente delimitar las \u00e1reas de aptitud de los sectores involucrados en las actividades de aprovechamiento de los recursos naturales, la conservaci\u00f3n de los ecosistemas y la biodiversidad y el mantenimiento de los servicios ambientales en el municipio.<\/p>\n\n\n\n<figure class=\"wp-block-table is-style-stripes\"><table><tbody><tr><td class=\"has-text-align-center\" data-align=\"center\"><a href=\"https:\/\/ordenamientoecologico.oaxaca.gob.mx\/wp-content\/uploads\/2023\/12\/anexo_14.4.3_diagnostico_Tututepec_web.pdf\"><img loading=\"lazy\" decoding=\"async\" width=\"110\" height=\"137\" class=\"wp-image-295\" style=\"width: 110px;\" src=\"https:\/\/ordenamientoecologico.oaxaca.gob.mx\/wp-content\/uploads\/2023\/12\/pdf_logo__.png\" alt=\"\"><\/a><\/td><td>Etapa de Diagn\u00f3stico del Ordenamiento Ecol\u00f3gico Local del Municipio de Villa de Tututepec de Melchor Ocampo, Oaxaca.<\/td><\/tr><tr><td class=\"has-text-align-center\" data-align=\"center\"><a href=\"https:\/\/ordenamientoecologico.oaxaca.gob.mx\/wp-content\/uploads\/2023\/12\/POERTEO_anexo_14.4.3a.zip\"><img loading=\"lazy\" decoding=\"async\" width=\"45\" height=\"45\" class=\"wp-image-441\" style=\"width: 45px;\" src=\"https:\/\/ordenamientoecologico.oaxaca.gob.mx\/wp-content\/uploads\/2023\/12\/zipfile_icon.png\" alt=\"\"><\/a><\/td><td>Anexo de la Etapa de Diagn\u00f3stico del Ordenamiento Ecol\u00f3gico Local del Municipio de Villa de Tututepec de Melchor Ocampo, Oaxaca.<\/td><\/tr><\/tbody><\/table><\/figure>\n","protected":false},"excerpt":{"rendered":"<p>Diagn\u00f3stico (Villa de Tututepec de Melchor Ocampo) En el presente documento se desarrollan tem\u00e1ticas contempladas en el marco del Proceso [&hellip;]<\/p>\n","protected":false},"author":1,"featured_media":0,"parent":0,"menu_order":0,"comment_status":"closed","ping_status":"closed","template":"","meta":{"footnotes":""},"class_list":["post-413","page","type-page","status-publish","hentry"],"_links":{"self":[{"href":"https:\/\/ordenamientoecologico.oaxaca.gob.mx\/index.php?rest_route=\/wp\/v2\/pages\/413","targetHints":{"allow":["GET"]}}],"collection":[{"href":"https:\/\/ordenamientoecologico.oaxaca.gob.mx\/index.php?rest_route=\/wp\/v2\/pages"}],"about":[{"href":"https:\/\/ordenamientoecologico.oaxaca.gob.mx\/index.php?rest_route=\/wp\/v2\/types\/page"}],"author":[{"embeddable":true,"href":"https:\/\/ordenamientoecologico.oaxaca.gob.mx\/index.php?rest_route=\/wp\/v2\/users\/1"}],"replies":[{"embeddable":true,"href":"https:\/\/ordenamientoecologico.oaxaca.gob.mx\/index.php?rest_route=%2Fwp%2Fv2%2Fcomments&post=413"}],"version-history":[{"count":4,"href":"https:\/\/ordenamientoecologico.oaxaca.gob.mx\/index.php?rest_route=\/wp\/v2\/pages\/413\/revisions"}],"predecessor-version":[{"id":601,"href":"https:\/\/ordenamientoecologico.oaxaca.gob.mx\/index.php?rest_route=\/wp\/v2\/pages\/413\/revisions\/601"}],"wp:attachment":[{"href":"https:\/\/ordenamientoecologico.oaxaca.gob.mx\/index.php?rest_route=%2Fwp%2Fv2%2Fmedia&parent=413"}],"curies":[{"name":"wp","href":"https:\/\/api.w.org\/{rel}","templated":true}]}}