{"id":416,"date":"2023-12-10T23:39:21","date_gmt":"2023-12-11T05:39:21","guid":{"rendered":"http:\/\/192.168.15.239\/?page_id=416"},"modified":"2023-12-14T15:22:07","modified_gmt":"2023-12-14T21:22:07","slug":"pronostico-2","status":"publish","type":"page","link":"https:\/\/ordenamientoecologico.oaxaca.gob.mx\/?page_id=416","title":{"rendered":"Pron\u00f3stico"},"content":{"rendered":"\n<h2 class=\"wp-block-heading\">Pron\u00f3stico (Villa de Tututepec de Melchor Ocampo)<\/h2>\n\n\n\n<p>En el presente documento se desarrollan tem\u00e1ticas contempladas en el marco del Proceso de Ordenamiento Ecol\u00f3gico de Territorios establecido por la Secretaria de Medio Ambiente y Recursos Naturales SEMARNAT, las cuales contienen informaci\u00f3n con la cual se realiza la etapa de Pron\u00f3stico del territorio del municipio de Villa de Tututepec de Melchor Ocampo Estado de Oaxaca.<\/p>\n\n\n\n<p>Para esta etapa de pronostico se plante\u00f3 como objeto acorde a los t\u00e9rminos de referencia elaborados por SEMARNAT, examinar la evoluci\u00f3n de los conflictos ambientales en funci\u00f3n de los comportamientos futuros de las variables naturales, sociales y econ\u00f3micas que pueden influir en el patr\u00f3n de distribuci\u00f3n de los usos del suelo en el \u00e1rea de ordenamiento, considerando tres diferentes escenarios y obtener la imagen objetivo para el \u00e1rea de ordenamiento.<\/p>\n\n\n\n<p>Para cumplimiento de lo anterior se estructuraron cinco apartados o capitulados. En el primero de ellos titulado Introducci\u00f3n y objetivos, se describen en forma breve los antecedentes y se plantean las acciones para la etapa de pron\u00f3stico, del Estudio T\u00e9cnico para el Programa de Ordenamiento Ecol\u00f3gico Municipal de Villa de Tututepec de Melchor Ocampo, Oaxaca, y se puntualizan en base a los t\u00e9rminos de referencia los factores relevantes del proyecto.<\/p>\n\n\n\n<p>En el segundo apartado se desarrolla un modelo conceptual del sistema socio-ambiental de los sectores identificados en el \u00e1rea de estudio y se desarrolla y describe un modelo conceptual del sistema socio-ambiental que prevalece en el municipio. El sistema socio-ambiental contiene los componentes relacionados con la conservaci\u00f3n, restauraci\u00f3n o aprovechamiento de los recursos naturales, as\u00ed como los procesos por medio de los cuales estos interact\u00faan.<\/p>\n\n\n\n<p>En el tercer apartado a partir del modelo conceptual, del sistema socio-ambiental que prevalece en el municipio, se proyect\u00f3 el comportamiento futuro de los atributos ambientales que determinan la aptitud del territorio para cada sector y la posible generaci\u00f3n de conflictos ambientales, en tres escenarios: tendencial, contextual y estrat\u00e9gico.<\/p>\n\n\n\n<p>En un cuarto apartado se identifican los mecanismos y atributos vitales, necesarios y deseables del sistema socio-ambiental. Los atributos vitales son aquellos cuya degradaci\u00f3n o desaparici\u00f3n&nbsp; colapsa el sistema; los necesarios, son aquellos cuya transformaci\u00f3n modifica dr\u00e1sticamente el sistema; y los deseables, que se relacionan con la calidad o valor del sistema.<\/p>\n\n\n\n<p>En un quinto apartado se identifican los umbrales de aprovechamiento de los atributos vitales a partir de los cuales se dar\u00eda un cambio dr\u00e1stico en el comportamiento y estructura del sistema (aproximaci\u00f3n a la capacidad de carga).<\/p>\n\n\n\n<p>Finalmente se complementa el contenido con el apoyo de un \u00edndice de figuras, gr\u00e1ficas mapas, Cuadros y anexos.<\/p>\n\n\n\n<figure class=\"wp-block-table is-style-stripes\"><table><tbody><tr><td class=\"has-text-align-center\" data-align=\"center\"><a href=\"https:\/\/ordenamientoecologico.oaxaca.gob.mx\/wp-content\/uploads\/2023\/12\/pronostico_tututepec_web.pdf\"><img loading=\"lazy\" decoding=\"async\" width=\"110\" height=\"137\" class=\"wp-image-295\" style=\"width: 110px;\" src=\"https:\/\/ordenamientoecologico.oaxaca.gob.mx\/wp-content\/uploads\/2023\/12\/pdf_logo__.png\" alt=\"\"><\/a><\/td><td>Etapa de Pronostico del Ordenamiento Ecol\u00f3gico Local del Municipio de Villa de Tututepec de Melchor Ocampo, Oaxaca<span style=\"color: rgb(116, 116, 116); font-family: &quot;Droid Sans&quot;, &quot;Helvetica Neue&quot;, &quot;Nimbus Sans L&quot;, sans-serif; font-size: 13px; font-style: normal; font-variant-ligatures: normal; font-variant-caps: normal; font-weight: 400; letter-spacing: normal; orphans: 2; text-align: left; text-indent: 0px; text-transform: none; widows: 2; word-spacing: 0px; -webkit-text-stroke-width: 0px; white-space: normal; background-color: rgb(235, 235, 235); text-decoration-thickness: initial; text-decoration-style: initial; text-decoration-color: initial; display: inline !important; float: none;\"><\/span><span style=\"color: rgb(116, 116, 116); font-family: &quot;Droid Sans&quot;, &quot;Helvetica Neue&quot;, &quot;Nimbus Sans L&quot;, sans-serif; font-size: 13px; font-style: normal; font-variant-ligatures: normal; font-variant-caps: normal; font-weight: 400; letter-spacing: normal; orphans: 2; text-align: left; text-indent: 0px; text-transform: none; widows: 2; word-spacing: 0px; -webkit-text-stroke-width: 0px; white-space: normal; background-color: rgb(235, 235, 235); text-decoration-thickness: initial; text-decoration-style: initial; text-decoration-color: initial; display: inline !important; float: none;\"><\/span><\/td><\/tr><\/tbody><\/table><\/figure>\n","protected":false},"excerpt":{"rendered":"<p>Pron\u00f3stico (Villa de Tututepec de Melchor Ocampo) En el presente documento se desarrollan tem\u00e1ticas contempladas en el marco del Proceso [&hellip;]<\/p>\n","protected":false},"author":1,"featured_media":0,"parent":0,"menu_order":0,"comment_status":"closed","ping_status":"closed","template":"","meta":{"footnotes":""},"class_list":["post-416","page","type-page","status-publish","hentry"],"_links":{"self":[{"href":"https:\/\/ordenamientoecologico.oaxaca.gob.mx\/index.php?rest_route=\/wp\/v2\/pages\/416","targetHints":{"allow":["GET"]}}],"collection":[{"href":"https:\/\/ordenamientoecologico.oaxaca.gob.mx\/index.php?rest_route=\/wp\/v2\/pages"}],"about":[{"href":"https:\/\/ordenamientoecologico.oaxaca.gob.mx\/index.php?rest_route=\/wp\/v2\/types\/page"}],"author":[{"embeddable":true,"href":"https:\/\/ordenamientoecologico.oaxaca.gob.mx\/index.php?rest_route=\/wp\/v2\/users\/1"}],"replies":[{"embeddable":true,"href":"https:\/\/ordenamientoecologico.oaxaca.gob.mx\/index.php?rest_route=%2Fwp%2Fv2%2Fcomments&post=416"}],"version-history":[{"count":5,"href":"https:\/\/ordenamientoecologico.oaxaca.gob.mx\/index.php?rest_route=\/wp\/v2\/pages\/416\/revisions"}],"predecessor-version":[{"id":605,"href":"https:\/\/ordenamientoecologico.oaxaca.gob.mx\/index.php?rest_route=\/wp\/v2\/pages\/416\/revisions\/605"}],"wp:attachment":[{"href":"https:\/\/ordenamientoecologico.oaxaca.gob.mx\/index.php?rest_route=%2Fwp%2Fv2%2Fmedia&parent=416"}],"curies":[{"name":"wp","href":"https:\/\/api.w.org\/{rel}","templated":true}]}}