{"id":419,"date":"2023-12-10T23:42:54","date_gmt":"2023-12-11T05:42:54","guid":{"rendered":"http:\/\/192.168.15.239\/?page_id=419"},"modified":"2023-12-18T15:06:10","modified_gmt":"2023-12-18T21:06:10","slug":"propuesta-2","status":"publish","type":"page","link":"https:\/\/ordenamientoecologico.oaxaca.gob.mx\/?page_id=419","title":{"rendered":"Propuesta"},"content":{"rendered":"\n<h2 class=\"wp-block-heading\">Propuesta (Villa de Tututepec de Melchor Ocampo)<\/h2>\n\n\n\n<p>El proceso de Ordenamiento Ecol\u00f3gico Local en la zona costera del Estado de Oaxaca se inserta en la Estrategia Nacional para el Ordenamiento Ecol\u00f3gico del Territorio en Mares y Costas. En su cap\u00edtulo 5 denominado Estrategia por Zonas, se establece que la meta sexenal en esta l\u00ednea de acci\u00f3n ser\u00e1 impulsar decretos de los Programas de Ordenamiento del 100% de los Estados considerados como prioritarios y del 50% de los Municipios considerados como de alto potencial para el desarrollo tur\u00edstico, industrial, agr\u00edcola, acu\u00edcola y pesquero.<\/p>\n\n\n\n<p>En la Ley del Equilibrio Ecol\u00f3gico del estado de Oaxaca, publicada en el peri\u00f3dico oficial el 10 de mayo de 2008, menciona en su cap\u00edtulo IV, referente a los &nbsp;Instrumentos de la Pol\u00edtica Ambiental, Secci\u00f3n &nbsp;I de la Planeaci\u00f3n Ambiental, dice en el Art\u00edculo 8. \u201cEn la planeaci\u00f3n estatal del desarrollo que se establezca de conformidad con esta Ley se deber\u00e1 incorporar la pol\u00edtica ambiental y el ordenamiento ecol\u00f3gico. De igual manera en la planeaci\u00f3n y realizaci\u00f3n de las acciones a cargo de las Dependencias del Gobierno del Estado y los Municipios se observar\u00e1n los lineamientos de la pol\u00edtica ambiental que establezca esta Ley, el Plan Estatal de Desarrollo y los programas correspondientes\u201d.<\/p>\n\n\n\n<p>La misma Ley en la Secci\u00f3n II, se refiere al Ordenamiento Ecol\u00f3gico, en sus&nbsp; Art\u00edculos del &nbsp;10 al 12, particularmente el Art\u00edculo 10 apunta&nbsp; \u201cEl ordenamiento ecol\u00f3gico, es de utilidad p\u00fablica y tiene por objeto:<\/p>\n\n\n\n<p>I. Asegurar que el aprovechamiento de los elementos naturales se realice de manera integral, sustentable y en beneficio del mayor n\u00famero de personas;<\/p>\n\n\n\n<p>II. Ordenar la ubicaci\u00f3n de las actividades productivas y de servicios de acuerdo con las caracter\u00edsticas de cada ecosistema o regi\u00f3n, la ubicaci\u00f3n y condici\u00f3n socioecon\u00f3mica de la poblaci\u00f3n;<\/p>\n\n\n\n<p>III. Establecer las pol\u00edticas de protecci\u00f3n, conservaci\u00f3n, restauraci\u00f3n y aprovechamiento sustentable de los recursos naturales, y,<\/p>\n\n\n\n<p>IV. Favorecer los usos del suelo con menor impacto adverso ambiental y el mayor beneficio a la poblaci\u00f3n, sobre cualquier otro uso que requiera la destrucci\u00f3n masiva de los elementos naturales del terreno\u201d.<\/p>\n\n\n\n<p>A partir del 2009 se dio inicio al Ordenamiento Ecol\u00f3gico Local del municipio de Villa de Tututepec de Melchor Ocampo, Oaxaca.<\/p>\n\n\n\n<p>En el presente documento se desarrollan tem\u00e1ticas contempladas en el marco del Proceso de Ordenamiento Ecol\u00f3gico del Territorio establecido por la Secretar\u00eda de Medio Ambiente y Recursos Naturales SEMARNAT, las que contienen informaci\u00f3n con la cual se realiza la etapa de propuesta del territorio del municipio de Villa de Tututepec de Melchor Ocampo del Estado de Oaxaca.<\/p>\n\n\n\n<p>Para el cumplimiento de lo anterior el presente documento se estructur\u00f3 en seis apartados:<\/p>\n\n\n\n<p>En el primero de ellos titulado&nbsp;<em>Integraci\u00f3n del Modelo de Ordenamiento Ecol\u00f3gico<\/em>&nbsp;se realiz\u00f3 la delimitaci\u00f3n de las Unidades de Gesti\u00f3n Ambiental (UGA).<\/p>\n\n\n\n<p>En el segundo apartado se define la Propuesta de la Pol\u00edtica Ambiental y los Lineamientos Ecol\u00f3gicos con base en&nbsp; los art\u00edculos 3, 12 y 22, fracci\u00f3n II y 23 del Reglamento de la LGEEPA en materia de Ordenamiento Ecol\u00f3gico.<\/p>\n\n\n\n<p>En el tercer apartado&nbsp;<em>Definici\u00f3n de los Usos del Suelo<\/em>&nbsp;para cada unidad de gesti\u00f3n ambiental se establecieron los usos Predominantes, usos Compatibles y usos Condicionados.<\/p>\n\n\n\n<p>En un cuarto apartado se&nbsp;<em>Dise\u00f1aron las Estrategias Ecol\u00f3gicas<\/em>&nbsp;que permitir\u00e1n el cumplimiento de los lineamientos ecol\u00f3gicos asignados en cada UGA. Para su definici\u00f3n se consideraron los art\u00edculos 3, 12,&nbsp; 22 y 23 del Reglamento de la LGEEPA en materia de Ordenamiento Ecol\u00f3gico.<\/p>\n\n\n\n<p>En un quinto apartado se<em>&nbsp;establecen los Criterios de Regulaci\u00f3n Ecol\u00f3gica (CRE)&nbsp;<\/em>para la Preservaci\u00f3n, Protecci\u00f3n, Restauraci\u00f3n y Aprovechamiento Sustentable de los recursos naturales que apliquen en las unidades de gesti\u00f3n ambiental y los centros de poblaci\u00f3n.<\/p>\n\n\n\n<p>En el sexto apartado se presentan las fichas t\u00e9cnicas elaboradas para cada UGA.<\/p>\n\n\n\n<p>Finalmente se complementa el contenido con el apoyo de un \u00edndice de figuras, cuadros y anexos.<\/p>\n\n\n\n<figure class=\"wp-block-table is-style-stripes\"><table><tbody><tr><td class=\"has-text-align-center\" data-align=\"center\"><a href=\"https:\/\/ordenamientoecologico.oaxaca.gob.mx\/wp-content\/uploads\/2023\/12\/propuesta_Villa_Tututepec_web.pdf\"><img decoding=\"async\" src=\"https:\/\/ordenamientoecologico.oaxaca.gob.mx\/wp-content\/uploads\/2023\/12\/pdf_logo__.png\" alt=\"\"><\/a><\/td><td>Etapa de Propuesta del Ordenamiento Ecol\u00f3gico Local del Municipio de Villa de Tututepec de Melchor Ocampo, Oaxaca.<\/td><\/tr><tr><td class=\"has-text-align-center\" data-align=\"center\"><a href=\"https:\/\/ordenamientoecologico.oaxaca.gob.mx\/wp-content\/uploads\/2023\/12\/anexo_14.4.1_problemas_y_conflictos_ambientales.pdf\"><img loading=\"lazy\" decoding=\"async\" width=\"110\" height=\"137\" class=\"wp-image-295\" style=\"width: 110px;\" src=\"https:\/\/ordenamientoecologico.oaxaca.gob.mx\/wp-content\/uploads\/2023\/12\/pdf_logo__.png\" alt=\"\"><\/a><\/td><td>Problemas y Conflictos Ambientales Identificados en la Etapa de Propuesta del Ordenamiento Ecol\u00f3gico Local del Municipio de Villa de Tututepec de Melchor Ocampo, Oaxaca.<\/td><\/tr><tr><td class=\"has-text-align-center\" data-align=\"center\"><a href=\"https:\/\/ordenamientoecologico.oaxaca.gob.mx\/wp-content\/uploads\/2023\/12\/anexo_14.4.2_minuta_primer_taller.pdf\"><img decoding=\"async\" src=\"https:\/\/ordenamientoecologico.oaxaca.gob.mx\/wp-content\/uploads\/2023\/12\/pdf_logo__.png\" alt=\"\"><\/a><\/td><td>Primer Minuta de Acuerdos en la Etapa de Propuesta del Ordenamiento Ecol\u00f3gico Local del Municipio de Villa de Tututepec de Melchor Ocampo, Oaxaca.<\/td><\/tr><tr><td class=\"has-text-align-center\" data-align=\"center\"><a href=\"https:\/\/ordenamientoecologico.oaxaca.gob.mx\/wp-content\/uploads\/2023\/12\/anexo_14.4.3_minuta_segundo_taller.pdf\"><img decoding=\"async\" src=\"https:\/\/ordenamientoecologico.oaxaca.gob.mx\/wp-content\/uploads\/2023\/12\/pdf_logo__.png\" alt=\"\"><\/a><\/td><td>Segunda Minuta de Acuerdos en la Etapa de Propuesta del Ordenamiento Ecol\u00f3gico Local del Municipio de Villa de Tututepec de Melchor Ocampo, Oaxaca.<\/td><\/tr><tr><td class=\"has-text-align-center\" data-align=\"center\"><a href=\"https:\/\/ordenamientoecologico.oaxaca.gob.mx\/wp-content\/uploads\/2023\/12\/anexo_14.4.4_imagen_objetivo_Villa_Tututepec.pdf\"><img decoding=\"async\" src=\"https:\/\/ordenamientoecologico.oaxaca.gob.mx\/wp-content\/uploads\/2023\/12\/pdf_logo__.png\" alt=\"\"><\/a><\/td><td>Imagen Objetivo de la Etapa de Propuesta del Ordenamiento Ecol\u00f3gico Local del Municipio de Villa de Tututepec de Melchor Ocampo, Oaxaca.<\/td><\/tr><tr><td class=\"has-text-align-center\" data-align=\"center\"><a href=\"https:\/\/ordenamientoecologico.oaxaca.gob.mx\/wp-content\/uploads\/2023\/12\/Anexo_sitios_arqueologicos.pdf\"><img decoding=\"async\" src=\"https:\/\/ordenamientoecologico.oaxaca.gob.mx\/wp-content\/uploads\/2023\/12\/pdf_logo__.png\" alt=\"\"><\/a><\/td><td>Sitios Arqueol\u00f3gicos del Municipio de Villa de Tututepec de Melchor Ocampo, Oaxaca.<\/td><\/tr><\/tbody><\/table><\/figure>\n","protected":false},"excerpt":{"rendered":"<p>Propuesta (Villa de Tututepec de Melchor Ocampo) El proceso de Ordenamiento Ecol\u00f3gico Local en la zona costera del Estado de [&hellip;]<\/p>\n","protected":false},"author":1,"featured_media":0,"parent":0,"menu_order":0,"comment_status":"closed","ping_status":"closed","template":"","meta":{"footnotes":""},"class_list":["post-419","page","type-page","status-publish","hentry"],"_links":{"self":[{"href":"https:\/\/ordenamientoecologico.oaxaca.gob.mx\/index.php?rest_route=\/wp\/v2\/pages\/419","targetHints":{"allow":["GET"]}}],"collection":[{"href":"https:\/\/ordenamientoecologico.oaxaca.gob.mx\/index.php?rest_route=\/wp\/v2\/pages"}],"about":[{"href":"https:\/\/ordenamientoecologico.oaxaca.gob.mx\/index.php?rest_route=\/wp\/v2\/types\/page"}],"author":[{"embeddable":true,"href":"https:\/\/ordenamientoecologico.oaxaca.gob.mx\/index.php?rest_route=\/wp\/v2\/users\/1"}],"replies":[{"embeddable":true,"href":"https:\/\/ordenamientoecologico.oaxaca.gob.mx\/index.php?rest_route=%2Fwp%2Fv2%2Fcomments&post=419"}],"version-history":[{"count":6,"href":"https:\/\/ordenamientoecologico.oaxaca.gob.mx\/index.php?rest_route=\/wp\/v2\/pages\/419\/revisions"}],"predecessor-version":[{"id":625,"href":"https:\/\/ordenamientoecologico.oaxaca.gob.mx\/index.php?rest_route=\/wp\/v2\/pages\/419\/revisions\/625"}],"wp:attachment":[{"href":"https:\/\/ordenamientoecologico.oaxaca.gob.mx\/index.php?rest_route=%2Fwp%2Fv2%2Fmedia&parent=419"}],"curies":[{"name":"wp","href":"https:\/\/api.w.org\/{rel}","templated":true}]}}