{"id":425,"date":"2023-12-10T23:47:26","date_gmt":"2023-12-11T05:47:26","guid":{"rendered":"http:\/\/192.168.15.239\/?page_id=425"},"modified":"2023-12-14T16:47:58","modified_gmt":"2023-12-14T22:47:58","slug":"consulta-publica","status":"publish","type":"page","link":"https:\/\/ordenamientoecologico.oaxaca.gob.mx\/?page_id=425","title":{"rendered":"Consulta P\u00fablica"},"content":{"rendered":"\n<h2 class=\"wp-block-heading\">Consulta P\u00fablica (FE-Villa de Tututepec de Melchor Ocampo)<\/h2>\n\n\n\n<figure class=\"wp-block-table is-style-stripes\"><table><tbody><tr><td class=\"has-text-align-center\" data-align=\"center\"><a href=\"https:\/\/ordenamientoecologico.oaxaca.gob.mx\/wp-content\/uploads\/2023\/12\/anexo_15.5.1a_sesion_comite_CP_web_0.pdf\"><img loading=\"lazy\" decoding=\"async\" width=\"110\" height=\"137\" class=\"wp-image-295\" style=\"width: 110px;\" src=\"https:\/\/ordenamientoecologico.oaxaca.gob.mx\/wp-content\/uploads\/2023\/12\/pdf_logo__.png\" alt=\"\"><\/a><\/td><td>Sesi\u00f3n de Comit\u00e9 del Ordenamiento Ecol\u00f3gico Local del Municipio de Villa de Tututepec de Melchor Ocampo, Oaxaca para Consulta P\u00fablica.<\/td><\/tr><tr><td class=\"has-text-align-center\" data-align=\"center\"><a href=\"https:\/\/ordenamientoecologico.oaxaca.gob.mx\/wp-content\/uploads\/2023\/12\/anexo_15.5.1b_sesion_extraordinaria_tututepec_web_0.pdf\"><img loading=\"lazy\" decoding=\"async\" width=\"110\" height=\"137\" class=\"wp-image-295\" style=\"width: 110px;\" src=\"https:\/\/ordenamientoecologico.oaxaca.gob.mx\/wp-content\/uploads\/2023\/12\/pdf_logo__.png\" alt=\"\"><\/a><\/td><td>Sesi\u00f3n Extraordinaria del Comit\u00e9 del Ordenamiento Ecol\u00f3gico Local del Municipio de Villa de Tututepec de Melchor Ocampo, Oaxaca para Consulta P\u00fablica.<\/td><\/tr><\/tbody><\/table><\/figure>\n","protected":false},"excerpt":{"rendered":"<p>Consulta P\u00fablica (FE-Villa de Tututepec de Melchor Ocampo) Sesi\u00f3n de Comit\u00e9 del Ordenamiento Ecol\u00f3gico Local del Municipio de Villa de [&hellip;]<\/p>\n","protected":false},"author":1,"featured_media":0,"parent":0,"menu_order":0,"comment_status":"closed","ping_status":"closed","template":"","meta":{"footnotes":""},"class_list":["post-425","page","type-page","status-publish","hentry"],"_links":{"self":[{"href":"https:\/\/ordenamientoecologico.oaxaca.gob.mx\/index.php?rest_route=\/wp\/v2\/pages\/425","targetHints":{"allow":["GET"]}}],"collection":[{"href":"https:\/\/ordenamientoecologico.oaxaca.gob.mx\/index.php?rest_route=\/wp\/v2\/pages"}],"about":[{"href":"https:\/\/ordenamientoecologico.oaxaca.gob.mx\/index.php?rest_route=\/wp\/v2\/types\/page"}],"author":[{"embeddable":true,"href":"https:\/\/ordenamientoecologico.oaxaca.gob.mx\/index.php?rest_route=\/wp\/v2\/users\/1"}],"replies":[{"embeddable":true,"href":"https:\/\/ordenamientoecologico.oaxaca.gob.mx\/index.php?rest_route=%2Fwp%2Fv2%2Fcomments&post=425"}],"version-history":[{"count":5,"href":"https:\/\/ordenamientoecologico.oaxaca.gob.mx\/index.php?rest_route=\/wp\/v2\/pages\/425\/revisions"}],"predecessor-version":[{"id":615,"href":"https:\/\/ordenamientoecologico.oaxaca.gob.mx\/index.php?rest_route=\/wp\/v2\/pages\/425\/revisions\/615"}],"wp:attachment":[{"href":"https:\/\/ordenamientoecologico.oaxaca.gob.mx\/index.php?rest_route=%2Fwp%2Fv2%2Fmedia&parent=425"}],"curies":[{"name":"wp","href":"https:\/\/api.w.org\/{rel}","templated":true}]}}