{"id":435,"date":"2023-12-11T18:51:17","date_gmt":"2023-12-12T00:51:17","guid":{"rendered":"http:\/\/192.168.15.239\/?page_id=435"},"modified":"2025-03-12T18:33:17","modified_gmt":"2025-03-13T00:33:17","slug":"resumen-ejecutivo-3","status":"publish","type":"page","link":"https:\/\/ordenamientoecologico.oaxaca.gob.mx\/?page_id=435","title":{"rendered":"Resumen Ejecutivo"},"content":{"rendered":"\r\n<p>Resumen Ejecutivo (Santa Mar\u00eda Tonameca &#8211; Fase Formulaci\u00f3n)<\/p>\r\n\r\n\r\n\r\n<p>El municipio de Santa Mar\u00eda Tonameca, Distrito de Juquila, se localiza a 268 Km al sur de la capital del estado, entre las coordenadas 15\u00b0 45&#8242; latitud norte y 96\u00b0 33&#8242; longitud oeste, en la regi\u00f3n de la costa del estado de Oaxaca. La superficie total del municipio es de 454.2 km<sup>2<\/sup>.<\/p>\r\n\r\n\r\n\r\n<p>Se delimitaron para este municipio 94 unidades geomorfol\u00f3gicas Anexo 2, las cuales se caracterizaron considerando 9 descriptores: Regi\u00f3n, topograf\u00eda, forma, edad, litolog\u00eda, degradaci\u00f3n (considerando tipo, grado, porcentaje tasa y factor) textura, leyenda y \u00e1rea.<\/p>\r\n\r\n\r\n\r\n<p>Considerando los descriptores anteriores para el municipio se determinaron 41 unidades en las que dominan las regiones con relieve plano, 29 con relieve de colinas y 24 con relieve ondulado. En cuanto a topograf\u00eda se determinaron 65 unidades con una topograf\u00eda suave 29 con aguda.<\/p>\r\n\r\n\r\n\r\n<!-- \r\n<figure class=\"wp-block-table is-style-stripes\"><table><tbody><tr><td class=\"has-text-align-center\" data-align=\"center\"><a href=\"https:\/\/ordenamientoecologico.oaxaca.gob.mx\/wp-content\/uploads\/2023\/12\/anexo_13.4.1_resumen_ejecutivo_web.pdf\"><img loading=\"lazy\" decoding=\"async\" width=\"110\" height=\"137\" class=\"wp-image-295\" style=\"width: 110px;\" src=\"https:\/\/ordenamientoecologico.oaxaca.gob.mx\/wp-content\/uploads\/2023\/12\/pdf_logo__.png\" alt=\"\"><\/a><\/td><td>Resumen Ejecutivo del Ordenamiento Ecol\u00f3gico Local del Municipio de Santa Mar\u00eda Tonameca, Oaxaca.<\/td><\/tr><\/tbody><\/table><\/figure> -->\r\n","protected":false},"excerpt":{"rendered":"<p>Resumen Ejecutivo (Santa Mar\u00eda Tonameca &#8211; Fase Formulaci\u00f3n) El municipio de Santa Mar\u00eda Tonameca, Distrito de Juquila, se localiza a [&hellip;]<\/p>\n","protected":false},"author":1,"featured_media":0,"parent":0,"menu_order":0,"comment_status":"closed","ping_status":"closed","template":"","meta":{"footnotes":""},"class_list":["post-435","page","type-page","status-publish","hentry"],"_links":{"self":[{"href":"https:\/\/ordenamientoecologico.oaxaca.gob.mx\/index.php?rest_route=\/wp\/v2\/pages\/435","targetHints":{"allow":["GET"]}}],"collection":[{"href":"https:\/\/ordenamientoecologico.oaxaca.gob.mx\/index.php?rest_route=\/wp\/v2\/pages"}],"about":[{"href":"https:\/\/ordenamientoecologico.oaxaca.gob.mx\/index.php?rest_route=\/wp\/v2\/types\/page"}],"author":[{"embeddable":true,"href":"https:\/\/ordenamientoecologico.oaxaca.gob.mx\/index.php?rest_route=\/wp\/v2\/users\/1"}],"replies":[{"embeddable":true,"href":"https:\/\/ordenamientoecologico.oaxaca.gob.mx\/index.php?rest_route=%2Fwp%2Fv2%2Fcomments&post=435"}],"version-history":[{"count":4,"href":"https:\/\/ordenamientoecologico.oaxaca.gob.mx\/index.php?rest_route=\/wp\/v2\/pages\/435\/revisions"}],"predecessor-version":[{"id":675,"href":"https:\/\/ordenamientoecologico.oaxaca.gob.mx\/index.php?rest_route=\/wp\/v2\/pages\/435\/revisions\/675"}],"wp:attachment":[{"href":"https:\/\/ordenamientoecologico.oaxaca.gob.mx\/index.php?rest_route=%2Fwp%2Fv2%2Fmedia&parent=435"}],"curies":[{"name":"wp","href":"https:\/\/api.w.org\/{rel}","templated":true}]}}