{"id":440,"date":"2023-12-11T19:30:10","date_gmt":"2023-12-12T01:30:10","guid":{"rendered":"http:\/\/192.168.15.239\/?page_id=440"},"modified":"2023-12-14T13:22:56","modified_gmt":"2023-12-14T19:22:56","slug":"caracterizacion-2","status":"publish","type":"page","link":"https:\/\/ordenamientoecologico.oaxaca.gob.mx\/?page_id=440","title":{"rendered":"Caracterizaci\u00f3n"},"content":{"rendered":"\n<p>Caracterizaci\u00f3n (Santa Mar\u00eda Tonameca &#8211; Fase de Formulaci\u00f3n)<\/p>\n\n\n\n<p>A partir del 2009 se dio inicio al Ordenamiento Ecol\u00f3gico Local del Municipio de Santa Mar\u00eda Tonameca, Oaxaca. En el presente documento se desarrollan tem\u00e1ticas contempladas en el marco del Proceso de Ordenamiento Ecol\u00f3gico del Territorio establecido por la Secretaria de Medio Ambiente y Recursos Naturales SEMARNAT, las que contienen informaci\u00f3n con la cual se realiza la etapa de propuesta del territorio del municipio de Santa Mar\u00eda Tonameca del Estado de Oaxaca.<\/p>\n\n\n\n<p>La etapa de caracterizaci\u00f3n tiene por objeto describir el estado de los componentes natural, social y econ\u00f3mico. El an\u00e1lisis&nbsp; cobra un sentido relevante, debido a que es la principal causa de muchos de los impactos en el medio ambiente. Por ello, es necesario estudiar cada uno de los sectores que m\u00e1s afectan, describir el contexto actual en el que se encuentran para posteriormente realizar cruces con los mayores impactos ambientales y as\u00ed poder dibujar escenarios futuros.<\/p>\n\n\n\n<figure class=\"wp-block-table is-style-stripes\"><table><tbody><tr><td class=\"has-text-align-center\" data-align=\"center\"><a href=\"https:\/\/ordenamientoecologico.oaxaca.gob.mx\/wp-content\/uploads\/2023\/12\/POERTEO_anexo_13.4.2_caracterizacion_web.zip\"><img loading=\"lazy\" decoding=\"async\" width=\"45\" height=\"45\" class=\"wp-image-441\" style=\"width: 45px;\" src=\"https:\/\/ordenamientoecologico.oaxaca.gob.mx\/wp-content\/uploads\/2023\/12\/zipfile_icon.png\" alt=\"\"><\/a><\/td><td>Anexo Caracterizaci\u00f3n<\/td><\/tr><\/tbody><\/table><\/figure>\n","protected":false},"excerpt":{"rendered":"<p>Caracterizaci\u00f3n (Santa Mar\u00eda Tonameca &#8211; Fase de Formulaci\u00f3n) A partir del 2009 se dio inicio al Ordenamiento Ecol\u00f3gico Local del [&hellip;]<\/p>\n","protected":false},"author":1,"featured_media":0,"parent":0,"menu_order":0,"comment_status":"closed","ping_status":"closed","template":"","meta":{"footnotes":""},"class_list":["post-440","page","type-page","status-publish","hentry"],"_links":{"self":[{"href":"https:\/\/ordenamientoecologico.oaxaca.gob.mx\/index.php?rest_route=\/wp\/v2\/pages\/440","targetHints":{"allow":["GET"]}}],"collection":[{"href":"https:\/\/ordenamientoecologico.oaxaca.gob.mx\/index.php?rest_route=\/wp\/v2\/pages"}],"about":[{"href":"https:\/\/ordenamientoecologico.oaxaca.gob.mx\/index.php?rest_route=\/wp\/v2\/types\/page"}],"author":[{"embeddable":true,"href":"https:\/\/ordenamientoecologico.oaxaca.gob.mx\/index.php?rest_route=\/wp\/v2\/users\/1"}],"replies":[{"embeddable":true,"href":"https:\/\/ordenamientoecologico.oaxaca.gob.mx\/index.php?rest_route=%2Fwp%2Fv2%2Fcomments&post=440"}],"version-history":[{"count":4,"href":"https:\/\/ordenamientoecologico.oaxaca.gob.mx\/index.php?rest_route=\/wp\/v2\/pages\/440\/revisions"}],"predecessor-version":[{"id":573,"href":"https:\/\/ordenamientoecologico.oaxaca.gob.mx\/index.php?rest_route=\/wp\/v2\/pages\/440\/revisions\/573"}],"wp:attachment":[{"href":"https:\/\/ordenamientoecologico.oaxaca.gob.mx\/index.php?rest_route=%2Fwp%2Fv2%2Fmedia&parent=440"}],"curies":[{"name":"wp","href":"https:\/\/api.w.org\/{rel}","templated":true}]}}