{"id":448,"date":"2023-12-11T19:45:25","date_gmt":"2023-12-12T01:45:25","guid":{"rendered":"http:\/\/192.168.15.239\/?page_id=448"},"modified":"2023-12-14T13:30:32","modified_gmt":"2023-12-14T19:30:32","slug":"pronostico-3","status":"publish","type":"page","link":"https:\/\/ordenamientoecologico.oaxaca.gob.mx\/?page_id=448","title":{"rendered":"Pron\u00f3stico"},"content":{"rendered":"\n<p>Pron\u00f3stico (Santa Mar\u00eda Tonameca &#8211; Fase de Formulaci\u00f3n)<\/p>\n\n\n\n<p>Para esta etapa de pronostico se plante\u00f3 como objeto acorde a los t\u00e9rminos de referencia elaborados por SEMARNAT, examinar la evoluci\u00f3n de los conflictos ambientales en funci\u00f3n de los comportamientos futuros de las variables naturales, sociales y econ\u00f3micas que pueden influir en el patr\u00f3n de distribuci\u00f3n de los usos del suelo en el \u00e1rea de ordenamiento, considerando tres diferentes escenarios y obtener la imagen objetivo para el \u00e1rea de ordenamiento.<\/p>\n\n\n\n<p>Se describe en forma breve los antecedentes y se plantean las acciones para la etapa de pron\u00f3stico, del Estudio T\u00e9cnico para el Programa de Ordenamiento Ecol\u00f3gico Municipal de Santa Mar\u00eda Tonameca, Oaxaca, y se puntualizan en base a los t\u00e9rminos de referencia los factores relevantes del proyecto.<\/p>\n\n\n\n<p>Tambi\u00e9n se desarrolla un modelo conceptual del sistema socioambiental de los sectores identificados en el \u00e1rea de estudio y se desarrolla y describe un modelo conceptual del sistema socio-ambiental que prevalece en el municipio. El sistema socio-ambiental contiene los componentes relacionados con la conservaci\u00f3n, restauraci\u00f3n o aprovechamiento de los recursos naturales, as\u00ed como los procesos por medio de los cuales estos interact\u00faan.<\/p>\n\n\n\n<p>A partir del modelo conceptual, del sistema socioambiental que prevalece en el municipio, se proyect\u00f3 el comportamiento futuro de los atributos ambientales que determinan la aptitud del territorio para cada sector y la posible generaci\u00f3n de conflictos ambientales, en tres escenarios: tendencial, contextual y estrat\u00e9gico.<\/p>\n\n\n\n<p>Se identifican los mecanismos y atributos vitales, necesarios y deseables del sistema socio-ambiental. Los atributos vitales son aquellos cuya degradaci\u00f3n o desaparici\u00f3n colapsa el sistema; los necesarios, son aquellos cuya transformaci\u00f3n modifica dr\u00e1sticamente el sistema; y los deseables, que se relacionan con la calidad o valor del sistema. Por \u00faltimo se identifican los umbrales de aprovechamiento de los atributos vitales a partir de los cuales se dar\u00eda un cambio dr\u00e1stico en el comportamiento y estructura del sistema (aproximaci\u00f3n a la capacidad de carga).<\/p>\n\n\n\n<figure class=\"wp-block-table is-style-stripes\"><table><tbody><tr><td class=\"has-text-align-center\" data-align=\"center\"><a href=\"https:\/\/ordenamientoecologico.oaxaca.gob.mx\/wp-content\/uploads\/2023\/12\/anexo_13.4.4_pronostico_web.pdf\"><img loading=\"lazy\" decoding=\"async\" width=\"110\" height=\"137\" class=\"wp-image-295\" style=\"width: 110px;\" src=\"https:\/\/ordenamientoecologico.oaxaca.gob.mx\/wp-content\/uploads\/2023\/12\/pdf_logo__.png\" alt=\"\"><\/a><\/td><td>Etapa de Pron\u00f3stico del Ordenamiento Ecol\u00f3gico Local de Santa Mar\u00eda Tonameca, Oaxaca.<\/td><\/tr><\/tbody><\/table><\/figure>\n","protected":false},"excerpt":{"rendered":"<p>Pron\u00f3stico (Santa Mar\u00eda Tonameca &#8211; Fase de Formulaci\u00f3n) Para esta etapa de pronostico se plante\u00f3 como objeto acorde a los [&hellip;]<\/p>\n","protected":false},"author":1,"featured_media":0,"parent":0,"menu_order":0,"comment_status":"closed","ping_status":"closed","template":"","meta":{"footnotes":""},"class_list":["post-448","page","type-page","status-publish","hentry"],"_links":{"self":[{"href":"https:\/\/ordenamientoecologico.oaxaca.gob.mx\/index.php?rest_route=\/wp\/v2\/pages\/448","targetHints":{"allow":["GET"]}}],"collection":[{"href":"https:\/\/ordenamientoecologico.oaxaca.gob.mx\/index.php?rest_route=\/wp\/v2\/pages"}],"about":[{"href":"https:\/\/ordenamientoecologico.oaxaca.gob.mx\/index.php?rest_route=\/wp\/v2\/types\/page"}],"author":[{"embeddable":true,"href":"https:\/\/ordenamientoecologico.oaxaca.gob.mx\/index.php?rest_route=\/wp\/v2\/users\/1"}],"replies":[{"embeddable":true,"href":"https:\/\/ordenamientoecologico.oaxaca.gob.mx\/index.php?rest_route=%2Fwp%2Fv2%2Fcomments&post=448"}],"version-history":[{"count":3,"href":"https:\/\/ordenamientoecologico.oaxaca.gob.mx\/index.php?rest_route=\/wp\/v2\/pages\/448\/revisions"}],"predecessor-version":[{"id":578,"href":"https:\/\/ordenamientoecologico.oaxaca.gob.mx\/index.php?rest_route=\/wp\/v2\/pages\/448\/revisions\/578"}],"wp:attachment":[{"href":"https:\/\/ordenamientoecologico.oaxaca.gob.mx\/index.php?rest_route=%2Fwp%2Fv2%2Fmedia&parent=448"}],"curies":[{"name":"wp","href":"https:\/\/api.w.org\/{rel}","templated":true}]}}