{"id":451,"date":"2023-12-11T19:47:44","date_gmt":"2023-12-12T01:47:44","guid":{"rendered":"http:\/\/192.168.15.239\/?page_id=451"},"modified":"2023-12-14T13:33:19","modified_gmt":"2023-12-14T19:33:19","slug":"propuesta-3","status":"publish","type":"page","link":"https:\/\/ordenamientoecologico.oaxaca.gob.mx\/?page_id=451","title":{"rendered":"Propuesta"},"content":{"rendered":"\n<p>Propuesta (Santa Mar\u00eda Tonameca &#8211; Fase de formulaci\u00f3n)<\/p>\n\n\n\n<p>Para realizar la integraci\u00f3n del modelo de ordenamiento ecol\u00f3gico se consideraron las \u00e1reas a preservar, proteger, restaurar y conservar, as\u00ed como aquellas que requieran de medidas de mitigaci\u00f3n para atenuar y compensar impactos ambientales definidos en la etapa de Diagn\u00f3stico. Se tomaron en cuenta los grupos de aptitud sectorial, la regionalizaci\u00f3n natural (unidades de paisaje, geomorfolog\u00eda, vegetaci\u00f3n y ocupaci\u00f3n del suelo) y los centros de poblaci\u00f3n se consideraron como una unidad de gesti\u00f3n ambiental, en las cuales se defini\u00f3 el uso del suelo como asentamientos humanos, y se asignaron criterios de regulaci\u00f3n ecol\u00f3gica, en el caso del \u00c1rea Natural Protegida \u201cPlaya de Escobilla\u201d se consider\u00f3 como una unidad de gesti\u00f3n ambiental, en la cual se especifica que la regulaci\u00f3n de los usos y las actividades est\u00e1 determinada en el decreto y el programa de manejo correspondiente.<\/p>\n\n\n\n<p>Tomando como base los criterios se\u00f1alados para la delimitaci\u00f3n geogr\u00e1fica de las unidades de gesti\u00f3n ambiental (UGA), se llev\u00f3 a cabo una primera aproximaci\u00f3n, para obtener una divisi\u00f3n del territorio que explicara la relaci\u00f3n entre las diferentes variables socio-ambientales, utilizando la regionalizaci\u00f3n ambiental que se realiz\u00f3 en la etapa de Caracterizaci\u00f3n de este proyecto de ordenamiento.<\/p>\n\n\n\n<p>As\u00ed entonces, las unidades geomorfol\u00f3gicas se consideraron como unidades base del paisaje o ambientales, ya que estas reflejan en su clasificaci\u00f3n, al relieve, variable que condiciona fuertemente el uso que se da al territorio. Posteriormente, puesto que la clasificaci\u00f3n geomorfol\u00f3gica no lo incluye, se decidi\u00f3 tipificar cada unidad del paisaje con el tipo de vegetaci\u00f3n o uso dominante.<\/p>\n\n\n\n<p>El Programa de Ordenamiento Ecol\u00f3gico Local del Municipio de Santa Mar\u00eda Tonameca, estructura el territorio municipal en 22 unidades de gesti\u00f3n ambiental (UGA) con las siguientes Pol\u00edticas Ambientales: 2 de Preservaci\u00f3n del equilibrio ecol\u00f3gico, 7 de Protecci\u00f3n de los recursos naturales, 1 de Restauraci\u00f3n y 12 de Aprovechamiento Sustentable.<\/p>\n\n\n\n<figure class=\"wp-block-table is-style-stripes\"><table><tbody><tr><td class=\"has-text-align-center\" data-align=\"center\"><a href=\"https:\/\/ordenamientoecologico.oaxaca.gob.mx\/wp-content\/uploads\/2023\/12\/ANEXO_13.4.5a_Propuesta.pdf\"><img loading=\"lazy\" decoding=\"async\" width=\"110\" height=\"137\" class=\"wp-image-295\" style=\"width: 110px;\" src=\"https:\/\/ordenamientoecologico.oaxaca.gob.mx\/wp-content\/uploads\/2023\/12\/pdf_logo__.png\" alt=\"\"><\/a><\/td><td>Etapa de Propuesta del Ordenamiento Ecol\u00f3gico Local del Municipio de Santa Mar\u00eda Tonameca, Oaxaca.<\/td><\/tr><tr><td class=\"has-text-align-center\" data-align=\"center\"><a href=\"https:\/\/ordenamientoecologico.oaxaca.gob.mx\/wp-content\/uploads\/2023\/12\/ANEXO_Propuesta_Tonameca_web.zip\"><img loading=\"lazy\" decoding=\"async\" width=\"45\" height=\"45\" class=\"wp-image-441\" style=\"width: 45px;\" src=\"https:\/\/ordenamientoecologico.oaxaca.gob.mx\/wp-content\/uploads\/2023\/12\/zipfile_icon.png\" alt=\"\"><\/a><\/td><td>Anexos de la Etapa de Propuesta del Ordenamiento Ecol\u00f3gico Local del Municipio de Santa Mar\u00eda Tonameca, Oaxaca.<\/td><\/tr><\/tbody><\/table><\/figure>\n","protected":false},"excerpt":{"rendered":"<p>Propuesta (Santa Mar\u00eda Tonameca &#8211; Fase de formulaci\u00f3n) Para realizar la integraci\u00f3n del modelo de ordenamiento ecol\u00f3gico se consideraron las [&hellip;]<\/p>\n","protected":false},"author":1,"featured_media":0,"parent":0,"menu_order":0,"comment_status":"closed","ping_status":"closed","template":"","meta":{"footnotes":""},"class_list":["post-451","page","type-page","status-publish","hentry"],"_links":{"self":[{"href":"https:\/\/ordenamientoecologico.oaxaca.gob.mx\/index.php?rest_route=\/wp\/v2\/pages\/451","targetHints":{"allow":["GET"]}}],"collection":[{"href":"https:\/\/ordenamientoecologico.oaxaca.gob.mx\/index.php?rest_route=\/wp\/v2\/pages"}],"about":[{"href":"https:\/\/ordenamientoecologico.oaxaca.gob.mx\/index.php?rest_route=\/wp\/v2\/types\/page"}],"author":[{"embeddable":true,"href":"https:\/\/ordenamientoecologico.oaxaca.gob.mx\/index.php?rest_route=\/wp\/v2\/users\/1"}],"replies":[{"embeddable":true,"href":"https:\/\/ordenamientoecologico.oaxaca.gob.mx\/index.php?rest_route=%2Fwp%2Fv2%2Fcomments&post=451"}],"version-history":[{"count":3,"href":"https:\/\/ordenamientoecologico.oaxaca.gob.mx\/index.php?rest_route=\/wp\/v2\/pages\/451\/revisions"}],"predecessor-version":[{"id":581,"href":"https:\/\/ordenamientoecologico.oaxaca.gob.mx\/index.php?rest_route=\/wp\/v2\/pages\/451\/revisions\/581"}],"wp:attachment":[{"href":"https:\/\/ordenamientoecologico.oaxaca.gob.mx\/index.php?rest_route=%2Fwp%2Fv2%2Fmedia&parent=451"}],"curies":[{"name":"wp","href":"https:\/\/api.w.org\/{rel}","templated":true}]}}