{"id":460,"date":"2023-12-11T20:00:20","date_gmt":"2023-12-12T02:00:20","guid":{"rendered":"http:\/\/192.168.15.239\/?page_id=460"},"modified":"2023-12-14T13:55:26","modified_gmt":"2023-12-14T19:55:26","slug":"decreto-y-publicacion","status":"publish","type":"page","link":"https:\/\/ordenamientoecologico.oaxaca.gob.mx\/?page_id=460","title":{"rendered":"Decreto y Publicaci\u00f3n"},"content":{"rendered":"\n<p>Decreto y publicaci\u00f3n del POEL Tonameca (Santa Mar\u00eda Tonameca &#8211; Fase de Expedici\u00f3n)<\/p>\n\n\n\n<p>Programa de Ordenamiento Ecol\u00f3gico Local del Municipio de Santa Mar\u00eda Tonameca, Oaxaca.<\/p>\n\n\n\n<figure class=\"wp-block-table is-style-stripes\"><table><tbody><tr><td class=\"has-text-align-center\" data-align=\"center\"><a href=\"https:\/\/ordenamientoecologico.oaxaca.gob.mx\/wp-content\/uploads\/2023\/12\/decreto_POEL_Tonameca_periodico-oficial_2015.pdf\"><img loading=\"lazy\" decoding=\"async\" width=\"110\" height=\"137\" class=\"wp-image-295\" style=\"width: 110px;\" src=\"https:\/\/ordenamientoecologico.oaxaca.gob.mx\/wp-content\/uploads\/2023\/12\/pdf_logo__.png\" alt=\"\"><\/a><\/td><td>Decreto de publicaci\u00f3n del resumen del Programa de Ordenamiento Ecol\u00f3gico Local del Municipio de Santa Mar\u00eda Tonameca, Oaxaca<\/td><\/tr><\/tbody><\/table><\/figure>\n","protected":false},"excerpt":{"rendered":"<p>Decreto y publicaci\u00f3n del POEL Tonameca (Santa Mar\u00eda Tonameca &#8211; Fase de Expedici\u00f3n) Programa de Ordenamiento Ecol\u00f3gico Local del Municipio [&hellip;]<\/p>\n","protected":false},"author":1,"featured_media":0,"parent":0,"menu_order":0,"comment_status":"closed","ping_status":"closed","template":"","meta":{"footnotes":""},"class_list":["post-460","page","type-page","status-publish","hentry"],"_links":{"self":[{"href":"https:\/\/ordenamientoecologico.oaxaca.gob.mx\/index.php?rest_route=\/wp\/v2\/pages\/460","targetHints":{"allow":["GET"]}}],"collection":[{"href":"https:\/\/ordenamientoecologico.oaxaca.gob.mx\/index.php?rest_route=\/wp\/v2\/pages"}],"about":[{"href":"https:\/\/ordenamientoecologico.oaxaca.gob.mx\/index.php?rest_route=\/wp\/v2\/types\/page"}],"author":[{"embeddable":true,"href":"https:\/\/ordenamientoecologico.oaxaca.gob.mx\/index.php?rest_route=\/wp\/v2\/users\/1"}],"replies":[{"embeddable":true,"href":"https:\/\/ordenamientoecologico.oaxaca.gob.mx\/index.php?rest_route=%2Fwp%2Fv2%2Fcomments&post=460"}],"version-history":[{"count":2,"href":"https:\/\/ordenamientoecologico.oaxaca.gob.mx\/index.php?rest_route=\/wp\/v2\/pages\/460\/revisions"}],"predecessor-version":[{"id":589,"href":"https:\/\/ordenamientoecologico.oaxaca.gob.mx\/index.php?rest_route=\/wp\/v2\/pages\/460\/revisions\/589"}],"wp:attachment":[{"href":"https:\/\/ordenamientoecologico.oaxaca.gob.mx\/index.php?rest_route=%2Fwp%2Fv2%2Fmedia&parent=460"}],"curies":[{"name":"wp","href":"https:\/\/api.w.org\/{rel}","templated":true}]}}