{"id":504,"date":"2023-12-12T19:54:21","date_gmt":"2023-12-13T01:54:21","guid":{"rendered":"http:\/\/192.168.15.239\/?page_id=504"},"modified":"2025-03-12T18:29:58","modified_gmt":"2025-03-13T00:29:58","slug":"pronostico-4","status":"publish","type":"page","link":"https:\/\/ordenamientoecologico.oaxaca.gob.mx\/?page_id=504","title":{"rendered":"Pron\u00f3stico"},"content":{"rendered":"\r\n<p>La etapa de pron\u00f3stico se refiere a la evaluaci\u00f3n del comportamiento futuro de una situaci\u00f3n bas\u00e1ndose en el an\u00e1lisis pasado, seg\u00fan el manual de Ordenamiento Ecol\u00f3gico Territorial. El principal objetivo es examinar el comportamiento de los conflictos ambientales a trav\u00e9s del tiempo. Para el caso de Oaxaca, se opt\u00f3 por realizar los escenarios bas\u00e1ndose en las proyecciones de los atributos socio-ambientales a 15 a\u00f1os a partir de 2010, a\u00f1o base en los datos recopilados durante la etapa de caracterizaci\u00f3n.<\/p>\r\n\r\n\r\n<div class=\"wp-block-image\">\r\n<figure class=\"aligncenter size-full\"><img loading=\"lazy\" decoding=\"async\" width=\"550\" height=\"412\" src=\"https:\/\/ordenamientoecologico.oaxaca.gob.mx\/wp-content\/uploads\/2023\/12\/pronostico_1.fw_.png\" alt=\"\" class=\"wp-image-505\" srcset=\"https:\/\/ordenamientoecologico.oaxaca.gob.mx\/wp-content\/uploads\/2023\/12\/pronostico_1.fw_.png 550w, https:\/\/ordenamientoecologico.oaxaca.gob.mx\/wp-content\/uploads\/2023\/12\/pronostico_1.fw_-300x225.png 300w\" sizes=\"auto, (max-width: 550px) 100vw, 550px\" \/><\/figure><\/div>\r\n\r\n\r\n<p class=\"has-text-align-center\">Sesi\u00f3n de Comit\u00e9 en la Etapa de Pron\u00f3stico<\/p>\r\n\r\n\r\n\r\n<div style=\"height:100px\" aria-hidden=\"true\" class=\"wp-block-spacer\"><\/div>\r\n\r\n\r\n\r\n<p>En esta etapa se desarroll\u00f3 el modelo conceptual del sistema socio-ambiental, el cual muestra la interacci\u00f3n de los sectores en t\u00e9rminos de atributos ambientales vitales, presentando los procesos de deterioro ambiental, las causas de estos y la vulnerabilidad ambiental que llegan a generar. Se analiza el comportamiento hist\u00f3rico y proyectado de los atributos vitales y variables demogr\u00e1ficas, se generaron escenarios tendenciales y contextuales, finalmente se construy\u00f3 un escenario estrat\u00e9gico, el cual representa las expectativas sectoriales del desarrollo, reflejadas en la Imagen Objetivo del Estado y las im\u00e1genes objetivo sectoriales.<\/p>\r\n\r\n\r\n\r\n<div style=\"height:100px\" aria-hidden=\"true\" class=\"wp-block-spacer\"><\/div>\r\n\r\n\r\n\r\n<!--\r\n<figure class=\"wp-block-table is-style-stripes\"><table><tbody><tr><td class=\"has-text-align-center\" data-align=\"center\"><a href=\"https:\/\/ordenamientoecologico.oaxaca.gob.mx\/wp-content\/uploads\/2023\/12\/pronostico_web.pdf\"><img loading=\"lazy\" decoding=\"async\" width=\"110\" height=\"137\" class=\"wp-image-295\" style=\"width: 110px;\" src=\"https:\/\/ordenamientoecologico.oaxaca.gob.mx\/wp-content\/uploads\/2023\/12\/pdf_logo__.png\" alt=\"\"><\/a><\/td><td>Etapa de Pron\u00f3stico. Programa de Ordenamiento Ecol\u00f3gico Regional del Territorio del Estado de Oaxaca<\/td><\/tr><tr><td class=\"has-text-align-center\" data-align=\"center\"><a href=\"https:\/\/ordenamientoecologico.oaxaca.gob.mx\/wp-content\/uploads\/2023\/12\/anexo_13.4.4_pronostico_web.pdf\"><img loading=\"lazy\" decoding=\"async\" width=\"110\" height=\"137\" class=\"wp-image-295\" style=\"width: 110px;\" src=\"https:\/\/ordenamientoecologico.oaxaca.gob.mx\/wp-content\/uploads\/2023\/12\/pdf_logo__.png\" alt=\"\"><\/a><\/td><td>Etapa de Pron\u00f3stico. Anexos del Programa de Ordenamiento Ecol\u00f3gico Regional del Territorio del Estado de Oaxaca<\/td><\/tr><\/tbody><\/table><\/figure>-->\r\n","protected":false},"excerpt":{"rendered":"<p>La etapa de pron\u00f3stico se refiere a la evaluaci\u00f3n del comportamiento futuro de una situaci\u00f3n bas\u00e1ndose en el an\u00e1lisis pasado, [&hellip;]<\/p>\n","protected":false},"author":1,"featured_media":0,"parent":0,"menu_order":0,"comment_status":"closed","ping_status":"closed","template":"","meta":{"footnotes":""},"class_list":["post-504","page","type-page","status-publish","hentry"],"_links":{"self":[{"href":"https:\/\/ordenamientoecologico.oaxaca.gob.mx\/index.php?rest_route=\/wp\/v2\/pages\/504","targetHints":{"allow":["GET"]}}],"collection":[{"href":"https:\/\/ordenamientoecologico.oaxaca.gob.mx\/index.php?rest_route=\/wp\/v2\/pages"}],"about":[{"href":"https:\/\/ordenamientoecologico.oaxaca.gob.mx\/index.php?rest_route=\/wp\/v2\/types\/page"}],"author":[{"embeddable":true,"href":"https:\/\/ordenamientoecologico.oaxaca.gob.mx\/index.php?rest_route=\/wp\/v2\/users\/1"}],"replies":[{"embeddable":true,"href":"https:\/\/ordenamientoecologico.oaxaca.gob.mx\/index.php?rest_route=%2Fwp%2Fv2%2Fcomments&post=504"}],"version-history":[{"count":3,"href":"https:\/\/ordenamientoecologico.oaxaca.gob.mx\/index.php?rest_route=\/wp\/v2\/pages\/504\/revisions"}],"predecessor-version":[{"id":674,"href":"https:\/\/ordenamientoecologico.oaxaca.gob.mx\/index.php?rest_route=\/wp\/v2\/pages\/504\/revisions\/674"}],"wp:attachment":[{"href":"https:\/\/ordenamientoecologico.oaxaca.gob.mx\/index.php?rest_route=%2Fwp%2Fv2%2Fmedia&parent=504"}],"curies":[{"name":"wp","href":"https:\/\/api.w.org\/{rel}","templated":true}]}}