{"id":517,"date":"2023-12-13T07:54:56","date_gmt":"2023-12-13T13:54:56","guid":{"rendered":"http:\/\/192.168.15.239\/?page_id=517"},"modified":"2023-12-13T07:54:56","modified_gmt":"2023-12-13T13:54:56","slug":"introduccion-6","status":"publish","type":"page","link":"https:\/\/ordenamientoecologico.oaxaca.gob.mx\/?page_id=517","title":{"rendered":"Introducci\u00f3n"},"content":{"rendered":"\n<p>Una vez concluida la fase de formulaci\u00f3n se da paso a la fase de Expedici\u00f3n, la cual considera 2 procesos:<\/p>\n\n\n\n<ul class=\"wp-block-list\">\n<li>Consulta P\u00fablica: los sectores que participaron en la formulaci\u00f3n deber\u00e1n conocer y validar o manifestar lo que a su derecho convenga, respecto de la propuesta final del programa que habr\u00e1 de decretarse para su posterior ejecuci\u00f3n.<\/li>\n\n\n\n<li>Decreto: decretar y publicar en los \u00f3rganos de difusi\u00f3n oficiales (Peri\u00f3dico Oficiales del Estado de Oaxaca), es a partir de este momento que el Programa de Ordenamiento empieza a tener vigencia legal.<\/li>\n<\/ul>\n","protected":false},"excerpt":{"rendered":"<p>Una vez concluida la fase de formulaci\u00f3n se da paso a la fase de Expedici\u00f3n, la cual considera 2 procesos:<\/p>\n","protected":false},"author":1,"featured_media":0,"parent":0,"menu_order":0,"comment_status":"closed","ping_status":"closed","template":"","meta":{"footnotes":""},"class_list":["post-517","page","type-page","status-publish","hentry"],"_links":{"self":[{"href":"https:\/\/ordenamientoecologico.oaxaca.gob.mx\/index.php?rest_route=\/wp\/v2\/pages\/517","targetHints":{"allow":["GET"]}}],"collection":[{"href":"https:\/\/ordenamientoecologico.oaxaca.gob.mx\/index.php?rest_route=\/wp\/v2\/pages"}],"about":[{"href":"https:\/\/ordenamientoecologico.oaxaca.gob.mx\/index.php?rest_route=\/wp\/v2\/types\/page"}],"author":[{"embeddable":true,"href":"https:\/\/ordenamientoecologico.oaxaca.gob.mx\/index.php?rest_route=\/wp\/v2\/users\/1"}],"replies":[{"embeddable":true,"href":"https:\/\/ordenamientoecologico.oaxaca.gob.mx\/index.php?rest_route=%2Fwp%2Fv2%2Fcomments&post=517"}],"version-history":[{"count":1,"href":"https:\/\/ordenamientoecologico.oaxaca.gob.mx\/index.php?rest_route=\/wp\/v2\/pages\/517\/revisions"}],"predecessor-version":[{"id":518,"href":"https:\/\/ordenamientoecologico.oaxaca.gob.mx\/index.php?rest_route=\/wp\/v2\/pages\/517\/revisions\/518"}],"wp:attachment":[{"href":"https:\/\/ordenamientoecologico.oaxaca.gob.mx\/index.php?rest_route=%2Fwp%2Fv2%2Fmedia&parent=517"}],"curies":[{"name":"wp","href":"https:\/\/api.w.org\/{rel}","templated":true}]}}