{"id":522,"date":"2023-12-13T08:06:44","date_gmt":"2023-12-13T14:06:44","guid":{"rendered":"http:\/\/192.168.15.239\/?page_id=522"},"modified":"2023-12-13T08:06:44","modified_gmt":"2023-12-13T14:06:44","slug":"consulta-publica-3","status":"publish","type":"page","link":"https:\/\/ordenamientoecologico.oaxaca.gob.mx\/?page_id=522","title":{"rendered":"Consulta P\u00fablica"},"content":{"rendered":"\n<p>La consulta p\u00fablica es un procedimiento legal sustentado en el art\u00edculo 20 de la Ley de Planeaci\u00f3n y en el art\u00edculo 47 del Reglamento de la LGEEPA en materia de Ordenamiento Ecol\u00f3gico, con una duraci\u00f3n de 60 d\u00edas naturales, proceso que debe realizarse previo al decreto del Programa de Ordenamiento en el Peri\u00f3dico Oficial de Estado.<\/p>\n\n\n\n<p>La finalidad de someter la Propuesta del Programa de Ordenamiento Ecol\u00f3gico Regional del Territorio del Estado de Oaxaca no es otra que dar a conocer a la sociedad en general el modelo de ordenamiento ecol\u00f3gico, sus lineamientos, estrategias y dem\u00e1s elementos que lo conforman, para que emitan opiniones acerca del uso propuesto del territorio, aportando informaci\u00f3n que consideren pertinente de acuerdo a su experiencia y\/o conocimiento del territorio.<\/p>\n","protected":false},"excerpt":{"rendered":"<p>La consulta p\u00fablica es un procedimiento legal sustentado en el art\u00edculo 20 de la Ley de Planeaci\u00f3n y en el [&hellip;]<\/p>\n","protected":false},"author":1,"featured_media":0,"parent":0,"menu_order":0,"comment_status":"closed","ping_status":"closed","template":"","meta":{"footnotes":""},"class_list":["post-522","page","type-page","status-publish","hentry"],"_links":{"self":[{"href":"https:\/\/ordenamientoecologico.oaxaca.gob.mx\/index.php?rest_route=\/wp\/v2\/pages\/522","targetHints":{"allow":["GET"]}}],"collection":[{"href":"https:\/\/ordenamientoecologico.oaxaca.gob.mx\/index.php?rest_route=\/wp\/v2\/pages"}],"about":[{"href":"https:\/\/ordenamientoecologico.oaxaca.gob.mx\/index.php?rest_route=\/wp\/v2\/types\/page"}],"author":[{"embeddable":true,"href":"https:\/\/ordenamientoecologico.oaxaca.gob.mx\/index.php?rest_route=\/wp\/v2\/users\/1"}],"replies":[{"embeddable":true,"href":"https:\/\/ordenamientoecologico.oaxaca.gob.mx\/index.php?rest_route=%2Fwp%2Fv2%2Fcomments&post=522"}],"version-history":[{"count":1,"href":"https:\/\/ordenamientoecologico.oaxaca.gob.mx\/index.php?rest_route=\/wp\/v2\/pages\/522\/revisions"}],"predecessor-version":[{"id":523,"href":"https:\/\/ordenamientoecologico.oaxaca.gob.mx\/index.php?rest_route=\/wp\/v2\/pages\/522\/revisions\/523"}],"wp:attachment":[{"href":"https:\/\/ordenamientoecologico.oaxaca.gob.mx\/index.php?rest_route=%2Fwp%2Fv2%2Fmedia&parent=522"}],"curies":[{"name":"wp","href":"https:\/\/api.w.org\/{rel}","templated":true}]}}