{"id":525,"date":"2023-12-13T08:11:44","date_gmt":"2023-12-13T14:11:44","guid":{"rendered":"http:\/\/192.168.15.239\/?page_id=525"},"modified":"2023-12-13T08:20:28","modified_gmt":"2023-12-13T14:20:28","slug":"convocatoria","status":"publish","type":"page","link":"https:\/\/ordenamientoecologico.oaxaca.gob.mx\/?page_id=525","title":{"rendered":"Convocatoria"},"content":{"rendered":"\n<p>El d\u00eda 8 de Noviembre del a\u00f1o 2014 el Instituto Estatal de Ecolog\u00eda y Desarrollo Sustentable&nbsp;emiti\u00f3 la convocatoria&nbsp; para participar en la Consulta P\u00fablica del Programa de Ordenamiento Ecol\u00f3gico Regional del Territorio del Estado de Oaxaca (POERTEO) en el Peri\u00f3dico Oficial del Estado, Tomo XCVI, No. 45, Quinta Secci\u00f3n, P\u00e1gina 2.<\/p>\n\n\n\n<p>La Propuesta referida, pudo\u00a0ser consultada en formato digital dentro de la p\u00e1gina electr\u00f3nica\u00a0<a href=\"http:\/\/www.ecologiaysustentabilidad.oaxaca.gob.mx\/\" target=\"_blank\" rel=\"noreferrer noopener\">http:\/\/www.ecologiaysustentabilidad.oaxaca.gob.mx\/<\/a>, y de manera impresa en Instituto Estatal de Ecolog\u00eda y Desarrollo Sustentable (IEEDS), con domicilio en nivel cuarto del edificio \u201cG\u201d Mar\u00eda Sabina del Centro Administrativo del Poder Ejecutivo y Judicial \u201cGeneral Porfirio D\u00edaz, Soldado de la Patria\u201d, ubicado en la Avenida Gerardo Pandal Graff n\u00famero 1, Agencia Municipal de Reyes Mantec\u00f3n, Municipio de San Bartolo Coyotepec, Oaxaca; en un horario de 9:00 a 16:00 hrs. de lunes a viernes.<\/p>\n\n\n\n<figure class=\"wp-block-table is-style-stripes\"><table><tbody><tr><td class=\"has-text-align-center\" data-align=\"center\"><a href=\"https:\/\/ordenamientoecologico.oaxaca.gob.mx\/wp-content\/uploads\/2023\/12\/anexo_5.1.1_web.pdf\"><img loading=\"lazy\" decoding=\"async\" width=\"110\" height=\"137\" class=\"wp-image-295\" style=\"width: 110px;\" src=\"https:\/\/ordenamientoecologico.oaxaca.gob.mx\/wp-content\/uploads\/2023\/12\/pdf_logo__.png\" alt=\"\"><\/a><\/td><td>Convocatoria<\/td><\/tr><\/tbody><\/table><\/figure>\n\n\n\n<p>La Propuesta del POERTEO&nbsp;qued\u00f3&nbsp;a disposici\u00f3n de cualquier interesado para su revisi\u00f3n y, en su caso, la presentaci\u00f3n por escrito de opiniones, sugerencias o planteamientos, mismos que debieron&nbsp;estar fundados y motivados, en un t\u00e9rmino de sesenta (60) d\u00edas naturales, contados a partir del d\u00eda siguiente al de la publicaci\u00f3n de la&nbsp;Convocatoria, para lo cual se dispuso&nbsp;de las siguiente opciones para recabar sus comentarios, por medio&nbsp;del formato \u00fanico disponible:<\/p>\n\n\n\n<ol class=\"wp-block-list\">\n<li>En l\u00ednea en la p\u00e1gina:<br><a href=\"http:\/\/www.ecologiaysustentabilidad.oaxaca.gob.mx\/\" target=\"_blank\" rel=\"noreferrer noopener\">http:\/\/www.ecologiaysustentabilidad.oaxaca.gob.mx\/<\/a><\/li>\n\n\n\n<li>En las oficinas antes citadas o descargando de la p\u00e1gina antes mencionada.<br>Enviarlo como archivo adjunto al correo electr\u00f3nico:&nbsp;<a href=\"mailto:ecolog%C3%ADa.recnat@gmail.com?subject=Observaciones%20al%20POERTEO\">ecolog\u00eda.recnat@gmail.com<\/a>&nbsp;con asunto: \u201cObservaciones al POERTEO\u201d.<\/li>\n\n\n\n<li>En las oficinas antes citadas o descargando de la p\u00e1gina antes mencionada,&nbsp;y entregarlo&nbsp;f\u00edsicamente con oficio dirigido a la Ing. Helena Iturribarr\u00eda Rojas, Directora del Instituto Estatal de Ecolog\u00eda y Desarrollo Sustentable.<\/li>\n<\/ol>\n\n\n\n<p>Como parte del proceso de Consulta P\u00fablica del POERTEO, se llevaron a cabo cinco Talleres Participativos en los siguientes d\u00edas y sedes:<\/p>\n\n\n\n<figure class=\"wp-block-table\"><table><tbody><tr><td class=\"has-text-align-center\" data-align=\"center\"><strong>Fecha<\/strong><\/td><td><strong>Hora<\/strong><\/td><td><strong>Sede<\/strong><\/td><\/tr><tr><td class=\"has-text-align-center\" data-align=\"center\">12\/Nov\/2014<\/td><td>9:30\u201314:00 hrs.<\/td><td>Sto. Domingo Tehuantepec<\/td><\/tr><tr><td class=\"has-text-align-center\" data-align=\"center\">14\/Nov\/2014<\/td><td>9:30\u201314:00 hrs.<\/td><td>Puerto Escondido<\/td><\/tr><tr><td class=\"has-text-align-center\" data-align=\"center\">18\/Nov\/2014<\/td><td>9:30\u201314:00 hrs.<\/td><td>Sn. Juan Bautista Cuicatl\u00e1n<\/td><\/tr><tr><td class=\"has-text-align-center\" data-align=\"center\">21\/Nov\/2014<\/td><td>9:30\u201314:00 hrs.<\/td><td>Sn. Juan Bautista Tuxtepec<\/td><\/tr><tr><td class=\"has-text-align-center\" data-align=\"center\">25\/Nov\/2014<\/td><td>9:30\u201314:00 hrs.<\/td><td>Oaxaca de Ju\u00e1rez<\/td><\/tr><\/tbody><\/table><\/figure>\n\n\n\n<p class=\"has-text-align-center\">Fechas y sedes de talleres de participaci\u00f3n p\u00fablica<\/p>\n","protected":false},"excerpt":{"rendered":"<p>El d\u00eda 8 de Noviembre del a\u00f1o 2014 el Instituto Estatal de Ecolog\u00eda y Desarrollo Sustentable&nbsp;emiti\u00f3 la convocatoria&nbsp; para participar [&hellip;]<\/p>\n","protected":false},"author":1,"featured_media":0,"parent":0,"menu_order":0,"comment_status":"closed","ping_status":"closed","template":"","meta":{"footnotes":""},"class_list":["post-525","page","type-page","status-publish","hentry"],"_links":{"self":[{"href":"https:\/\/ordenamientoecologico.oaxaca.gob.mx\/index.php?rest_route=\/wp\/v2\/pages\/525","targetHints":{"allow":["GET"]}}],"collection":[{"href":"https:\/\/ordenamientoecologico.oaxaca.gob.mx\/index.php?rest_route=\/wp\/v2\/pages"}],"about":[{"href":"https:\/\/ordenamientoecologico.oaxaca.gob.mx\/index.php?rest_route=\/wp\/v2\/types\/page"}],"author":[{"embeddable":true,"href":"https:\/\/ordenamientoecologico.oaxaca.gob.mx\/index.php?rest_route=\/wp\/v2\/users\/1"}],"replies":[{"embeddable":true,"href":"https:\/\/ordenamientoecologico.oaxaca.gob.mx\/index.php?rest_route=%2Fwp%2Fv2%2Fcomments&post=525"}],"version-history":[{"count":3,"href":"https:\/\/ordenamientoecologico.oaxaca.gob.mx\/index.php?rest_route=\/wp\/v2\/pages\/525\/revisions"}],"predecessor-version":[{"id":528,"href":"https:\/\/ordenamientoecologico.oaxaca.gob.mx\/index.php?rest_route=\/wp\/v2\/pages\/525\/revisions\/528"}],"wp:attachment":[{"href":"https:\/\/ordenamientoecologico.oaxaca.gob.mx\/index.php?rest_route=%2Fwp%2Fv2%2Fmedia&parent=525"}],"curies":[{"name":"wp","href":"https:\/\/api.w.org\/{rel}","templated":true}]}}