{"id":530,"date":"2023-12-13T08:30:10","date_gmt":"2023-12-13T14:30:10","guid":{"rendered":"http:\/\/192.168.15.239\/?page_id=530"},"modified":"2025-03-12T18:16:32","modified_gmt":"2025-03-13T00:16:32","slug":"reporte","status":"publish","type":"page","link":"https:\/\/ordenamientoecologico.oaxaca.gob.mx\/?page_id=530","title":{"rendered":"Reporte"},"content":{"rendered":"\r\n<h2 class=\"wp-block-heading\">Reporte de Consulta P\u00fablica<\/h2>\r\n\r\n\r\n\r\n<p>El Programa de Ordenamiento Ecol\u00f3gico Regional del Territorio del Estado de&nbsp;Oaxaca (POERTEO) inici\u00f3 su fase de Formulaci\u00f3n en septiembre del a\u00f1o 2011. Desde entonces, se ha trabajado en la elaboraci\u00f3n de los estudios t\u00e9cnicos de la Fase &nbsp;de &nbsp;Formulaci\u00f3n, &nbsp;como &nbsp;son: &nbsp;Caracterizaci\u00f3n, &nbsp;Diagn\u00f3stico, &nbsp;Pron\u00f3stico &nbsp;y Propuesta.<\/p>\r\n\r\n\r\n\r\n<p>Fue hasta el primer bimestre del 2014 que se concluy\u00f3 la Fase de Formulaci\u00f3n, cuyo producto fue el documento de Propuesta del programa, por lo que previo a la expedici\u00f3n en el Peri\u00f3dico Oficial del Estado, es necesario someter los estudios realizados a la opini\u00f3n, conocimiento y cr\u00edtica de la sociedad en general, a fin de enriquecer el documento que integra el Modelo de Ordenamiento y las Estrategias Ecol\u00f3gicas, que en sumatoria, forman la Propuesta del POERTEO.<\/p>\r\n\r\n\r\n\r\n<p>La siguiente fase que marca el proceso de todo Ordenamiento Ecol\u00f3gico es la Expedici\u00f3n, en la cual, como primer elemento, se encuentra la Consulta P\u00fablica.<\/p>\r\n\r\n\r\n\r\n<p>La consulta p\u00fablica es un procedimiento legal sustentado en el art\u00edculo 20 de la Ley de Planeaci\u00f3n y en el art\u00edculo 47 del Reglamento de la LGEEPA en materia de Ordenamiento Ecol\u00f3gico, con una duraci\u00f3n de 60 d\u00edas naturales, proceso que debe realizarse previo al decreto del Programa de Ordenamiento en el Peri\u00f3dico Oficial de Estado.<\/p>\r\n\r\n\r\n\r\n<p>Derivado de esta estipulaci\u00f3n legal, el Instituto Estatal de Ecolog\u00eda y Desarrollo Sustentable (IEEDS) en coordinaci\u00f3n&nbsp; con la Secretar\u00eda de Medio Ambiente&nbsp; y Recursos Naturales (SEMARNAT), convocaron al Proceso de Consulta P\u00fablica del POERTEO,&nbsp; &nbsp;donde&nbsp; &nbsp;los&nbsp; &nbsp;mecanismos&nbsp; &nbsp;para&nbsp; &nbsp;obtener&nbsp; &nbsp;comentarios&nbsp; &nbsp;acerca&nbsp; &nbsp;del documento de Propuesta fue por medio de la realizaci\u00f3n de talleres participativos y &nbsp;a trav\u00e9s de una encuesta en l\u00ednea, ubicada en la p\u00e1gina web del IEEDS, as\u00ed como encuestas f\u00edsicas disponibles en diversas dependencias.<\/p>\r\n\r\n\r\n\r\n<p>Inicialmente se contemplaron 5 talleres, uno a realizarse en la ciudad de Oaxaca y el resto al interior del estado, a fin de captar las opiniones de los representantes sectoriales y sociedad en general de cada una de sus regiones. No obstante, a petici\u00f3n de algunas instituciones, se realizaron otros dos talleres, con lo que se tuvo un total de 7 talleres de consulta p\u00fablica.<\/p>\r\n\r\n\r\n\r\n<!--\r\n<figure class=\"wp-block-table is-style-stripes\"><table><tbody><tr><td class=\"has-text-align-center\" data-align=\"center\"><a href=\"https:\/\/ordenamientoecologico.oaxaca.gob.mx\/wp-content\/uploads\/2023\/12\/Reporte_Talleres_Consulta_Publica_web.pdf\"><img loading=\"lazy\" decoding=\"async\" width=\"110\" height=\"137\" class=\"wp-image-295\" style=\"width: 110px;\" src=\"https:\/\/ordenamientoecologico.oaxaca.gob.mx\/wp-content\/uploads\/2023\/12\/pdf_logo__.png\" alt=\"\"><\/a><\/td><td>Reporte Final de Talleres de Consulta P\u00fablica del Programa de Ordenamiento Ecol\u00f3gico Regional del Territorio del Estado de Oaxaca<\/td><\/tr><\/tbody><\/table><\/figure>-->\r\n","protected":false},"excerpt":{"rendered":"<p>Reporte de Consulta P\u00fablica El Programa de Ordenamiento Ecol\u00f3gico Regional del Territorio del Estado de&nbsp;Oaxaca (POERTEO) inici\u00f3 su fase de [&hellip;]<\/p>\n","protected":false},"author":1,"featured_media":0,"parent":0,"menu_order":0,"comment_status":"closed","ping_status":"closed","template":"","meta":{"footnotes":""},"class_list":["post-530","page","type-page","status-publish","hentry"],"_links":{"self":[{"href":"https:\/\/ordenamientoecologico.oaxaca.gob.mx\/index.php?rest_route=\/wp\/v2\/pages\/530","targetHints":{"allow":["GET"]}}],"collection":[{"href":"https:\/\/ordenamientoecologico.oaxaca.gob.mx\/index.php?rest_route=\/wp\/v2\/pages"}],"about":[{"href":"https:\/\/ordenamientoecologico.oaxaca.gob.mx\/index.php?rest_route=\/wp\/v2\/types\/page"}],"author":[{"embeddable":true,"href":"https:\/\/ordenamientoecologico.oaxaca.gob.mx\/index.php?rest_route=\/wp\/v2\/users\/1"}],"replies":[{"embeddable":true,"href":"https:\/\/ordenamientoecologico.oaxaca.gob.mx\/index.php?rest_route=%2Fwp%2Fv2%2Fcomments&post=530"}],"version-history":[{"count":6,"href":"https:\/\/ordenamientoecologico.oaxaca.gob.mx\/index.php?rest_route=\/wp\/v2\/pages\/530\/revisions"}],"predecessor-version":[{"id":670,"href":"https:\/\/ordenamientoecologico.oaxaca.gob.mx\/index.php?rest_route=\/wp\/v2\/pages\/530\/revisions\/670"}],"wp:attachment":[{"href":"https:\/\/ordenamientoecologico.oaxaca.gob.mx\/index.php?rest_route=%2Fwp%2Fv2%2Fmedia&parent=530"}],"curies":[{"name":"wp","href":"https:\/\/api.w.org\/{rel}","templated":true}]}}